{"id":86439,"date":"2020-10-14T16:00:20","date_gmt":"2020-10-14T16:00:20","guid":{"rendered":"https:\/\/www.trec.it\/tre-c-pannelli-controsoffitti-metallici-su-misura-isolati-poliuretano-lana-minerale-guarnizioni-tixotropiche\/"},"modified":"2023-09-15T17:35:19","modified_gmt":"2023-09-15T15:35:19","slug":"tre-c-pannelli-controsoffitti-metallici-su-misura-isolati-poliuretano-lana-minerale-guarnizioni-tixotropiche","status":"publish","type":"page","link":"https:\/\/trec.it\/fr\/","title":{"rendered":"Home"},"content":{"rendered":"<div class=\"wpb-content-wrapper\"><p>[vc_row row_height_percent=\u00a0\u00bb0&Prime; override_padding=\u00a0\u00bbyes\u00a0\u00bb h_padding=\u00a0\u00bb2&Prime; top_padding=\u00a0\u00bb3&Prime; bottom_padding=\u00a0\u00bb3&Prime; back_color=\u00a0\u00bbcolor-187775&Prime; overlay_alpha=\u00a0\u00bb0&Prime; gutter_size=\u00a0\u00bb3&Prime; column_width_percent=\u00a0\u00bb100&Prime; shift_y=\u00a0\u00bb0&Prime; z_index=\u00a0\u00bb0&Prime;][vc_column column_width_percent=\u00a0\u00bb100&Prime; position_vertical=\u00a0\u00bbmiddle\u00a0\u00bb gutter_size=\u00a0\u00bb4&Prime; style=\u00a0\u00bbdark\u00a0\u00bb overlay_alpha=\u00a0\u00bb50&Prime; shift_x=\u00a0\u00bb0&Prime; shift_y=\u00a0\u00bb0&Prime; shift_y_down=\u00a0\u00bb0&Prime; z_index=\u00a0\u00bb0&Prime; medium_width=\u00a0\u00bb0&Prime; mobile_width=\u00a0\u00bb0&Prime; width=\u00a0\u00bb1\/1&Prime;][vc_row_inner row_inner_height_percent=\u00a0\u00bb0&Prime; overlay_alpha=\u00a0\u00bb50&Prime; equal_height=\u00a0\u00bbyes\u00a0\u00bb gutter_size=\u00a0\u00bb3&Prime; shift_y=\u00a0\u00bb0&Prime; z_index=\u00a0\u00bb0&Prime; limit_content=\u00a0\u00bb\u00a0\u00bb][vc_column_inner column_width_percent=\u00a0\u00bb100&Prime; gutter_size=\u00a0\u00bb2&Prime; style=\u00a0\u00bbdark\u00a0\u00bb overlay_alpha=\u00a0\u00bb50&Prime; shift_x=\u00a0\u00bb0&Prime; shift_y=\u00a0\u00bb0&Prime; shift_y_down=\u00a0\u00bb0&Prime; z_index=\u00a0\u00bb0&Prime; medium_width=\u00a0\u00bb0&Prime; mobile_width=\u00a0\u00bb7&Prime; width=\u00a0\u00bb1\/4&Prime; link_to=\u00a0\u00bburl:https%3A%2F%2Fwww.trec.it%2Ffr%2Fsystemes-faux-plafonds-metalliques%2F|title:Syst%C3%A8mes%20de%20plafonds%20suspendus\u00a0\u00bb uncode_shortcode_id=\u00a0\u00bb394926&Prime;][vc_icon icon=\u00a0\u00bbfa fa-grid2&Prime; size=\u00a0\u00bbfa-2x\u00a0\u00bb text_size=\u00a0\u00bbh4&Prime; text_weight=\u00a0\u00bb600&Prime; title=\u00a0\u00bbSyst\u00e8mes de plafonds suspendus\u00a0\u00bb link=\u00a0\u00bburl:https%3A%2F%2Fwww.trec.it%2Ffr%2Fsystemes-faux-plafonds-metalliques%2F|title:Syst%C3%A8mes%20de%20plafonds%20suspendus\u00a0\u00bb uncode_shortcode_id=\u00a0\u00bb121674&Prime;]R\u00e9alis\u00e9s sur mesure, ils sont adapt\u00e9s \u00e0 des applications sp\u00e9cifiques dans le secteur naval ou hospitalier.<\/p>\n<p>[\/vc_icon][\/vc_column_inner][vc_column_inner column_width_percent=\u00a0\u00bb100&Prime; gutter_size=\u00a0\u00bb2&Prime; style=\u00a0\u00bbdark\u00a0\u00bb overlay_alpha=\u00a0\u00bb10&Prime; shift_x=\u00a0\u00bb0&Prime; shift_y=\u00a0\u00bb0&Prime; shift_y_down=\u00a0\u00bb0&Prime; z_index=\u00a0\u00bb0&Prime; medium_width=\u00a0\u00bb0&Prime; mobile_width=\u00a0\u00bb7&Prime; width=\u00a0\u00bb1\/4&Prime; link_to=\u00a0\u00bburl:https%3A%2F%2Fwww.trec.it%2Ffr%2Fcabines-insonorisation%2F|title:Cabines%20d%E2%80%99insonorisation\u00a0\u00bb uncode_shortcode_id=\u00a0\u00bb112861&Prime;][vc_icon icon=\u00a0\u00bbfa fa-focus\u00a0\u00bb size=\u00a0\u00bbfa-2x\u00a0\u00bb text_size=\u00a0\u00bbh4&Prime; text_weight=\u00a0\u00bb600&Prime; title=\u00a0\u00bbCabines d&rsquo;insonorisation\u00a0\u00bb link=\u00a0\u00bburl:https%3A%2F%2Fwww.trec.it%2Ffr%2Fcabines-insonorisation%2F|title:Cabines%20d%E2%80%99insonorisation\u00a0\u00bb uncode_shortcode_id=\u00a0\u00bb550051&Prime;]Les cabines d&rsquo;insonorisation permettent d&rsquo;att\u00e9nuer les \u00e9missions sonores des \u00e9quipements particuli\u00e8rement bruyants.<\/p>\n<p>[\/vc_icon][\/vc_column_inner][vc_column_inner column_width_percent=\u00a0\u00bb100&Prime; gutter_size=\u00a0\u00bb2&Prime; style=\u00a0\u00bbdark\u00a0\u00bb overlay_alpha=\u00a0\u00bb50&Prime; shift_x=\u00a0\u00bb0&Prime; shift_y=\u00a0\u00bb0&Prime; shift_y_down=\u00a0\u00bb0&Prime; z_index=\u00a0\u00bb0&Prime; medium_width=\u00a0\u00bb0&Prime; mobile_width=\u00a0\u00bb7&Prime; width=\u00a0\u00bb1\/4&Prime; link_to=\u00a0\u00bburl:https%3A%2F%2Fwww.trec.it%2Ffr%2Fpanneaux-sandwich-tole%2F|title:Panneaux%20isolants\u00a0\u00bb uncode_shortcode_id=\u00a0\u00bb896134&Prime;][vc_icon icon=\u00a0\u00bbfa fa-layers2&Prime; size=\u00a0\u00bbfa-2x\u00a0\u00bb text_size=\u00a0\u00bbh4&Prime; text_weight=\u00a0\u00bb600&Prime; title=\u00a0\u00bbPanneaux isolants\u00a0\u00bb link=\u00a0\u00bburl:https%3A%2F%2Fwww.trec.it%2Ffr%2Fpanneaux-sandwich-tole%2F|title:Panneaux%20isolants\u00a0\u00bb uncode_shortcode_id=\u00a0\u00bb280026&Prime;]Nous sommes sp\u00e9cialis\u00e9s dans la production de panneaux en t\u00f4le, fabriqu\u00e9s avec des syst\u00e8mes flexibles et \u00e0 la pointe de la technologie.<\/p>\n<p>[\/vc_icon][\/vc_column_inner][vc_column_inner column_width_percent=\u00a0\u00bb100&Prime; gutter_size=\u00a0\u00bb2&Prime; style=\u00a0\u00bbdark\u00a0\u00bb overlay_alpha=\u00a0\u00bb50&Prime; shift_x=\u00a0\u00bb0&Prime; shift_y=\u00a0\u00bb0&Prime; shift_y_down=\u00a0\u00bb0&Prime; z_index=\u00a0\u00bb0&Prime; medium_width=\u00a0\u00bb0&Prime; mobile_width=\u00a0\u00bb7&Prime; width=\u00a0\u00bb1\/4&Prime; link_to=\u00a0\u00bburl:https%3A%2F%2Fwww.trec.it%2Ffr%2Fcoulee-joints-polyurethane-thixotrope%2F|title:Traitements\u00a0\u00bb uncode_shortcode_id=\u00a0\u00bb145477&Prime;][vc_icon icon=\u00a0\u00bbfa fa-pencil2&Prime; size=\u00a0\u00bbfa-2x\u00a0\u00bb text_size=\u00a0\u00bbh4&Prime; text_weight=\u00a0\u00bb600&Prime; title=\u00a0\u00bbPrestations de service\u00a0\u00bb link=\u00a0\u00bburl:https%3A%2F%2Fwww.trec.it%2Ffr%2Fcoulee-joints-polyurethane-thixotrope%2F|title:Traitements\u00a0\u00bb uncode_shortcode_id=\u00a0\u00bb113378&Prime;]Mousse de polyur\u00e9thane, fabrication de joints thixotropes et r\u00e9alisation de prototypes.<\/p>\n<p>[\/vc_icon][\/vc_column_inner][\/vc_row_inner][\/vc_column][\/vc_row][vc_row][vc_column width=\u00a0\u00bb1\/1&Prime;][vc_gallery el_id=\u00a0\u00bbgallery-73689423&Prime; type=\u00a0\u00bbcarousel\u00a0\u00bb medias=\u00a0\u00bb84959,85209,84961,84615,85219,84954,85001,85170,84144,84244,84344,83915,84260,84466,84428,85207,84514,84572,84565,85034,85124,84148&Prime; carousel_lg=\u00a0\u00bb3&Prime; carousel_md=\u00a0\u00bb2&Prime; carousel_sm=\u00a0\u00bb1&Prime; thumb_size=\u00a0\u00bbthree-two\u00a0\u00bb gutter_size=\u00a0\u00bb2&Prime; media_items=\u00a0\u00bbmedia|lightbox|original,icon|md\u00a0\u00bb carousel_interval=\u00a0\u00bb5000&Prime; carousel_navspeed=\u00a0\u00bb400&Prime; carousel_loop=\u00a0\u00bbyes\u00a0\u00bb carousel_overflow=\u00a0\u00bbyes\u00a0\u00bb stage_padding=\u00a0\u00bb30&Prime; single_overlay_color=\u00a0\u00bbcolor-wayh\u00a0\u00bb single_overlay_opacity=\u00a0\u00bb50&Prime; single_image_anim=\u00a0\u00bbno\u00a0\u00bb single_h_align=\u00a0\u00bbcenter\u00a0\u00bb single_padding=\u00a0\u00bb2&Prime; single_icon=\u00a0\u00bbfa fa-plus2&Prime; single_border=\u00a0\u00bbyes\u00a0\u00bb single_css_animation=\u00a0\u00bbalpha-anim\u00a0\u00bb single_animation_delay=\u00a0\u00bb200&Prime; lbox_no_tmb=\u00a0\u00bbyes\u00a0\u00bb carousel_rtl=\u00a0\u00bb\u00a0\u00bb single_title_uppercase=\u00a0\u00bb\u00a0\u00bb single_half_padding=\u00a0\u00bb\u00a0\u00bb single_title_serif=\u00a0\u00bb\u00a0\u00bb single_no_background=\u00a0\u00bb\u00a0\u00bb][\/vc_column][\/vc_row][vc_row row_height_percent=\u00a0\u00bb0&Prime; override_padding=\u00a0\u00bbyes\u00a0\u00bb h_padding=\u00a0\u00bb2&Prime; top_padding=\u00a0\u00bb5&Prime; bottom_padding=\u00a0\u00bb3&Prime; overlay_alpha=\u00a0\u00bb50&Prime; equal_height=\u00a0\u00bbyes\u00a0\u00bb gutter_size=\u00a0\u00bb4&Prime; column_width_percent=\u00a0\u00bb100&Prime; shift_y=\u00a0\u00bb0&Prime; z_index=\u00a0\u00bb0&Prime; el_class=\u00a0\u00bbinverted-device-order\u00a0\u00bb][vc_column column_width_percent=\u00a0\u00bb100&Prime; position_vertical=\u00a0\u00bbmiddle\u00a0\u00bb gutter_size=\u00a0\u00bb3&Prime; overlay_alpha=\u00a0\u00bb50&Prime; shift_x=\u00a0\u00bb0&Prime; shift_y=\u00a0\u00bb0&Prime; shift_y_down=\u00a0\u00bb0&Prime; z_index=\u00a0\u00bb0&Prime; medium_width=\u00a0\u00bb0&Prime; mobile_width=\u00a0\u00bb0&Prime; width=\u00a0\u00bb1\/2&Prime;][vc_custom_heading text_size=\u00a0\u00bb\u00a0\u00bb]TRE C est une entreprise sp\u00e9cialis\u00e9e dans la production de panneaux isolants et de composants en t\u00f4le.[\/vc_custom_heading][vc_column_text]Nous sommes sp\u00e9cialis\u00e9s dans la production de panneaux en t\u00f4le <strong>sur mesure<\/strong>, fabriqu\u00e9s avec des syst\u00e8mes flexibles et \u00e0 la pointe de la technologie.<br \/>\nLes panneaux peuvent \u00eatre isol\u00e9s avec du <strong>polyur\u00e9thane, de la laine min\u00e9rale, de la mousse en feuille<\/strong> et bien plus encore.<\/p>\n<p>Les panneaux sont produits sur une<strong> ligne automatique<\/strong> qui permet la coupe et le pliage continus des panneaux sans manipulation interm\u00e9diaire et sans avoir besoin d&rsquo;op\u00e9rations manuelles.<br \/>\nLe haut niveau d&rsquo;automatisation permet d&rsquo;obtenir des panneaux sur mesure (largeur, longueur et \u00e9paisseur du panneau) avec une <strong>faible incidence des r\u00e9glages<\/strong> (temps et donc co\u00fbts) pour le changement de produit et une <strong>grande pr\u00e9cision<\/strong> (tol\u00e9rances dimensionnelles limit\u00e9es). <strong>L&rsquo;esth\u00e9tique du produit<\/strong> est \u00e9galement nettement sup\u00e9rieure aux solutions de d\u00e9coupe et de pliage discontinus puisque les produits semi-finis n&rsquo;ont pas besoin d&rsquo;\u00eatre stock\u00e9s puis successivement d\u00e9plac\u00e9s entre les \u00e9tapes de transformation.<br \/>\nGr\u00e2ce \u00e0 notre ligne, il est possible de produire des panneaux <strong>tr\u00e8s petits (250 mm de longueur)<\/strong> ou <strong>tr\u00e8s grand<\/strong>, jusqu&rsquo;\u00e0 plus de <strong>3 m\u00e8tres<\/strong>. Le r\u00e9sultat qualitatif est excellent quelle que soit la taille de la pi\u00e8ce.[\/vc_column_text][vc_button border_width=\u00a0\u00bb0&Prime; link=\u00a0\u00bburl:https%3A%2F%2Fwww.trec.it%2Fazienda%2F|title:Azienda\u00a0\u00bb]En savoir plus[\/vc_button][\/vc_column][vc_column width=\u00a0\u00bb1\/2&Prime;][vc_single_image media=\u00a0\u00bb84534&Prime; media_width_percent=\u00a0\u00bb100&Prime;][\/vc_column][\/vc_row][vc_row row_height_percent=\u00a0\u00bb0&Prime; override_padding=\u00a0\u00bbyes\u00a0\u00bb h_padding=\u00a0\u00bb2&Prime; top_padding=\u00a0\u00bb3&Prime; bottom_padding=\u00a0\u00bb5&Prime; back_color=\u00a0\u00bbcolor-lxmt\u00a0\u00bb overlay_alpha=\u00a0\u00bb50&Prime; gutter_size=\u00a0\u00bb3&Prime; column_width_percent=\u00a0\u00bb100&Prime; shift_y=\u00a0\u00bb0&Prime; z_index=\u00a0\u00bb0&Prime; enable_top_divider=\u00a0\u00bbdefault\u00a0\u00bb top_divider=\u00a0\u00bbstep\u00a0\u00bb shape_top_h_use_pixel=\u00a0\u00bb\u00a0\u00bb shape_top_height=\u00a0\u00bb216&Prime; shape_top_color=\u00a0\u00bbcolor-xsdn\u00a0\u00bb shape_top_opacity=\u00a0\u00bb100&Prime; shape_top_index=\u00a0\u00bb0&Prime;][vc_column width=\u00a0\u00bb1\/1&Prime;][vc_row_inner row_inner_height_percent=\u00a0\u00bb0&Prime; overlay_alpha=\u00a0\u00bb50&Prime; equal_height=\u00a0\u00bbyes\u00a0\u00bb gutter_size=\u00a0\u00bb0&Prime; shift_y=\u00a0\u00bb0&Prime; z_index=\u00a0\u00bb0&Prime; el_class=\u00a0\u00bbtrec-form\u00a0\u00bb limit_content=\u00a0\u00bb\u00a0\u00bb][vc_column_inner column_width_percent=\u00a0\u00bb100&Prime; gutter_size=\u00a0\u00bb3&Prime; override_padding=\u00a0\u00bbyes\u00a0\u00bb column_padding=\u00a0\u00bb3&Prime; style=\u00a0\u00bbdark\u00a0\u00bb back_image=\u00a0\u00bb83844&Prime; overlay_color=\u00a0\u00bbcolor-187775&Prime; overlay_alpha=\u00a0\u00bb85&Prime; shift_x=\u00a0\u00bb0&Prime; shift_y=\u00a0\u00bb0&Prime; shift_y_down=\u00a0\u00bb0&Prime; z_index=\u00a0\u00bb0&Prime; medium_width=\u00a0\u00bb0&Prime; mobile_width=\u00a0\u00bb0&Prime; width=\u00a0\u00bb1\/3&Prime;][vc_column_text css=\u00a0\u00bb.vc_custom_1640769941595{margin-top: 0px !important;}\u00a0\u00bb]<\/p>\n<h3>TRE C<\/h3>\n<p>Corso XXV Aprile, 58<br \/>\n22036 Erba (Co)<br \/>\nItaly<\/p>\n<p><strong>Tel.<\/strong> +39 031 641717<br \/>\n<strong>Email<\/strong> vendite@trec.it<br \/>\n<strong>PEC<\/strong> amministrazione@pec.trecsas.it<\/p>\n<p><strong>P. IVA<\/strong> IT00707440137[\/vc_column_text][\/vc_column_inner][vc_column_inner column_width_percent=\u00a0\u00bb100&Prime; gutter_size=\u00a0\u00bb3&Prime; override_padding=\u00a0\u00bbyes\u00a0\u00bb column_padding=\u00a0\u00bb3&Prime; back_color=\u00a0\u00bbcolor-xsdn\u00a0\u00bb overlay_alpha=\u00a0\u00bb50&Prime; shift_x=\u00a0\u00bb0&Prime; shift_y=\u00a0\u00bb0&Prime; shift_y_down=\u00a0\u00bb0&Prime; z_index=\u00a0\u00bb0&Prime; medium_width=\u00a0\u00bb0&Prime; mobile_width=\u00a0\u00bb0&Prime; width=\u00a0\u00bb2\/3&Prime;][vc_column_text]Remplissez le formulaire pour recevoir plus d&rsquo;informations sur les produits qui vous int\u00e9ressent ou prenez rendez-vous pour en savoir plus sur nos solutions techniques.<br \/>\nNous vous r\u00e9pondrons dans les plus brefs d\u00e9lais.[\/vc_column_text]\n<div class=\"wpcf7 no-js\" id=\"wpcf7-f86615-o1\" lang=\"fr-FR\" dir=\"ltr\" data-wpcf7-id=\"86615\">\n<div class=\"screen-reader-response\"><p role=\"status\" aria-live=\"polite\" aria-atomic=\"true\"><\/p> <ul><\/ul><\/div>\n<form action=\"\/fr\/wp-json\/wp\/v2\/pages\/86439#wpcf7-f86615-o1\" method=\"post\" class=\"wpcf7-form init\" aria-label=\"Formulaire de contact\" novalidate=\"novalidate\" data-status=\"init\">\n<fieldset class=\"hidden-fields-container\"><input type=\"hidden\" name=\"_wpcf7\" value=\"86615\" \/><input type=\"hidden\" name=\"_wpcf7_version\" value=\"6.1.5\" \/><input type=\"hidden\" name=\"_wpcf7_locale\" value=\"fr_FR\" \/><input type=\"hidden\" name=\"_wpcf7_unit_tag\" value=\"wpcf7-f86615-o1\" \/><input type=\"hidden\" name=\"_wpcf7_container_post\" value=\"0\" \/><input type=\"hidden\" name=\"_wpcf7_posted_data_hash\" value=\"\" \/>\n<\/fieldset>\n<div class=\"wpcf7-inline-wrapper\">\n\t<p class=\"wpcf7-inline-field\"><span class=\"wpcf7-form-control-wrap\" data-name=\"nome\"><input size=\"40\" maxlength=\"400\" class=\"wpcf7-form-control wpcf7-text wpcf7-validates-as-required\" aria-required=\"true\" aria-invalid=\"false\" placeholder=\"Pr\u00e9nom\" value=\"\" type=\"text\" name=\"nome\" \/><\/span>\n\t<\/p>\n\t<p class=\"wpcf7-inline-field\"><span class=\"wpcf7-form-control-wrap\" data-name=\"cognome\"><input size=\"40\" maxlength=\"400\" class=\"wpcf7-form-control wpcf7-text wpcf7-validates-as-required\" aria-required=\"true\" aria-invalid=\"false\" placeholder=\"Nom\" value=\"\" type=\"text\" name=\"cognome\" \/><\/span>\n\t<\/p>\n<\/div>\n<div class=\"wpcf7-inline-wrapper\">\n\t<p class=\"wpcf7-inline-field\"><span class=\"wpcf7-form-control-wrap\" data-name=\"telefono\"><input size=\"40\" maxlength=\"400\" class=\"wpcf7-form-control wpcf7-text wpcf7-validates-as-required\" aria-required=\"true\" aria-invalid=\"false\" placeholder=\"T\u00e9l\u00e9phoner\" value=\"\" type=\"text\" name=\"telefono\" \/><\/span>\n\t<\/p>\n\t<p class=\"wpcf7-inline-field\"><span class=\"wpcf7-form-control-wrap\" data-name=\"email\"><input size=\"40\" maxlength=\"400\" class=\"wpcf7-form-control wpcf7-email wpcf7-validates-as-required wpcf7-text wpcf7-validates-as-email\" aria-required=\"true\" aria-invalid=\"false\" placeholder=\"Email\" value=\"\" type=\"email\" name=\"email\" \/><\/span>\n\t<\/p>\n<\/div>\n<div class=\"wpcf7-inline-wrapper\">\n\t<p class=\"wpcf7-inline-field\"><span class=\"wpcf7-form-control-wrap\" data-name=\"azienda\"><input size=\"40\" maxlength=\"400\" class=\"wpcf7-form-control wpcf7-text wpcf7-validates-as-required\" aria-required=\"true\" aria-invalid=\"false\" placeholder=\"Agence\" value=\"\" type=\"text\" name=\"azienda\" \/><\/span>\n\t<\/p>\n\t<p class=\"wpcf7-inline-field\"><span class=\"wpcf7-form-control-wrap\" data-name=\"sito-internet\"><input size=\"40\" maxlength=\"400\" class=\"wpcf7-form-control wpcf7-text\" aria-invalid=\"false\" placeholder=\"Adresse du site Web\" value=\"\" type=\"text\" name=\"sito-internet\" \/><\/span>\n\t<\/p>\n<\/div>\n<p><span class=\"wpcf7-form-control-wrap\" data-name=\"your-message\"><textarea cols=\"40\" rows=\"4\" maxlength=\"2000\" class=\"wpcf7-form-control wpcf7-textarea\" aria-invalid=\"false\" placeholder=\"Message\" name=\"your-message\"><\/textarea><\/span>\n<\/p>\n<p><span class=\"wpcf7-form-control-wrap\" data-name=\"accept-this-1\"><span class=\"wpcf7-form-control wpcf7-acceptance\"><span class=\"wpcf7-list-item\"><label><input type=\"checkbox\" name=\"accept-this-1\" value=\"1\" aria-invalid=\"false\" \/><span class=\"wpcf7-list-item-label\">En utilisant ce formulaire, vous acceptez le stockage et la gestion de vos donn\u00e9es \u00e0 partir de ce site.<\/span><\/label><\/span><\/span><\/span>\n<\/p>\n<p><input class=\"wpcf7-form-control wpcf7-submit has-spinner btn btn-accent btn-block\" type=\"submit\" value=\"Soumettre\" \/>\n<\/p><div class=\"wpcf7-response-output\" aria-hidden=\"true\"><\/div>\n<\/form>\n<\/div>\n[\/vc_column_inner][\/vc_row_inner][\/vc_column][\/vc_row]<\/p>\n<\/div>","protected":false},"excerpt":{"rendered":"<p>[vc_row row_height_percent=\u00a0\u00bb0&Prime; override_padding=\u00a0\u00bbyes\u00a0\u00bb h_padding=\u00a0\u00bb2&Prime; top_padding=\u00a0\u00bb3&Prime; bottom_padding=\u00a0\u00bb3&Prime; back_color=\u00a0\u00bbcolor-187775&Prime; overlay_alpha=\u00a0\u00bb0&Prime; gutter_size=\u00a0\u00bb3&Prime; column_width_percent=\u00a0\u00bb100&Prime; shift_y=\u00a0\u00bb0&Prime; z_index=\u00a0\u00bb0&Prime;][vc_column column_width_percent=\u00a0\u00bb100&Prime; position_vertical=\u00a0\u00bbmiddle\u00a0\u00bb gutter_size=\u00a0\u00bb4&Prime; style=\u00a0\u00bbdark\u00a0\u00bb overlay_alpha=\u00a0\u00bb50&Prime; shift_x=\u00a0\u00bb0&Prime; shift_y=\u00a0\u00bb0&Prime; shift_y_down=\u00a0\u00bb0&Prime; [&hellip;]<\/p>\n","protected":false},"author":2,"featured_media":0,"parent":0,"menu_order":0,"comment_status":"closed","ping_status":"closed","template":"","meta":{"footnotes":""},"class_list":["post-86439","page","type-page","status-publish","hentry"],"yoast_head":"<!-- This site is optimized with the Yoast SEO plugin v26.9 - https:\/\/yoast.com\/product\/yoast-seo-wordpress\/ -->\n<title>Home - TRE C<\/title>\n<meta name=\"description\" content=\"Nous sommes sp\u00e9cialis\u00e9s dans la fabrication de faux-plafonds et de panneaux de t\u00f4le, isol\u00e9s au polyur\u00e9thane ou \u00e0 la laine min\u00e9rale.\" \/>\n<meta name=\"robots\" content=\"index, follow, max-snippet:-1, max-image-preview:large, max-video-preview:-1\" \/>\n<link rel=\"canonical\" href=\"https:\/\/trec.it\/fr\/\" \/>\n<meta property=\"og:locale\" content=\"fr_FR\" \/>\n<meta property=\"og:type\" content=\"article\" \/>\n<meta property=\"og:title\" content=\"Home - TRE C\" \/>\n<meta property=\"og:description\" content=\"Nous sommes sp\u00e9cialis\u00e9s dans la fabrication de faux-plafonds et de panneaux de t\u00f4le, isol\u00e9s au polyur\u00e9thane ou \u00e0 la laine min\u00e9rale.\" \/>\n<meta property=\"og:url\" content=\"https:\/\/trec.it\/fr\/\" \/>\n<meta property=\"og:site_name\" content=\"TRE C\" \/>\n<meta property=\"article:modified_time\" content=\"2023-09-15T15:35:19+00:00\" \/>\n<meta name=\"twitter:card\" content=\"summary_large_image\" \/>\n<meta name=\"twitter:label1\" content=\"Dur\u00e9e de lecture estim\u00e9e\" \/>\n\t<meta name=\"twitter:data1\" content=\"3 minutes\" \/>\n<script type=\"application\/ld+json\" class=\"yoast-schema-graph\">{\"@context\":\"https:\/\/schema.org\",\"@graph\":[{\"@type\":\"WebPage\",\"@id\":\"https:\/\/trec.it\/fr\/\",\"url\":\"https:\/\/trec.it\/fr\/\",\"name\":\"Home - TRE C\",\"isPartOf\":{\"@id\":\"https:\/\/trec.it\/fr\/#website\"},\"datePublished\":\"2020-10-14T16:00:20+00:00\",\"dateModified\":\"2023-09-15T15:35:19+00:00\",\"description\":\"Nous sommes sp\u00e9cialis\u00e9s dans la fabrication de faux-plafonds et de panneaux de t\u00f4le, isol\u00e9s au polyur\u00e9thane ou \u00e0 la laine min\u00e9rale.\",\"breadcrumb\":{\"@id\":\"https:\/\/trec.it\/fr\/#breadcrumb\"},\"inLanguage\":\"fr-FR\",\"potentialAction\":[{\"@type\":\"ReadAction\",\"target\":[\"https:\/\/trec.it\/fr\/\"]}]},{\"@type\":\"BreadcrumbList\",\"@id\":\"https:\/\/trec.it\/fr\/#breadcrumb\",\"itemListElement\":[{\"@type\":\"ListItem\",\"position\":1,\"name\":\"Home\",\"item\":\"https:\/\/trec.it\/fr\/\"},{\"@type\":\"ListItem\",\"position\":2,\"name\":\"Home\"}]},{\"@type\":\"WebSite\",\"@id\":\"https:\/\/trec.it\/fr\/#website\",\"url\":\"https:\/\/trec.it\/fr\/\",\"name\":\"TRE C\",\"description\":\"Trec\",\"publisher\":{\"@id\":\"https:\/\/trec.it\/fr\/#organization\"},\"potentialAction\":[{\"@type\":\"SearchAction\",\"target\":{\"@type\":\"EntryPoint\",\"urlTemplate\":\"https:\/\/trec.it\/fr\/?s={search_term_string}\"},\"query-input\":{\"@type\":\"PropertyValueSpecification\",\"valueRequired\":true,\"valueName\":\"search_term_string\"}}],\"inLanguage\":\"fr-FR\"},{\"@type\":\"Organization\",\"@id\":\"https:\/\/trec.it\/fr\/#organization\",\"name\":\"TRE C\",\"url\":\"https:\/\/trec.it\/fr\/\",\"logo\":{\"@type\":\"ImageObject\",\"inLanguage\":\"fr-FR\",\"@id\":\"https:\/\/trec.it\/fr\/#\/schema\/logo\/image\/\",\"url\":\"https:\/\/www.trec.it\/wp-content\/uploads\/2020\/10\/trec-sas-logo-dark.png\",\"contentUrl\":\"https:\/\/www.trec.it\/wp-content\/uploads\/2020\/10\/trec-sas-logo-dark.png\",\"width\":300,\"height\":336,\"caption\":\"TRE C\"},\"image\":{\"@id\":\"https:\/\/trec.it\/fr\/#\/schema\/logo\/image\/\"}}]}<\/script>\n<!-- \/ Yoast SEO plugin. -->","yoast_head_json":{"title":"Home - TRE C","description":"Nous sommes sp\u00e9cialis\u00e9s dans la fabrication de faux-plafonds et de panneaux de t\u00f4le, isol\u00e9s au polyur\u00e9thane ou \u00e0 la laine min\u00e9rale.","robots":{"index":"index","follow":"follow","max-snippet":"max-snippet:-1","max-image-preview":"max-image-preview:large","max-video-preview":"max-video-preview:-1"},"canonical":"https:\/\/trec.it\/fr\/","og_locale":"fr_FR","og_type":"article","og_title":"Home - TRE C","og_description":"Nous sommes sp\u00e9cialis\u00e9s dans la fabrication de faux-plafonds et de panneaux de t\u00f4le, isol\u00e9s au polyur\u00e9thane ou \u00e0 la laine min\u00e9rale.","og_url":"https:\/\/trec.it\/fr\/","og_site_name":"TRE C","article_modified_time":"2023-09-15T15:35:19+00:00","twitter_card":"summary_large_image","twitter_misc":{"Dur\u00e9e de lecture estim\u00e9e":"3 minutes"},"schema":{"@context":"https:\/\/schema.org","@graph":[{"@type":"WebPage","@id":"https:\/\/trec.it\/fr\/","url":"https:\/\/trec.it\/fr\/","name":"Home - TRE C","isPartOf":{"@id":"https:\/\/trec.it\/fr\/#website"},"datePublished":"2020-10-14T16:00:20+00:00","dateModified":"2023-09-15T15:35:19+00:00","description":"Nous sommes sp\u00e9cialis\u00e9s dans la fabrication de faux-plafonds et de panneaux de t\u00f4le, isol\u00e9s au polyur\u00e9thane ou \u00e0 la laine min\u00e9rale.","breadcrumb":{"@id":"https:\/\/trec.it\/fr\/#breadcrumb"},"inLanguage":"fr-FR","potentialAction":[{"@type":"ReadAction","target":["https:\/\/trec.it\/fr\/"]}]},{"@type":"BreadcrumbList","@id":"https:\/\/trec.it\/fr\/#breadcrumb","itemListElement":[{"@type":"ListItem","position":1,"name":"Home","item":"https:\/\/trec.it\/fr\/"},{"@type":"ListItem","position":2,"name":"Home"}]},{"@type":"WebSite","@id":"https:\/\/trec.it\/fr\/#website","url":"https:\/\/trec.it\/fr\/","name":"TRE C","description":"Trec","publisher":{"@id":"https:\/\/trec.it\/fr\/#organization"},"potentialAction":[{"@type":"SearchAction","target":{"@type":"EntryPoint","urlTemplate":"https:\/\/trec.it\/fr\/?s={search_term_string}"},"query-input":{"@type":"PropertyValueSpecification","valueRequired":true,"valueName":"search_term_string"}}],"inLanguage":"fr-FR"},{"@type":"Organization","@id":"https:\/\/trec.it\/fr\/#organization","name":"TRE C","url":"https:\/\/trec.it\/fr\/","logo":{"@type":"ImageObject","inLanguage":"fr-FR","@id":"https:\/\/trec.it\/fr\/#\/schema\/logo\/image\/","url":"https:\/\/www.trec.it\/wp-content\/uploads\/2020\/10\/trec-sas-logo-dark.png","contentUrl":"https:\/\/www.trec.it\/wp-content\/uploads\/2020\/10\/trec-sas-logo-dark.png","width":300,"height":336,"caption":"TRE C"},"image":{"@id":"https:\/\/trec.it\/fr\/#\/schema\/logo\/image\/"}}]}},"_links":{"self":[{"href":"https:\/\/trec.it\/fr\/wp-json\/wp\/v2\/pages\/86439","targetHints":{"allow":["GET"]}}],"collection":[{"href":"https:\/\/trec.it\/fr\/wp-json\/wp\/v2\/pages"}],"about":[{"href":"https:\/\/trec.it\/fr\/wp-json\/wp\/v2\/types\/page"}],"author":[{"embeddable":true,"href":"https:\/\/trec.it\/fr\/wp-json\/wp\/v2\/users\/2"}],"replies":[{"embeddable":true,"href":"https:\/\/trec.it\/fr\/wp-json\/wp\/v2\/comments?post=86439"}],"version-history":[{"count":5,"href":"https:\/\/trec.it\/fr\/wp-json\/wp\/v2\/pages\/86439\/revisions"}],"predecessor-version":[{"id":87432,"href":"https:\/\/trec.it\/fr\/wp-json\/wp\/v2\/pages\/86439\/revisions\/87432"}],"wp:attachment":[{"href":"https:\/\/trec.it\/fr\/wp-json\/wp\/v2\/media?parent=86439"}],"curies":[{"name":"wp","href":"https:\/\/api.w.org\/{rel}","templated":true}]}}