{"id":86449,"date":"2020-10-26T09:18:23","date_gmt":"2020-10-26T08:18:23","guid":{"rendered":"https:\/\/www.trec.it\/prodotti\/"},"modified":"2023-09-15T15:47:42","modified_gmt":"2023-09-15T13:47:42","slug":"produits","status":"publish","type":"page","link":"https:\/\/trec.it\/fr\/produits\/","title":{"rendered":"Produits"},"content":{"rendered":"<div class=\"wpb-content-wrapper\"><p>[vc_row row_height_percent=\u00a0\u00bb0&Prime; override_padding=\u00a0\u00bbyes\u00a0\u00bb h_padding=\u00a0\u00bb2&Prime; top_padding=\u00a0\u00bb5&Prime; bottom_padding=\u00a0\u00bb5&Prime; overlay_alpha=\u00a0\u00bb50&Prime; gutter_size=\u00a0\u00bb3&Prime; column_width_percent=\u00a0\u00bb100&Prime; shift_y=\u00a0\u00bb0&Prime; z_index=\u00a0\u00bb0&Prime;][vc_column width=\u00a0\u00bb1\/1&Prime;][vc_row_inner][vc_column_inner column_width_percent=\u00a0\u00bb100&Prime; gutter_size=\u00a0\u00bb3&Prime; overlay_alpha=\u00a0\u00bb50&Prime; shift_x=\u00a0\u00bb0&Prime; shift_y=\u00a0\u00bb0&Prime; shift_y_down=\u00a0\u00bb0&Prime; z_index=\u00a0\u00bb0&Prime; medium_width=\u00a0\u00bb0&Prime; mobile_width=\u00a0\u00bb0&Prime; width=\u00a0\u00bb1\/3&Prime; link_to=\u00a0\u00bburl:https%3A%2F%2Fwww.trec.it%2Ffr%2Fsistemi-controsoffitto%2F|title:Sistemi%20controsoffitto\u00a0\u00bb][vc_single_image media=\u00a0\u00bb84132&Prime; media_width_percent=\u00a0\u00bb100&Prime; media_ratio=\u00a0\u00bbthree-two\u00a0\u00bb media_link=\u00a0\u00bburl:https%3A%2F%2Fwww.trec.it%2Fsistemi-controsoffitto%2F|title:Sistemi%20controsoffitto\u00a0\u00bb][vc_custom_heading heading_semantic=\u00a0\u00bbh3&Prime; text_size=\u00a0\u00bbh3&Prime;]Syst\u00e8mes de plafond suspendu[\/vc_custom_heading][vc_column_text css=\u00a0\u00bb.vc_custom_1642171441663{margin-top: 18px !important;}\u00a0\u00bb]Nous r\u00e9alisons des plafonds m\u00e9talliques sur mesure, qui permettent de cr\u00e9er des compartiments techniques pour le passage de syst\u00e8mes technologiques tout en garantissant un excellent aspect esth\u00e9tique.[\/vc_column_text][\/vc_column_inner][vc_column_inner column_width_percent=\u00a0\u00bb100&Prime; gutter_size=\u00a0\u00bb3&Prime; overlay_alpha=\u00a0\u00bb50&Prime; shift_x=\u00a0\u00bb0&Prime; shift_y=\u00a0\u00bb0&Prime; shift_y_down=\u00a0\u00bb0&Prime; z_index=\u00a0\u00bb0&Prime; medium_width=\u00a0\u00bb0&Prime; mobile_width=\u00a0\u00bb0&Prime; width=\u00a0\u00bb1\/3&Prime; link_to=\u00a0\u00bburl:https%3A%2F%2Fwww.trec.it%2Ffr%2Fcabine-di-insonorizzazione%2F|title:Cabine%20di%20insonorizzazione\u00a0\u00bb][vc_single_image media=\u00a0\u00bb84466&Prime; media_width_percent=\u00a0\u00bb100&Prime; media_ratio=\u00a0\u00bbthree-two\u00a0\u00bb media_link=\u00a0\u00bburl:https%3A%2F%2Fwww.trec.it%2Fcabine-di-insonorizzazione%2F|title:Cabine%20di%20insonorizzazione\u00a0\u00bb][vc_custom_heading heading_semantic=\u00a0\u00bbh3&Prime; text_size=\u00a0\u00bbh3&Prime;]Cabines d&rsquo;insonorisation[\/vc_custom_heading][vc_column_text css=\u00a0\u00bb.vc_custom_1642171406879{margin-top: 18px !important;}\u00a0\u00bb]Les cabines d&rsquo;insonorisation permettent d&rsquo;att\u00e9nuer les \u00e9missions sonores des \u00e9quipements particuli\u00e8rement bruyants.<br \/>\nNos cabines sont con\u00e7ues sur la base du cahier des charges du client et r\u00e9alis\u00e9es sur mesure.[\/vc_column_text][\/vc_column_inner][vc_column_inner column_width_percent=\u00a0\u00bb100&Prime; gutter_size=\u00a0\u00bb3&Prime; overlay_alpha=\u00a0\u00bb50&Prime; shift_x=\u00a0\u00bb0&Prime; shift_y=\u00a0\u00bb0&Prime; shift_y_down=\u00a0\u00bb0&Prime; z_index=\u00a0\u00bb0&Prime; medium_width=\u00a0\u00bb0&Prime; mobile_width=\u00a0\u00bb0&Prime; width=\u00a0\u00bb1\/3&Prime; link_to=\u00a0\u00bburl:https%3A%2F%2Fwww.trec.it%2Ffr%2Fpannelli-isolanti%2F|title:Pannelli%20isolanti\u00a0\u00bb][vc_single_image media=\u00a0\u00bb84420&Prime; media_width_percent=\u00a0\u00bb100&Prime; media_ratio=\u00a0\u00bbthree-two\u00a0\u00bb media_link=\u00a0\u00bburl:https%3A%2F%2Fwww.trec.it%2Fpannelli-isolanti%2F|title:Pannelli%20isolanti\u00a0\u00bb][vc_custom_heading heading_semantic=\u00a0\u00bbh3&Prime; text_size=\u00a0\u00bbh3&Prime;]Panneaux isolants[\/vc_custom_heading][vc_column_text css=\u00a0\u00bb.vc_custom_1642171363495{margin-top: 18px !important;}\u00a0\u00bb]Nous sommes sp\u00e9cialis\u00e9s dans la production sur mesure de panneaux en t\u00f4le, fabriqu\u00e9s avec des syst\u00e8mes flexibles et \u00e0 la pointe de la technologie.<br \/>\nLes panneaux peuvent \u00eatre isol\u00e9s avec du polyur\u00e9thane, de la laine min\u00e9rale, de la mousse en feuille ou d&rsquo;autres solutions.[\/vc_column_text][\/vc_column_inner][\/vc_row_inner][\/vc_column][\/vc_row]<\/p>\n<\/div>","protected":false},"excerpt":{"rendered":"<p>[vc_row row_height_percent=\u00a0\u00bb0&Prime; override_padding=\u00a0\u00bbyes\u00a0\u00bb h_padding=\u00a0\u00bb2&Prime; top_padding=\u00a0\u00bb5&Prime; bottom_padding=\u00a0\u00bb5&Prime; overlay_alpha=\u00a0\u00bb50&Prime; gutter_size=\u00a0\u00bb3&Prime; column_width_percent=\u00a0\u00bb100&Prime; shift_y=\u00a0\u00bb0&Prime; z_index=\u00a0\u00bb0&Prime;][vc_column width=\u00a0\u00bb1\/1&Prime;][vc_row_inner][vc_column_inner column_width_percent=\u00a0\u00bb100&Prime; gutter_size=\u00a0\u00bb3&Prime; overlay_alpha=\u00a0\u00bb50&Prime; shift_x=\u00a0\u00bb0&Prime; shift_y=\u00a0\u00bb0&Prime; shift_y_down=\u00a0\u00bb0&Prime; z_index=\u00a0\u00bb0&Prime; medium_width=\u00a0\u00bb0&Prime; [&hellip;]<\/p>\n","protected":false},"author":2,"featured_media":86030,"parent":0,"menu_order":0,"comment_status":"closed","ping_status":"closed","template":"","meta":{"footnotes":""},"class_list":["post-86449","page","type-page","status-publish","has-post-thumbnail","hentry"],"yoast_head":"<!-- This site is optimized with the Yoast SEO plugin v26.9 - https:\/\/yoast.com\/product\/yoast-seo-wordpress\/ -->\n<title>Produits - TRE C<\/title>\n<meta name=\"robots\" content=\"index, follow, max-snippet:-1, max-image-preview:large, max-video-preview:-1\" \/>\n<link rel=\"canonical\" href=\"https:\/\/trec.it\/fr\/produits\/\" \/>\n<meta property=\"og:locale\" content=\"fr_FR\" \/>\n<meta property=\"og:type\" content=\"article\" \/>\n<meta property=\"og:title\" content=\"Produits - TRE C\" \/>\n<meta property=\"og:description\" content=\"[vc_row row_height_percent=\u00a0\u00bb0&Prime; override_padding=\u00a0\u00bbyes\u00a0\u00bb h_padding=\u00a0\u00bb2&Prime; top_padding=\u00a0\u00bb5&Prime; bottom_padding=\u00a0\u00bb5&Prime; overlay_alpha=\u00a0\u00bb50&Prime; gutter_size=\u00a0\u00bb3&Prime; column_width_percent=\u00a0\u00bb100&Prime; shift_y=\u00a0\u00bb0&Prime; z_index=\u00a0\u00bb0&Prime;][vc_column width=\u00a0\u00bb1\/1&Prime;][vc_row_inner][vc_column_inner column_width_percent=\u00a0\u00bb100&Prime; gutter_size=\u00a0\u00bb3&Prime; overlay_alpha=\u00a0\u00bb50&Prime; shift_x=\u00a0\u00bb0&Prime; shift_y=\u00a0\u00bb0&Prime; shift_y_down=\u00a0\u00bb0&Prime; z_index=\u00a0\u00bb0&Prime; medium_width=\u00a0\u00bb0&Prime; [&hellip;]\" \/>\n<meta property=\"og:url\" content=\"https:\/\/trec.it\/fr\/produits\/\" \/>\n<meta property=\"og:site_name\" content=\"TRE C\" \/>\n<meta property=\"article:modified_time\" content=\"2023-09-15T13:47:42+00:00\" \/>\n<meta property=\"og:image\" content=\"https:\/\/trec.it\/wp-content\/uploads\/2020\/10\/trec-prodotti-00.jpg\" \/>\n\t<meta property=\"og:image:width\" content=\"1920\" \/>\n\t<meta property=\"og:image:height\" content=\"1080\" \/>\n\t<meta property=\"og:image:type\" content=\"image\/jpeg\" \/>\n<meta name=\"twitter:card\" content=\"summary_large_image\" \/>\n<meta name=\"twitter:label1\" content=\"Dur\u00e9e de lecture estim\u00e9e\" \/>\n\t<meta name=\"twitter:data1\" content=\"1 minute\" \/>\n<script type=\"application\/ld+json\" class=\"yoast-schema-graph\">{\"@context\":\"https:\/\/schema.org\",\"@graph\":[{\"@type\":\"WebPage\",\"@id\":\"https:\/\/trec.it\/fr\/produits\/\",\"url\":\"https:\/\/trec.it\/fr\/produits\/\",\"name\":\"Produits - TRE C\",\"isPartOf\":{\"@id\":\"https:\/\/trec.it\/fr\/#website\"},\"primaryImageOfPage\":{\"@id\":\"https:\/\/trec.it\/fr\/produits\/#primaryimage\"},\"image\":{\"@id\":\"https:\/\/trec.it\/fr\/produits\/#primaryimage\"},\"thumbnailUrl\":\"https:\/\/trec.it\/wp-content\/uploads\/2020\/10\/trec-prodotti-00.jpg\",\"datePublished\":\"2020-10-26T08:18:23+00:00\",\"dateModified\":\"2023-09-15T13:47:42+00:00\",\"breadcrumb\":{\"@id\":\"https:\/\/trec.it\/fr\/produits\/#breadcrumb\"},\"inLanguage\":\"fr-FR\",\"potentialAction\":[{\"@type\":\"ReadAction\",\"target\":[\"https:\/\/trec.it\/fr\/produits\/\"]}]},{\"@type\":\"ImageObject\",\"inLanguage\":\"fr-FR\",\"@id\":\"https:\/\/trec.it\/fr\/produits\/#primaryimage\",\"url\":\"https:\/\/trec.it\/wp-content\/uploads\/2020\/10\/trec-prodotti-00.jpg\",\"contentUrl\":\"https:\/\/trec.it\/wp-content\/uploads\/2020\/10\/trec-prodotti-00.jpg\",\"width\":1920,\"height\":1080},{\"@type\":\"BreadcrumbList\",\"@id\":\"https:\/\/trec.it\/fr\/produits\/#breadcrumb\",\"itemListElement\":[{\"@type\":\"ListItem\",\"position\":1,\"name\":\"Home\",\"item\":\"https:\/\/trec.it\/fr\/\"},{\"@type\":\"ListItem\",\"position\":2,\"name\":\"Produits\"}]},{\"@type\":\"WebSite\",\"@id\":\"https:\/\/trec.it\/fr\/#website\",\"url\":\"https:\/\/trec.it\/fr\/\",\"name\":\"TRE C\",\"description\":\"Trec\",\"publisher\":{\"@id\":\"https:\/\/trec.it\/fr\/#organization\"},\"potentialAction\":[{\"@type\":\"SearchAction\",\"target\":{\"@type\":\"EntryPoint\",\"urlTemplate\":\"https:\/\/trec.it\/fr\/?s={search_term_string}\"},\"query-input\":{\"@type\":\"PropertyValueSpecification\",\"valueRequired\":true,\"valueName\":\"search_term_string\"}}],\"inLanguage\":\"fr-FR\"},{\"@type\":\"Organization\",\"@id\":\"https:\/\/trec.it\/fr\/#organization\",\"name\":\"TRE C\",\"url\":\"https:\/\/trec.it\/fr\/\",\"logo\":{\"@type\":\"ImageObject\",\"inLanguage\":\"fr-FR\",\"@id\":\"https:\/\/trec.it\/fr\/#\/schema\/logo\/image\/\",\"url\":\"https:\/\/www.trec.it\/wp-content\/uploads\/2020\/10\/trec-sas-logo-dark.png\",\"contentUrl\":\"https:\/\/www.trec.it\/wp-content\/uploads\/2020\/10\/trec-sas-logo-dark.png\",\"width\":300,\"height\":336,\"caption\":\"TRE C\"},\"image\":{\"@id\":\"https:\/\/trec.it\/fr\/#\/schema\/logo\/image\/\"}}]}<\/script>\n<!-- \/ Yoast SEO plugin. -->","yoast_head_json":{"title":"Produits - TRE C","robots":{"index":"index","follow":"follow","max-snippet":"max-snippet:-1","max-image-preview":"max-image-preview:large","max-video-preview":"max-video-preview:-1"},"canonical":"https:\/\/trec.it\/fr\/produits\/","og_locale":"fr_FR","og_type":"article","og_title":"Produits - TRE C","og_description":"[vc_row row_height_percent=\u00a0\u00bb0&Prime; override_padding=\u00a0\u00bbyes\u00a0\u00bb h_padding=\u00a0\u00bb2&Prime; top_padding=\u00a0\u00bb5&Prime; bottom_padding=\u00a0\u00bb5&Prime; overlay_alpha=\u00a0\u00bb50&Prime; gutter_size=\u00a0\u00bb3&Prime; column_width_percent=\u00a0\u00bb100&Prime; shift_y=\u00a0\u00bb0&Prime; z_index=\u00a0\u00bb0&Prime;][vc_column width=\u00a0\u00bb1\/1&Prime;][vc_row_inner][vc_column_inner column_width_percent=\u00a0\u00bb100&Prime; gutter_size=\u00a0\u00bb3&Prime; overlay_alpha=\u00a0\u00bb50&Prime; shift_x=\u00a0\u00bb0&Prime; shift_y=\u00a0\u00bb0&Prime; shift_y_down=\u00a0\u00bb0&Prime; z_index=\u00a0\u00bb0&Prime; medium_width=\u00a0\u00bb0&Prime; [&hellip;]","og_url":"https:\/\/trec.it\/fr\/produits\/","og_site_name":"TRE C","article_modified_time":"2023-09-15T13:47:42+00:00","og_image":[{"width":1920,"height":1080,"url":"https:\/\/trec.it\/wp-content\/uploads\/2020\/10\/trec-prodotti-00.jpg","type":"image\/jpeg"}],"twitter_card":"summary_large_image","twitter_misc":{"Dur\u00e9e de lecture estim\u00e9e":"1 minute"},"schema":{"@context":"https:\/\/schema.org","@graph":[{"@type":"WebPage","@id":"https:\/\/trec.it\/fr\/produits\/","url":"https:\/\/trec.it\/fr\/produits\/","name":"Produits - TRE C","isPartOf":{"@id":"https:\/\/trec.it\/fr\/#website"},"primaryImageOfPage":{"@id":"https:\/\/trec.it\/fr\/produits\/#primaryimage"},"image":{"@id":"https:\/\/trec.it\/fr\/produits\/#primaryimage"},"thumbnailUrl":"https:\/\/trec.it\/wp-content\/uploads\/2020\/10\/trec-prodotti-00.jpg","datePublished":"2020-10-26T08:18:23+00:00","dateModified":"2023-09-15T13:47:42+00:00","breadcrumb":{"@id":"https:\/\/trec.it\/fr\/produits\/#breadcrumb"},"inLanguage":"fr-FR","potentialAction":[{"@type":"ReadAction","target":["https:\/\/trec.it\/fr\/produits\/"]}]},{"@type":"ImageObject","inLanguage":"fr-FR","@id":"https:\/\/trec.it\/fr\/produits\/#primaryimage","url":"https:\/\/trec.it\/wp-content\/uploads\/2020\/10\/trec-prodotti-00.jpg","contentUrl":"https:\/\/trec.it\/wp-content\/uploads\/2020\/10\/trec-prodotti-00.jpg","width":1920,"height":1080},{"@type":"BreadcrumbList","@id":"https:\/\/trec.it\/fr\/produits\/#breadcrumb","itemListElement":[{"@type":"ListItem","position":1,"name":"Home","item":"https:\/\/trec.it\/fr\/"},{"@type":"ListItem","position":2,"name":"Produits"}]},{"@type":"WebSite","@id":"https:\/\/trec.it\/fr\/#website","url":"https:\/\/trec.it\/fr\/","name":"TRE C","description":"Trec","publisher":{"@id":"https:\/\/trec.it\/fr\/#organization"},"potentialAction":[{"@type":"SearchAction","target":{"@type":"EntryPoint","urlTemplate":"https:\/\/trec.it\/fr\/?s={search_term_string}"},"query-input":{"@type":"PropertyValueSpecification","valueRequired":true,"valueName":"search_term_string"}}],"inLanguage":"fr-FR"},{"@type":"Organization","@id":"https:\/\/trec.it\/fr\/#organization","name":"TRE C","url":"https:\/\/trec.it\/fr\/","logo":{"@type":"ImageObject","inLanguage":"fr-FR","@id":"https:\/\/trec.it\/fr\/#\/schema\/logo\/image\/","url":"https:\/\/www.trec.it\/wp-content\/uploads\/2020\/10\/trec-sas-logo-dark.png","contentUrl":"https:\/\/www.trec.it\/wp-content\/uploads\/2020\/10\/trec-sas-logo-dark.png","width":300,"height":336,"caption":"TRE C"},"image":{"@id":"https:\/\/trec.it\/fr\/#\/schema\/logo\/image\/"}}]}},"_links":{"self":[{"href":"https:\/\/trec.it\/fr\/wp-json\/wp\/v2\/pages\/86449","targetHints":{"allow":["GET"]}}],"collection":[{"href":"https:\/\/trec.it\/fr\/wp-json\/wp\/v2\/pages"}],"about":[{"href":"https:\/\/trec.it\/fr\/wp-json\/wp\/v2\/types\/page"}],"author":[{"embeddable":true,"href":"https:\/\/trec.it\/fr\/wp-json\/wp\/v2\/users\/2"}],"replies":[{"embeddable":true,"href":"https:\/\/trec.it\/fr\/wp-json\/wp\/v2\/comments?post=86449"}],"version-history":[{"count":5,"href":"https:\/\/trec.it\/fr\/wp-json\/wp\/v2\/pages\/86449\/revisions"}],"predecessor-version":[{"id":87416,"href":"https:\/\/trec.it\/fr\/wp-json\/wp\/v2\/pages\/86449\/revisions\/87416"}],"wp:featuredmedia":[{"embeddable":true,"href":"https:\/\/trec.it\/fr\/wp-json\/wp\/v2\/media\/86030"}],"wp:attachment":[{"href":"https:\/\/trec.it\/fr\/wp-json\/wp\/v2\/media?parent=86449"}],"curies":[{"name":"wp","href":"https:\/\/api.w.org\/{rel}","templated":true}]}}