{"id":86472,"date":"2020-10-15T15:25:11","date_gmt":"2020-10-15T15:25:11","guid":{"rendered":"https:\/\/www.trec.it\/certificazioni\/"},"modified":"2023-10-03T18:05:33","modified_gmt":"2023-10-03T16:05:33","slug":"certifications-fiches-techniques-trec","status":"publish","type":"page","link":"https:\/\/trec.it\/fr\/certifications-fiches-techniques-trec\/","title":{"rendered":"Certifications"},"content":{"rendered":"<div class=\"wpb-content-wrapper\"><p>[vc_row row_height_percent=\u00a0\u00bb0&Prime; override_padding=\u00a0\u00bbyes\u00a0\u00bb h_padding=\u00a0\u00bb2&Prime; top_padding=\u00a0\u00bb5&Prime; bottom_padding=\u00a0\u00bb5&Prime; overlay_alpha=\u00a0\u00bb50&Prime; equal_height=\u00a0\u00bbyes\u00a0\u00bb gutter_size=\u00a0\u00bb4&Prime; column_width_percent=\u00a0\u00bb100&Prime; shift_y=\u00a0\u00bb0&Prime; z_index=\u00a0\u00bb0&Prime;][vc_column column_width_percent=\u00a0\u00bb100&Prime; gutter_size=\u00a0\u00bb3&Prime; overlay_alpha=\u00a0\u00bb50&Prime; shift_x=\u00a0\u00bb0&Prime; shift_y=\u00a0\u00bb0&Prime; shift_y_down=\u00a0\u00bb0&Prime; z_index=\u00a0\u00bb0&Prime; medium_width=\u00a0\u00bb0&Prime; mobile_width=\u00a0\u00bb0&Prime; width=\u00a0\u00bb1\/2&Prime;][vc_column_text]TRE C produit avec <strong>responsabilit\u00e9<\/strong>,<strong> int\u00e9grit\u00e9<\/strong> et dans le <strong>respect de la r\u00e9glementation<\/strong>. TRE C veut garantir un environnement de travail s\u00fbr, sain et \u00e9quitable,<strong> prot\u00e9ger l&rsquo;environnement<\/strong>, maintenir une relation positive avec les communaut\u00e9s et maintenir des normes \u00e9thiques \u00e9lev\u00e9es.<br \/>\nL&rsquo;entreprise croit fermement \u00e0 l&rsquo;importance de la<strong> formation continue<\/strong> et de la mise \u00e0 jour professionnelle et prend donc en charge tous les aspects concernant la formation des ressources humaines.<\/p>\n<p>TRE C consid\u00e8re la<strong> durabilit\u00e9<\/strong> comme une approche strat\u00e9gique \u00e0 long terme, visant \u00e0 trouver un \u00e9quilibre entre les opportunit\u00e9s commerciales et les responsabilit\u00e9s sociales, \u00e9conomiques et environnementales.<br \/>\nLes efforts pour utiliser des <strong>technologies de plus en plus efficaces<\/strong> et des <strong>mat\u00e9riaux respectueux<\/strong> de l&rsquo;environnement sont faits dans le respect de la nature et favorisent l&rsquo;engagement \u00e0 sauvegarder et \u00e0 am\u00e9liorer la vie des gens.<br \/>\nTRE C a obtenu la certification <strong>ISO 9001<\/strong>\u00a0: 2015 avec <strong>RINA Spa<\/strong> en ce qui concerne : <strong>Production de panneaux m\u00e9talliques, parois et faux plafonds<\/strong>.<br \/>\nTRE C a choisi d&#8217;emprunter la voie de la <strong>s\u00e9curit\u00e9<\/strong> et de la <strong>haute qualit\u00e9<\/strong> en utilisant uniquement des mati\u00e8res premi\u00e8res certifi\u00e9es.<br \/>\nTous les produits sont soumis \u00e0 des contr\u00f4les continus dans l&rsquo;entreprise et par des organismes de certification internationaux.[\/vc_column_text][\/vc_column][vc_column width=\u00a0\u00bb1\/2&Prime;][vc_custom_heading text_size=\u00a0\u00bbh3&Prime;]Certifications disponibles sur demande[\/vc_custom_heading][vc_single_image media=\u00a0\u00bb84496&Prime; media_width_use_pixel=\u00a0\u00bbyes\u00a0\u00bb media_width_pixel=\u00a0\u00bb180&Prime;][vc_column_text css=\u00a0\u00bb.vc_custom_1696256736933{margin-top: 18px !important;}\u00a0\u00bb uncode_shortcode_id=\u00a0\u00bb158134&Prime;]<\/p>\n<ul>\n<li><a href=\"mailto:vendite@trec.it?subject=Richiesta certificato\">Certifi\u00e9 ISO 9001\u00a0:\u00a02015<\/a><\/li>\n<li><a href=\"mailto:vendite@trec.it?subject=Richiesta certificato\">Certifi\u00e9 IQ NET<\/a><\/li>\n<\/ul>\n<p>[\/vc_column_text][vc_single_image media=\u00a0\u00bb87774&Prime; media_width_use_pixel=\u00a0\u00bbyes\u00a0\u00bb media_width_pixel=\u00a0\u00bb120&Prime; uncode_shortcode_id=\u00a0\u00bb126480&Prime;][vc_column_text css=\u00a0\u00bb.vc_custom_1696256933960{margin-top: 18px !important;}\u00a0\u00bb uncode_shortcode_id=\u00a0\u00bb157349&Prime;]<\/p>\n<ul>\n<li><a href=\"mailto:vendite@trec.it?subject=Richiesta certificato\">Certification navale 2009\/26 \/ CE MED Module B mousse polyur\u00e9thane<\/a><\/li>\n<li><a href=\"mailto:vendite@trec.it?subject=Richiesta certificato\">Certification navale 2009\/26 \/ EC MED Module B colle<\/a><\/li>\n<li><a href=\"mailto:vendite@trec.it?subject=Richiesta certificato\">Certification navale 2009\/26 \/ EC MED Module B rev\u00eatements de panneaux<\/a><\/li>\n<li><a href=\"mailto:vendite@trec.it?subject=Richiesta certificato\">Certification navale 2009\/26\/EC MED Modulo B 3.18a Marine Ceiling System<\/a><\/li>\n<li><a href=\"mailto:vendite@trec.it?subject=Richiesta certificato\">Certification navale Module D &#8211; Marine Equipment Directive (MED) 2014\/90\/EU and Implementing Regulation (EU) 2022\/1157<\/a><\/li>\n<\/ul>\n<p>[\/vc_column_text][vc_single_image media=\u00a0\u00bb84498&Prime; media_width_use_pixel=\u00a0\u00bbyes\u00a0\u00bb media_width_pixel=\u00a0\u00bb160&Prime;][vc_column_text css=\u00a0\u00bb.vc_custom_1642178300403{margin-top: 18px !important;}\u00a0\u00bb]<\/p>\n<ul>\n<li><a href=\"mailto:vendite@trec.it?subject=Richiesta certificato\">Joint thixotrope en polyur\u00e9thane certifi\u00e9 UL<\/a><\/li>\n<\/ul>\n<p>[\/vc_column_text][vc_single_image media=\u00a0\u00bb84499&Prime; media_width_use_pixel=\u00a0\u00bbyes\u00a0\u00bb media_width_pixel=\u00a0\u00bb160&Prime;][vc_column_text css=\u00a0\u00bb.vc_custom_1642178347734{margin-top: 18px !important;}\u00a0\u00bb]<\/p>\n<ul>\n<li><a href=\"mailto:vendite@trec.it?subject=Richiesta certificato\">Test\u00e9 Covid-19 Certification JIS Z 2801\u00a0: 2000A, ISO 22196\u00a0: 2011-08<\/a><\/li>\n<li><a href=\"mailto:vendite@trec.it?subject=Richiesta certificato\">Certification de mat\u00e9riau antibact\u00e9rien<\/a><\/li>\n<\/ul>\n<p>[\/vc_column_text][vc_column_text]<\/p>\n<ul>\n<li><a href=\"mailto:vendite@trec.it?subject=Richiesta certificato\">Caract\u00e9risation physico-m\u00e9canique de la mousse polyur\u00e9thane<\/a><\/li>\n<li><a href=\"mailto:vendite@trec.it?subject=Richiesta certificato\">Certification de r\u00e9action au feu EN 13501-1\u00a0:\u00a02009<\/a><\/li>\n<li><a href=\"mailto:vendite@trec.it?subject=Richiesta certificato\">Certification de mousse de polyur\u00e9thane GWP (Global warming potential)<\/a><\/li>\n<\/ul>\n<p>[\/vc_column_text][\/vc_column][\/vc_row][vc_row row_height_percent=\u00a0\u00bb0&Prime; override_padding=\u00a0\u00bbyes\u00a0\u00bb h_padding=\u00a0\u00bb2&Prime; top_padding=\u00a0\u00bb5&Prime; bottom_padding=\u00a0\u00bb3&Prime; back_color=\u00a0\u00bbcolor-lxmt\u00a0\u00bb overlay_alpha=\u00a0\u00bb50&Prime; equal_height=\u00a0\u00bbyes\u00a0\u00bb gutter_size=\u00a0\u00bb4&Prime; column_width_percent=\u00a0\u00bb100&Prime; shift_y=\u00a0\u00bb0&Prime; z_index=\u00a0\u00bb0&Prime;][vc_column column_width_percent=\u00a0\u00bb100&Prime; gutter_size=\u00a0\u00bb3&Prime; overlay_alpha=\u00a0\u00bb50&Prime; shift_x=\u00a0\u00bb0&Prime; shift_y=\u00a0\u00bb0&Prime; shift_y_down=\u00a0\u00bb0&Prime; z_index=\u00a0\u00bb0&Prime; medium_width=\u00a0\u00bb0&Prime; mobile_width=\u00a0\u00bb0&Prime; width=\u00a0\u00bb1\/2&Prime;][vc_custom_heading text_size=\u00a0\u00bb\u00a0\u00bb]Politique de la qualit\u00e9[\/vc_custom_heading][vc_column_text]La politique de TRE C est de fournir aux clients des produits et des services conformes aux exigences convenues et adapt\u00e9s pour r\u00e9pondre \u00e0 leurs besoins au moindre co\u00fbt et avec la plus grande efficacit\u00e9 possible.<\/p>\n<p>Objet de la certification\u00a0:<br \/>\n<strong>production de panneaux m\u00e9talliques, murs et faux plafonds.<\/strong><\/p>\n<p>La mise en \u0153uvre de cette politique incombe \u00e0 tout le personnel et la responsabilit\u00e9 \u00e0 la direction, \u00e0 travers l&rsquo;application d&rsquo;un syst\u00e8me de qualit\u00e9 efficace conform\u00e9ment aux exigences de la norme UNI EN ISO 9001: 2015.<\/p>\n<p>Pour atteindre l&rsquo;objectif de la qualit\u00e9 requise, l&rsquo;entreprise a appliqu\u00e9 les politiques suivantes :<\/p>\n<ul>\n<li>Le respect des r\u00e9glementations nationales et internationales en vigueur\u00a0;<\/li>\n<li>Obtenir les niveaux de qualit\u00e9 requis dans les d\u00e9lais impartis ;<\/li>\n<li>Aucun compromis sur la s\u00e9curit\u00e9 des produits\u00a0;<\/li>\n<li>Pr\u00e9vention des d\u00e9sagr\u00e9ments\u00a0;<\/li>\n<li>Sensibilisation, formation et mise \u00e0 jour continue du personnel \u00e0 tous les niveaux. Gr\u00e2ce, mais non seulement, \u00e0 la planification des interventions de formation \u00e0 travers le plan annuel de formation \u00e9mis par le comit\u00e9 de direction.<\/li>\n<\/ul>\n<p>La direction r\u00e9vise le syst\u00e8me qualit\u00e9 \u00e0 une fr\u00e9quence minimale annuelle et toujours apr\u00e8s un audit interne. C&rsquo;est \u00e0 cette occasion que la direction, compte tenu des valeurs obtenues par les compteurs, met en \u0153uvre de nouvelles actions pour l&rsquo;am\u00e9lioration continue du syst\u00e8me et pour augmenter la satisfaction de ses clients.<\/p>\n<p>TRE C diffuse ses communications \u00e0 tout le personnel de l&rsquo;entreprise ainsi qu&rsquo;aux collaborateurs externes, et \u00e0 travers son site Internet TRE C diffuse la politique qualit\u00e9. La t\u00e2che d&rsquo;assurer et de v\u00e9rifier l&rsquo;application et l&rsquo;ad\u00e9quation du syst\u00e8me qualit\u00e9 est confi\u00e9e au responsable du syst\u00e8me de gestion de la qualit\u00e9, qui s&rsquo;est vu confier une autorit\u00e9 et une responsabilit\u00e9 sp\u00e9cifiques.[\/vc_column_text][\/vc_column][vc_column width=\u00a0\u00bb1\/2&Prime;][vc_single_image media=\u00a0\u00bb84130&Prime; media_width_percent=\u00a0\u00bb100&Prime;][\/vc_column][\/vc_row][vc_row row_height_percent=\u00a0\u00bb0&Prime; override_padding=\u00a0\u00bbyes\u00a0\u00bb h_padding=\u00a0\u00bb2&Prime; top_padding=\u00a0\u00bb3&Prime; bottom_padding=\u00a0\u00bb5&Prime; overlay_alpha=\u00a0\u00bb50&Prime; gutter_size=\u00a0\u00bb3&Prime; column_width_percent=\u00a0\u00bb100&Prime; shift_y=\u00a0\u00bb0&Prime; z_index=\u00a0\u00bb0&Prime; enable_top_divider=\u00a0\u00bbdefault\u00a0\u00bb top_divider=\u00a0\u00bbstep\u00a0\u00bb shape_top_h_use_pixel=\u00a0\u00bb\u00a0\u00bb shape_top_height=\u00a0\u00bb216&Prime; shape_top_color=\u00a0\u00bbcolor-lxmt\u00a0\u00bb shape_top_opacity=\u00a0\u00bb100&Prime; shape_top_index=\u00a0\u00bb0&Prime;][vc_column width=\u00a0\u00bb1\/1&Prime;][vc_row_inner row_inner_height_percent=\u00a0\u00bb0&Prime; overlay_alpha=\u00a0\u00bb50&Prime; equal_height=\u00a0\u00bbyes\u00a0\u00bb gutter_size=\u00a0\u00bb0&Prime; shift_y=\u00a0\u00bb0&Prime; z_index=\u00a0\u00bb0&Prime; el_class=\u00a0\u00bbtrec-form\u00a0\u00bb][vc_column_inner column_width_percent=\u00a0\u00bb100&Prime; gutter_size=\u00a0\u00bb3&Prime; override_padding=\u00a0\u00bbyes\u00a0\u00bb column_padding=\u00a0\u00bb3&Prime; style=\u00a0\u00bbdark\u00a0\u00bb back_image=\u00a0\u00bb83844&Prime; overlay_color=\u00a0\u00bbcolor-187775&Prime; overlay_alpha=\u00a0\u00bb85&Prime; shift_x=\u00a0\u00bb0&Prime; shift_y=\u00a0\u00bb0&Prime; shift_y_down=\u00a0\u00bb0&Prime; z_index=\u00a0\u00bb0&Prime; medium_width=\u00a0\u00bb0&Prime; mobile_width=\u00a0\u00bb0&Prime; width=\u00a0\u00bb1\/3&Prime;][vc_column_text css=\u00a0\u00bb.vc_custom_1696349123408{margin-top: 0px !important;}\u00a0\u00bb uncode_shortcode_id=\u00a0\u00bb995307&Prime;]<\/p>\n<h3>TRE C<\/h3>\n<p>Corso XXV Aprile, 58<br \/>\n22036 Erba (Co)<br \/>\nItaly<\/p>\n<p><strong>Tel.<\/strong> +39 031 641717<br \/>\n<strong>Email<\/strong> vendite@trec.it<br \/>\n<strong>PEC<\/strong> amministrazione@pec.trecsas.it<\/p>\n<p><strong>P. IVA<\/strong> IT00707440137[\/vc_column_text][\/vc_column_inner][vc_column_inner column_width_percent=\u00a0\u00bb100&Prime; gutter_size=\u00a0\u00bb3&Prime; override_padding=\u00a0\u00bbyes\u00a0\u00bb column_padding=\u00a0\u00bb3&Prime; back_color=\u00a0\u00bbcolor-xsdn\u00a0\u00bb overlay_alpha=\u00a0\u00bb50&Prime; shift_x=\u00a0\u00bb0&Prime; shift_y=\u00a0\u00bb0&Prime; shift_y_down=\u00a0\u00bb0&Prime; z_index=\u00a0\u00bb0&Prime; medium_width=\u00a0\u00bb0&Prime; mobile_width=\u00a0\u00bb0&Prime; width=\u00a0\u00bb2\/3&Prime;][vc_column_text]Remplissez le formulaire pour recevoir plus d&rsquo;informations sur les produits qui vous int\u00e9ressent ou prenez rendez-vous pour en savoir plus sur nos solutions techniques.<br \/>\nNous vous r\u00e9pondrons dans les plus brefs d\u00e9lais.[\/vc_column_text]\n<div class=\"wpcf7 no-js\" id=\"wpcf7-f86615-o1\" lang=\"fr-FR\" dir=\"ltr\" data-wpcf7-id=\"86615\">\n<div class=\"screen-reader-response\"><p role=\"status\" aria-live=\"polite\" aria-atomic=\"true\"><\/p> <ul><\/ul><\/div>\n<form action=\"\/fr\/wp-json\/wp\/v2\/pages\/86472#wpcf7-f86615-o1\" method=\"post\" class=\"wpcf7-form init\" aria-label=\"Formulaire de contact\" novalidate=\"novalidate\" data-status=\"init\">\n<fieldset class=\"hidden-fields-container\"><input type=\"hidden\" name=\"_wpcf7\" value=\"86615\" \/><input type=\"hidden\" name=\"_wpcf7_version\" value=\"6.1.5\" \/><input type=\"hidden\" name=\"_wpcf7_locale\" value=\"fr_FR\" \/><input type=\"hidden\" name=\"_wpcf7_unit_tag\" value=\"wpcf7-f86615-o1\" \/><input type=\"hidden\" name=\"_wpcf7_container_post\" value=\"0\" \/><input type=\"hidden\" name=\"_wpcf7_posted_data_hash\" value=\"\" \/>\n<\/fieldset>\n<div class=\"wpcf7-inline-wrapper\">\n\t<p class=\"wpcf7-inline-field\"><span class=\"wpcf7-form-control-wrap\" data-name=\"nome\"><input size=\"40\" maxlength=\"400\" class=\"wpcf7-form-control wpcf7-text wpcf7-validates-as-required\" aria-required=\"true\" aria-invalid=\"false\" placeholder=\"Pr\u00e9nom\" value=\"\" type=\"text\" name=\"nome\" \/><\/span>\n\t<\/p>\n\t<p class=\"wpcf7-inline-field\"><span class=\"wpcf7-form-control-wrap\" data-name=\"cognome\"><input size=\"40\" maxlength=\"400\" class=\"wpcf7-form-control wpcf7-text wpcf7-validates-as-required\" aria-required=\"true\" aria-invalid=\"false\" placeholder=\"Nom\" value=\"\" type=\"text\" name=\"cognome\" \/><\/span>\n\t<\/p>\n<\/div>\n<div class=\"wpcf7-inline-wrapper\">\n\t<p class=\"wpcf7-inline-field\"><span class=\"wpcf7-form-control-wrap\" data-name=\"telefono\"><input size=\"40\" maxlength=\"400\" class=\"wpcf7-form-control wpcf7-text wpcf7-validates-as-required\" aria-required=\"true\" aria-invalid=\"false\" placeholder=\"T\u00e9l\u00e9phoner\" value=\"\" type=\"text\" name=\"telefono\" \/><\/span>\n\t<\/p>\n\t<p class=\"wpcf7-inline-field\"><span class=\"wpcf7-form-control-wrap\" data-name=\"email\"><input size=\"40\" maxlength=\"400\" class=\"wpcf7-form-control wpcf7-email wpcf7-validates-as-required wpcf7-text wpcf7-validates-as-email\" aria-required=\"true\" aria-invalid=\"false\" placeholder=\"Email\" value=\"\" type=\"email\" name=\"email\" \/><\/span>\n\t<\/p>\n<\/div>\n<div class=\"wpcf7-inline-wrapper\">\n\t<p class=\"wpcf7-inline-field\"><span class=\"wpcf7-form-control-wrap\" data-name=\"azienda\"><input size=\"40\" maxlength=\"400\" class=\"wpcf7-form-control wpcf7-text wpcf7-validates-as-required\" aria-required=\"true\" aria-invalid=\"false\" placeholder=\"Agence\" value=\"\" type=\"text\" name=\"azienda\" \/><\/span>\n\t<\/p>\n\t<p class=\"wpcf7-inline-field\"><span class=\"wpcf7-form-control-wrap\" data-name=\"sito-internet\"><input size=\"40\" maxlength=\"400\" class=\"wpcf7-form-control wpcf7-text\" aria-invalid=\"false\" placeholder=\"Adresse du site Web\" value=\"\" type=\"text\" name=\"sito-internet\" \/><\/span>\n\t<\/p>\n<\/div>\n<p><span class=\"wpcf7-form-control-wrap\" data-name=\"your-message\"><textarea cols=\"40\" rows=\"4\" maxlength=\"2000\" class=\"wpcf7-form-control wpcf7-textarea\" aria-invalid=\"false\" placeholder=\"Message\" name=\"your-message\"><\/textarea><\/span>\n<\/p>\n<p><span class=\"wpcf7-form-control-wrap\" data-name=\"accept-this-1\"><span class=\"wpcf7-form-control wpcf7-acceptance\"><span class=\"wpcf7-list-item\"><label><input type=\"checkbox\" name=\"accept-this-1\" value=\"1\" aria-invalid=\"false\" \/><span class=\"wpcf7-list-item-label\">En utilisant ce formulaire, vous acceptez le stockage et la gestion de vos donn\u00e9es \u00e0 partir de ce site.<\/span><\/label><\/span><\/span><\/span>\n<\/p>\n<p><input class=\"wpcf7-form-control wpcf7-submit has-spinner btn btn-accent btn-block\" type=\"submit\" value=\"Soumettre\" \/>\n<\/p><div class=\"wpcf7-response-output\" aria-hidden=\"true\"><\/div>\n<\/form>\n<\/div>\n[\/vc_column_inner][\/vc_row_inner][\/vc_column][\/vc_row]<\/p>\n<\/div>","protected":false},"excerpt":{"rendered":"<p>[vc_row row_height_percent=\u00a0\u00bb0&Prime; override_padding=\u00a0\u00bbyes\u00a0\u00bb h_padding=\u00a0\u00bb2&Prime; top_padding=\u00a0\u00bb5&Prime; bottom_padding=\u00a0\u00bb5&Prime; overlay_alpha=\u00a0\u00bb50&Prime; equal_height=\u00a0\u00bbyes\u00a0\u00bb gutter_size=\u00a0\u00bb4&Prime; column_width_percent=\u00a0\u00bb100&Prime; shift_y=\u00a0\u00bb0&Prime; z_index=\u00a0\u00bb0&Prime;][vc_column column_width_percent=\u00a0\u00bb100&Prime; gutter_size=\u00a0\u00bb3&Prime; overlay_alpha=\u00a0\u00bb50&Prime; shift_x=\u00a0\u00bb0&Prime; shift_y=\u00a0\u00bb0&Prime; shift_y_down=\u00a0\u00bb0&Prime; z_index=\u00a0\u00bb0&Prime; medium_width=\u00a0\u00bb0&Prime; [&hellip;]<\/p>\n","protected":false},"author":2,"featured_media":85838,"parent":0,"menu_order":0,"comment_status":"closed","ping_status":"closed","template":"","meta":{"footnotes":""},"class_list":["post-86472","page","type-page","status-publish","has-post-thumbnail","hentry"],"yoast_head":"<!-- This site is optimized with the Yoast SEO plugin v26.9 - https:\/\/yoast.com\/product\/yoast-seo-wordpress\/ -->\n<title>Certifications - TRE C<\/title>\n<meta name=\"robots\" content=\"index, follow, max-snippet:-1, max-image-preview:large, max-video-preview:-1\" \/>\n<link rel=\"canonical\" href=\"https:\/\/trec.it\/fr\/certifications-fiches-techniques-trec\/\" \/>\n<meta property=\"og:locale\" content=\"fr_FR\" \/>\n<meta property=\"og:type\" content=\"article\" \/>\n<meta property=\"og:title\" content=\"Certifications - TRE C\" \/>\n<meta property=\"og:description\" content=\"[vc_row row_height_percent=\u00a0\u00bb0&Prime; override_padding=\u00a0\u00bbyes\u00a0\u00bb h_padding=\u00a0\u00bb2&Prime; top_padding=\u00a0\u00bb5&Prime; bottom_padding=\u00a0\u00bb5&Prime; overlay_alpha=\u00a0\u00bb50&Prime; equal_height=\u00a0\u00bbyes\u00a0\u00bb gutter_size=\u00a0\u00bb4&Prime; column_width_percent=\u00a0\u00bb100&Prime; shift_y=\u00a0\u00bb0&Prime; z_index=\u00a0\u00bb0&Prime;][vc_column column_width_percent=\u00a0\u00bb100&Prime; gutter_size=\u00a0\u00bb3&Prime; overlay_alpha=\u00a0\u00bb50&Prime; shift_x=\u00a0\u00bb0&Prime; shift_y=\u00a0\u00bb0&Prime; shift_y_down=\u00a0\u00bb0&Prime; z_index=\u00a0\u00bb0&Prime; medium_width=\u00a0\u00bb0&Prime; [&hellip;]\" \/>\n<meta property=\"og:url\" content=\"https:\/\/trec.it\/fr\/certifications-fiches-techniques-trec\/\" \/>\n<meta property=\"og:site_name\" content=\"TRE C\" \/>\n<meta property=\"article:modified_time\" content=\"2023-10-03T16:05:33+00:00\" \/>\n<meta property=\"og:image\" content=\"https:\/\/trec.it\/wp-content\/uploads\/2020\/10\/trec-certificazioni-00.jpg\" \/>\n\t<meta property=\"og:image:width\" content=\"1920\" \/>\n\t<meta property=\"og:image:height\" content=\"1080\" \/>\n\t<meta property=\"og:image:type\" content=\"image\/jpeg\" \/>\n<meta name=\"twitter:card\" content=\"summary_large_image\" \/>\n<meta name=\"twitter:label1\" content=\"Dur\u00e9e de lecture estim\u00e9e\" \/>\n\t<meta name=\"twitter:data1\" content=\"5 minutes\" \/>\n<script type=\"application\/ld+json\" class=\"yoast-schema-graph\">{\"@context\":\"https:\/\/schema.org\",\"@graph\":[{\"@type\":\"WebPage\",\"@id\":\"https:\/\/trec.it\/fr\/certifications-fiches-techniques-trec\/\",\"url\":\"https:\/\/trec.it\/fr\/certifications-fiches-techniques-trec\/\",\"name\":\"Certifications - TRE C\",\"isPartOf\":{\"@id\":\"https:\/\/trec.it\/fr\/#website\"},\"primaryImageOfPage\":{\"@id\":\"https:\/\/trec.it\/fr\/certifications-fiches-techniques-trec\/#primaryimage\"},\"image\":{\"@id\":\"https:\/\/trec.it\/fr\/certifications-fiches-techniques-trec\/#primaryimage\"},\"thumbnailUrl\":\"https:\/\/trec.it\/wp-content\/uploads\/2020\/10\/trec-certificazioni-00.jpg\",\"datePublished\":\"2020-10-15T15:25:11+00:00\",\"dateModified\":\"2023-10-03T16:05:33+00:00\",\"breadcrumb\":{\"@id\":\"https:\/\/trec.it\/fr\/certifications-fiches-techniques-trec\/#breadcrumb\"},\"inLanguage\":\"fr-FR\",\"potentialAction\":[{\"@type\":\"ReadAction\",\"target\":[\"https:\/\/trec.it\/fr\/certifications-fiches-techniques-trec\/\"]}]},{\"@type\":\"ImageObject\",\"inLanguage\":\"fr-FR\",\"@id\":\"https:\/\/trec.it\/fr\/certifications-fiches-techniques-trec\/#primaryimage\",\"url\":\"https:\/\/trec.it\/wp-content\/uploads\/2020\/10\/trec-certificazioni-00.jpg\",\"contentUrl\":\"https:\/\/trec.it\/wp-content\/uploads\/2020\/10\/trec-certificazioni-00.jpg\",\"width\":1920,\"height\":1080},{\"@type\":\"BreadcrumbList\",\"@id\":\"https:\/\/trec.it\/fr\/certifications-fiches-techniques-trec\/#breadcrumb\",\"itemListElement\":[{\"@type\":\"ListItem\",\"position\":1,\"name\":\"Home\",\"item\":\"https:\/\/trec.it\/fr\/\"},{\"@type\":\"ListItem\",\"position\":2,\"name\":\"Certifications\"}]},{\"@type\":\"WebSite\",\"@id\":\"https:\/\/trec.it\/fr\/#website\",\"url\":\"https:\/\/trec.it\/fr\/\",\"name\":\"TRE C\",\"description\":\"Trec\",\"publisher\":{\"@id\":\"https:\/\/trec.it\/fr\/#organization\"},\"potentialAction\":[{\"@type\":\"SearchAction\",\"target\":{\"@type\":\"EntryPoint\",\"urlTemplate\":\"https:\/\/trec.it\/fr\/?s={search_term_string}\"},\"query-input\":{\"@type\":\"PropertyValueSpecification\",\"valueRequired\":true,\"valueName\":\"search_term_string\"}}],\"inLanguage\":\"fr-FR\"},{\"@type\":\"Organization\",\"@id\":\"https:\/\/trec.it\/fr\/#organization\",\"name\":\"TRE C\",\"url\":\"https:\/\/trec.it\/fr\/\",\"logo\":{\"@type\":\"ImageObject\",\"inLanguage\":\"fr-FR\",\"@id\":\"https:\/\/trec.it\/fr\/#\/schema\/logo\/image\/\",\"url\":\"https:\/\/www.trec.it\/wp-content\/uploads\/2020\/10\/trec-sas-logo-dark.png\",\"contentUrl\":\"https:\/\/www.trec.it\/wp-content\/uploads\/2020\/10\/trec-sas-logo-dark.png\",\"width\":300,\"height\":336,\"caption\":\"TRE C\"},\"image\":{\"@id\":\"https:\/\/trec.it\/fr\/#\/schema\/logo\/image\/\"}}]}<\/script>\n<!-- \/ Yoast SEO plugin. -->","yoast_head_json":{"title":"Certifications - TRE C","robots":{"index":"index","follow":"follow","max-snippet":"max-snippet:-1","max-image-preview":"max-image-preview:large","max-video-preview":"max-video-preview:-1"},"canonical":"https:\/\/trec.it\/fr\/certifications-fiches-techniques-trec\/","og_locale":"fr_FR","og_type":"article","og_title":"Certifications - TRE C","og_description":"[vc_row row_height_percent=\u00a0\u00bb0&Prime; override_padding=\u00a0\u00bbyes\u00a0\u00bb h_padding=\u00a0\u00bb2&Prime; top_padding=\u00a0\u00bb5&Prime; bottom_padding=\u00a0\u00bb5&Prime; overlay_alpha=\u00a0\u00bb50&Prime; equal_height=\u00a0\u00bbyes\u00a0\u00bb gutter_size=\u00a0\u00bb4&Prime; column_width_percent=\u00a0\u00bb100&Prime; shift_y=\u00a0\u00bb0&Prime; z_index=\u00a0\u00bb0&Prime;][vc_column column_width_percent=\u00a0\u00bb100&Prime; gutter_size=\u00a0\u00bb3&Prime; overlay_alpha=\u00a0\u00bb50&Prime; shift_x=\u00a0\u00bb0&Prime; shift_y=\u00a0\u00bb0&Prime; shift_y_down=\u00a0\u00bb0&Prime; z_index=\u00a0\u00bb0&Prime; medium_width=\u00a0\u00bb0&Prime; [&hellip;]","og_url":"https:\/\/trec.it\/fr\/certifications-fiches-techniques-trec\/","og_site_name":"TRE C","article_modified_time":"2023-10-03T16:05:33+00:00","og_image":[{"width":1920,"height":1080,"url":"https:\/\/trec.it\/wp-content\/uploads\/2020\/10\/trec-certificazioni-00.jpg","type":"image\/jpeg"}],"twitter_card":"summary_large_image","twitter_misc":{"Dur\u00e9e de lecture estim\u00e9e":"5 minutes"},"schema":{"@context":"https:\/\/schema.org","@graph":[{"@type":"WebPage","@id":"https:\/\/trec.it\/fr\/certifications-fiches-techniques-trec\/","url":"https:\/\/trec.it\/fr\/certifications-fiches-techniques-trec\/","name":"Certifications - TRE C","isPartOf":{"@id":"https:\/\/trec.it\/fr\/#website"},"primaryImageOfPage":{"@id":"https:\/\/trec.it\/fr\/certifications-fiches-techniques-trec\/#primaryimage"},"image":{"@id":"https:\/\/trec.it\/fr\/certifications-fiches-techniques-trec\/#primaryimage"},"thumbnailUrl":"https:\/\/trec.it\/wp-content\/uploads\/2020\/10\/trec-certificazioni-00.jpg","datePublished":"2020-10-15T15:25:11+00:00","dateModified":"2023-10-03T16:05:33+00:00","breadcrumb":{"@id":"https:\/\/trec.it\/fr\/certifications-fiches-techniques-trec\/#breadcrumb"},"inLanguage":"fr-FR","potentialAction":[{"@type":"ReadAction","target":["https:\/\/trec.it\/fr\/certifications-fiches-techniques-trec\/"]}]},{"@type":"ImageObject","inLanguage":"fr-FR","@id":"https:\/\/trec.it\/fr\/certifications-fiches-techniques-trec\/#primaryimage","url":"https:\/\/trec.it\/wp-content\/uploads\/2020\/10\/trec-certificazioni-00.jpg","contentUrl":"https:\/\/trec.it\/wp-content\/uploads\/2020\/10\/trec-certificazioni-00.jpg","width":1920,"height":1080},{"@type":"BreadcrumbList","@id":"https:\/\/trec.it\/fr\/certifications-fiches-techniques-trec\/#breadcrumb","itemListElement":[{"@type":"ListItem","position":1,"name":"Home","item":"https:\/\/trec.it\/fr\/"},{"@type":"ListItem","position":2,"name":"Certifications"}]},{"@type":"WebSite","@id":"https:\/\/trec.it\/fr\/#website","url":"https:\/\/trec.it\/fr\/","name":"TRE C","description":"Trec","publisher":{"@id":"https:\/\/trec.it\/fr\/#organization"},"potentialAction":[{"@type":"SearchAction","target":{"@type":"EntryPoint","urlTemplate":"https:\/\/trec.it\/fr\/?s={search_term_string}"},"query-input":{"@type":"PropertyValueSpecification","valueRequired":true,"valueName":"search_term_string"}}],"inLanguage":"fr-FR"},{"@type":"Organization","@id":"https:\/\/trec.it\/fr\/#organization","name":"TRE C","url":"https:\/\/trec.it\/fr\/","logo":{"@type":"ImageObject","inLanguage":"fr-FR","@id":"https:\/\/trec.it\/fr\/#\/schema\/logo\/image\/","url":"https:\/\/www.trec.it\/wp-content\/uploads\/2020\/10\/trec-sas-logo-dark.png","contentUrl":"https:\/\/www.trec.it\/wp-content\/uploads\/2020\/10\/trec-sas-logo-dark.png","width":300,"height":336,"caption":"TRE C"},"image":{"@id":"https:\/\/trec.it\/fr\/#\/schema\/logo\/image\/"}}]}},"_links":{"self":[{"href":"https:\/\/trec.it\/fr\/wp-json\/wp\/v2\/pages\/86472","targetHints":{"allow":["GET"]}}],"collection":[{"href":"https:\/\/trec.it\/fr\/wp-json\/wp\/v2\/pages"}],"about":[{"href":"https:\/\/trec.it\/fr\/wp-json\/wp\/v2\/types\/page"}],"author":[{"embeddable":true,"href":"https:\/\/trec.it\/fr\/wp-json\/wp\/v2\/users\/2"}],"replies":[{"embeddable":true,"href":"https:\/\/trec.it\/fr\/wp-json\/wp\/v2\/comments?post=86472"}],"version-history":[{"count":5,"href":"https:\/\/trec.it\/fr\/wp-json\/wp\/v2\/pages\/86472\/revisions"}],"predecessor-version":[{"id":87808,"href":"https:\/\/trec.it\/fr\/wp-json\/wp\/v2\/pages\/86472\/revisions\/87808"}],"wp:featuredmedia":[{"embeddable":true,"href":"https:\/\/trec.it\/fr\/wp-json\/wp\/v2\/media\/85838"}],"wp:attachment":[{"href":"https:\/\/trec.it\/fr\/wp-json\/wp\/v2\/media?parent=86472"}],"curies":[{"name":"wp","href":"https:\/\/api.w.org\/{rel}","templated":true}]}}