{"id":86493,"date":"2020-10-16T08:38:29","date_gmt":"2020-10-16T08:38:29","guid":{"rendered":"https:\/\/www.trec.it\/pannelli-isolanti\/poliuretano\/"},"modified":"2023-09-14T15:33:32","modified_gmt":"2023-09-14T13:33:32","slug":"panneaux-sandwich-tole-polyurethane","status":"publish","type":"page","link":"https:\/\/trec.it\/fr\/panneaux-sandwich-tole\/panneaux-sandwich-tole-polyurethane\/","title":{"rendered":"Polyur\u00e9thane"},"content":{"rendered":"<div class=\"wpb-content-wrapper\"><p>[vc_row row_height_percent=\u00a0\u00bb0&Prime; override_padding=\u00a0\u00bbyes\u00a0\u00bb h_padding=\u00a0\u00bb2&Prime; top_padding=\u00a0\u00bb5&Prime; bottom_padding=\u00a0\u00bb5&Prime; overlay_alpha=\u00a0\u00bb50&Prime; gutter_size=\u00a0\u00bb4&Prime; column_width_percent=\u00a0\u00bb100&Prime; shift_y=\u00a0\u00bb0&Prime; z_index=\u00a0\u00bb0&Prime;][vc_column width=\u00a0\u00bb2\/3&Prime;][vc_column_text]Panneaux sandwich r\u00e9alis\u00e9s sur mesure, constitu\u00e9s de deux caissons en t\u00f4le assembl\u00e9es l&rsquo;un dans l&rsquo;autre. Isolation obtenue par injection de polyur\u00e9thane d&rsquo;une densit\u00e9 moyenne de 40-45 kg\/m^3.<br \/>\nPossibilit\u00e9 de r\u00e9aliser diverses ouvertures selon projet pour l&rsquo;application ult\u00e9rieure de poign\u00e9es, charni\u00e8res, hublots\u2026[\/vc_column_text][vc_empty_space empty_h=\u00a0\u00bb2&Prime;][vc_custom_heading text_size=\u00a0\u00bb\u00a0\u00bb]Avantages[\/vc_custom_heading][vc_column_text]<\/p>\n<ul>\n<li>Isolation thermique uniforme et continue sur l&rsquo;ensemble du panneau<\/li>\n<li>Isolation acoustique &#8211; la structure sandwich des panneaux (t\u00f4le\/polyur\u00e9thane\/t\u00f4le) et la haute densit\u00e9 de la mousse assurent de bonnes performances d&rsquo;isolation acoustique<\/li>\n<li>Haute r\u00e9sistance et durabilit\u00e9 garanties par la structure du panneau r\u00e9alis\u00e9e avec des panneaux de confinement<\/li>\n<li>R\u00e9sultat esth\u00e9tique &#8211; une large gamme de couleurs et de finitions de surface vous permet de toujours obtenir l&rsquo;effet final souhait\u00e9<\/li>\n<li>Ma\u00eetrise des co\u00fbts &#8211; l&rsquo;utilisation de panneaux pr\u00e9finis \u00e9vite au client d&rsquo;investir dans des machines co\u00fbteuses pour le traitement de la t\u00f4le et le moussage<\/li>\n<\/ul>\n<p>[\/vc_column_text][vc_empty_space empty_h=\u00a0\u00bb2&Prime;][vc_custom_heading text_size=\u00a0\u00bb\u00a0\u00bb]Quelques applications possibles[\/vc_custom_heading][vc_column_text]<\/p>\n<ul>\n<li>Appareils de r\u00e9frig\u00e9ration<\/li>\n<li>Unit\u00e9s de traitement de l&rsquo;air<\/li>\n<li>Tamponnage d&rsquo;installations industrielles<\/li>\n<\/ul>\n<p>[\/vc_column_text][vc_gallery el_id=\u00a0\u00bbPolyurethanePanels\u00a0\u00bb isotope_mode=\u00a0\u00bbfitRows\u00a0\u00bb medias=\u00a0\u00bb85279,85219,84946,84615,84244,85296,85294,85292&Prime; gutter_size=\u00a0\u00bb2&Prime; media_items=\u00a0\u00bbmedia|lightbox|original\u00a0\u00bb screen_lg=\u00a0\u00bb1000&Prime; screen_md=\u00a0\u00bb600&Prime; screen_sm=\u00a0\u00bb480&Prime; single_width=\u00a0\u00bb2&Prime; single_overlay_opacity=\u00a0\u00bb50&Prime; single_padding=\u00a0\u00bb2&Prime;][vc_empty_space empty_h=\u00a0\u00bb2&Prime;][vc_custom_heading text_size=\u00a0\u00bb\u00a0\u00bb]Caract\u00e9ristiques techniques[\/vc_custom_heading][vc_column_text]<\/p>\n<ul>\n<li>Versions disponibles : Panneau sandwich type SIMPLE &#8211; Panneau sandwich type STEP (avec but\u00e9e)<\/li>\n<li>Dimensions : Maximum 3000 \u00d7 1250 mm<\/li>\n<li>\u00c9paisseur du panneau : Standard 23-25-40-46-60 mm. Sur demande jusqu&rsquo;\u00e0 100 mm<\/li>\n<li>\u00c9paisseur de t\u00f4le : De 0,5 \u00e0 1,5 mm<\/li>\n<li>Mat\u00e9riaux : T\u00f4le galvanis\u00e9e, plastifi\u00e9e\/pr\u00e9laqu\u00e9e, aluminium, acier inoxydable<\/li>\n<li>Densit\u00e9 moyenne de la mousse : 40-45 kg\/m ^ 3<\/li>\n<li>R\u00e9action au feu : Classe B s3, D0 [UNI EN 13501-1]<\/li>\n<\/ul>\n<p>[\/vc_column_text][\/vc_column][vc_column column_width_percent=\u00a0\u00bb100&Prime; gutter_size=\u00a0\u00bb1&Prime; overlay_alpha=\u00a0\u00bb50&Prime; border_color=\u00a0\u00bbcolor-gyho\u00a0\u00bb border_style=\u00a0\u00bbsolid\u00a0\u00bb shift_x=\u00a0\u00bb0&Prime; shift_y=\u00a0\u00bb0&Prime; shift_y_down=\u00a0\u00bb0&Prime; z_index=\u00a0\u00bb0&Prime; medium_width=\u00a0\u00bb0&Prime; mobile_width=\u00a0\u00bb0&Prime; sticky=\u00a0\u00bbyes\u00a0\u00bb width=\u00a0\u00bb1\/3&Prime; css=\u00a0\u00bb.vc_custom_1603007163670{border-left-width: 4px !important;padding-left: 36px !important;}\u00a0\u00bb][vc_empty_space empty_h=\u00a0\u00bb1&Prime;][vc_custom_heading heading_semantic=\u00a0\u00bbh3&Prime; text_size=\u00a0\u00bbfontsize-176194&Prime; text_transform=\u00a0\u00bbuppercase\u00a0\u00bb text_space=\u00a0\u00bbfontspace-165870&Prime; text_color=\u00a0\u00bbcolor-895715&Prime;]Panneaux isolants[\/vc_custom_heading][vc_empty_space empty_h=\u00a0\u00bb1&Prime;][vc_button button_color=\u00a0\u00bbcolor-210407&Prime; wide=\u00a0\u00bbyes\u00a0\u00bb border_width=\u00a0\u00bb0&Prime; icon=\u00a0\u00bbfa fa-long-arrow-right\u00a0\u00bb el_class=\u00a0\u00bbbtn-left\u00a0\u00bb link=\u00a0\u00bburl:https%3A%2F%2Fwww.trec.it%2Ffr%2Fpannelli-isolanti%2Fpoliuretano%2F|title:Poliuretano\u00a0\u00bb]Polyur\u00e9thane[\/vc_button][vc_button wide=\u00a0\u00bbyes\u00a0\u00bb border_width=\u00a0\u00bb0&Prime; icon=\u00a0\u00bbfa fa-long-arrow-right\u00a0\u00bb el_class=\u00a0\u00bbbtn-left\u00a0\u00bb link=\u00a0\u00bburl:https%3A%2F%2Fwww.trec.it%2Ffr%2Fpannelli-isolanti%2Flana-minerale%2F|title:Lana%20minerale\u00a0\u00bb]Laine min\u00e9rale[\/vc_button][vc_button wide=\u00a0\u00bbyes\u00a0\u00bb border_width=\u00a0\u00bb0&Prime; icon=\u00a0\u00bbfa fa-long-arrow-right\u00a0\u00bb el_class=\u00a0\u00bbbtn-left\u00a0\u00bb link=\u00a0\u00bburl:https%3A%2F%2Fwww.trec.it%2Ffr%2Fpannelli-isolanti%2Faltri-isolanti%2F|title:Altri%20isolanti\u00a0\u00bb]Autres isolants[\/vc_button][vc_empty_space empty_h=\u00a0\u00bb2&Prime;][vc_custom_heading heading_semantic=\u00a0\u00bbh3&Prime; text_size=\u00a0\u00bbfontsize-176194&Prime; text_transform=\u00a0\u00bbuppercase\u00a0\u00bb text_space=\u00a0\u00bbfontspace-165870&Prime; text_color=\u00a0\u00bbcolor-895715&Prime;]Accessoires[\/vc_custom_heading][vc_empty_space empty_h=\u00a0\u00bb1&Prime;][vc_button wide=\u00a0\u00bbyes\u00a0\u00bb border_width=\u00a0\u00bb0&Prime; icon=\u00a0\u00bbfa fa-long-arrow-right\u00a0\u00bb el_class=\u00a0\u00bbbtn-left\u00a0\u00bb link=\u00a0\u00bburl:https%3A%2F%2Fwww.trec.it%2Fvaschette-raccogli-condensa%2F|title:Vaschette\u00a0\u00bb]Vaschette[\/vc_button][vc_empty_space empty_h=\u00a0\u00bb2&Prime;][vc_custom_heading heading_semantic=\u00a0\u00bbh3&Prime; text_size=\u00a0\u00bbfontsize-176194&Prime; text_transform=\u00a0\u00bbuppercase\u00a0\u00bb text_space=\u00a0\u00bbfontspace-165870&Prime; text_color=\u00a0\u00bbcolor-895715&Prime;]Catalogues[\/vc_custom_heading][vc_empty_space empty_h=\u00a0\u00bb1&Prime;][vc_button button_color=\u00a0\u00bbcolor-gyho\u00a0\u00bb wide=\u00a0\u00bbyes\u00a0\u00bb hover_fx=\u00a0\u00bbfull-colored\u00a0\u00bb border_width=\u00a0\u00bb0&Prime; icon=\u00a0\u00bbfa fa-file-pdf-o\u00a0\u00bb el_class=\u00a0\u00bbbtn-left btn-cat\u00a0\u00bb link=\u00a0\u00bburl:https%3A%2F%2Fwww.trec.it%2Fwp-content%2Fuploads%2F2020%2F10%2F2020_TREC_PanelsCatalogue_ITA_web.pdf|target:_blank\u00a0\u00bb]Panneaux isolants[\/vc_button][vc_empty_space empty_h=\u00a0\u00bb1&Prime;][\/vc_column][\/vc_row]<\/p>\n<\/div>","protected":false},"excerpt":{"rendered":"<p>[vc_row row_height_percent=\u00a0\u00bb0&Prime; override_padding=\u00a0\u00bbyes\u00a0\u00bb h_padding=\u00a0\u00bb2&Prime; top_padding=\u00a0\u00bb5&Prime; bottom_padding=\u00a0\u00bb5&Prime; overlay_alpha=\u00a0\u00bb50&Prime; gutter_size=\u00a0\u00bb4&Prime; column_width_percent=\u00a0\u00bb100&Prime; shift_y=\u00a0\u00bb0&Prime; z_index=\u00a0\u00bb0&Prime;][vc_column width=\u00a0\u00bb2\/3&Prime;][vc_column_text]Panneaux sandwich r\u00e9alis\u00e9s sur mesure, constitu\u00e9s de deux caissons [&hellip;]<\/p>\n","protected":false},"author":2,"featured_media":86032,"parent":86485,"menu_order":0,"comment_status":"closed","ping_status":"closed","template":"","meta":{"footnotes":""},"class_list":["post-86493","page","type-page","status-publish","has-post-thumbnail","hentry"],"yoast_head":"<!-- This site is optimized with the Yoast SEO plugin v26.9 - https:\/\/yoast.com\/product\/yoast-seo-wordpress\/ -->\n<title>Polyur\u00e9thane - TRE C<\/title>\n<meta name=\"robots\" content=\"index, follow, max-snippet:-1, max-image-preview:large, max-video-preview:-1\" \/>\n<link rel=\"canonical\" href=\"https:\/\/trec.it\/fr\/panneaux-sandwich-tole\/panneaux-sandwich-tole-polyurethane\/\" \/>\n<meta property=\"og:locale\" content=\"fr_FR\" \/>\n<meta property=\"og:type\" content=\"article\" \/>\n<meta property=\"og:title\" content=\"Polyur\u00e9thane - TRE C\" \/>\n<meta property=\"og:description\" content=\"[vc_row row_height_percent=\u00a0\u00bb0&Prime; override_padding=\u00a0\u00bbyes\u00a0\u00bb h_padding=\u00a0\u00bb2&Prime; top_padding=\u00a0\u00bb5&Prime; bottom_padding=\u00a0\u00bb5&Prime; overlay_alpha=\u00a0\u00bb50&Prime; gutter_size=\u00a0\u00bb4&Prime; column_width_percent=\u00a0\u00bb100&Prime; shift_y=\u00a0\u00bb0&Prime; z_index=\u00a0\u00bb0&Prime;][vc_column width=\u00a0\u00bb2\/3&Prime;][vc_column_text]Panneaux sandwich r\u00e9alis\u00e9s sur mesure, constitu\u00e9s de deux caissons [&hellip;]\" \/>\n<meta property=\"og:url\" content=\"https:\/\/trec.it\/fr\/panneaux-sandwich-tole\/panneaux-sandwich-tole-polyurethane\/\" \/>\n<meta property=\"og:site_name\" content=\"TRE C\" \/>\n<meta property=\"article:modified_time\" content=\"2023-09-14T13:33:32+00:00\" \/>\n<meta property=\"og:image\" content=\"https:\/\/trec.it\/wp-content\/uploads\/2020\/10\/trec-azienda-00.jpg\" \/>\n\t<meta property=\"og:image:width\" content=\"1920\" \/>\n\t<meta property=\"og:image:height\" content=\"1080\" \/>\n\t<meta property=\"og:image:type\" content=\"image\/jpeg\" \/>\n<meta name=\"twitter:card\" content=\"summary_large_image\" \/>\n<meta name=\"twitter:label1\" content=\"Dur\u00e9e de lecture estim\u00e9e\" \/>\n\t<meta name=\"twitter:data1\" content=\"2 minutes\" \/>\n<script type=\"application\/ld+json\" class=\"yoast-schema-graph\">{\"@context\":\"https:\/\/schema.org\",\"@graph\":[{\"@type\":\"WebPage\",\"@id\":\"https:\/\/trec.it\/fr\/panneaux-sandwich-tole\/panneaux-sandwich-tole-polyurethane\/\",\"url\":\"https:\/\/trec.it\/fr\/panneaux-sandwich-tole\/panneaux-sandwich-tole-polyurethane\/\",\"name\":\"Polyur\u00e9thane - TRE C\",\"isPartOf\":{\"@id\":\"https:\/\/trec.it\/fr\/#website\"},\"primaryImageOfPage\":{\"@id\":\"https:\/\/trec.it\/fr\/panneaux-sandwich-tole\/panneaux-sandwich-tole-polyurethane\/#primaryimage\"},\"image\":{\"@id\":\"https:\/\/trec.it\/fr\/panneaux-sandwich-tole\/panneaux-sandwich-tole-polyurethane\/#primaryimage\"},\"thumbnailUrl\":\"https:\/\/trec.it\/wp-content\/uploads\/2020\/10\/trec-azienda-00.jpg\",\"datePublished\":\"2020-10-16T08:38:29+00:00\",\"dateModified\":\"2023-09-14T13:33:32+00:00\",\"breadcrumb\":{\"@id\":\"https:\/\/trec.it\/fr\/panneaux-sandwich-tole\/panneaux-sandwich-tole-polyurethane\/#breadcrumb\"},\"inLanguage\":\"fr-FR\",\"potentialAction\":[{\"@type\":\"ReadAction\",\"target\":[\"https:\/\/trec.it\/fr\/panneaux-sandwich-tole\/panneaux-sandwich-tole-polyurethane\/\"]}]},{\"@type\":\"ImageObject\",\"inLanguage\":\"fr-FR\",\"@id\":\"https:\/\/trec.it\/fr\/panneaux-sandwich-tole\/panneaux-sandwich-tole-polyurethane\/#primaryimage\",\"url\":\"https:\/\/trec.it\/wp-content\/uploads\/2020\/10\/trec-azienda-00.jpg\",\"contentUrl\":\"https:\/\/trec.it\/wp-content\/uploads\/2020\/10\/trec-azienda-00.jpg\",\"width\":1920,\"height\":1080},{\"@type\":\"BreadcrumbList\",\"@id\":\"https:\/\/trec.it\/fr\/panneaux-sandwich-tole\/panneaux-sandwich-tole-polyurethane\/#breadcrumb\",\"itemListElement\":[{\"@type\":\"ListItem\",\"position\":1,\"name\":\"Home\",\"item\":\"https:\/\/trec.it\/fr\/\"},{\"@type\":\"ListItem\",\"position\":2,\"name\":\"Panneaux isolants\",\"item\":\"https:\/\/trec.it\/fr\/pannelli-isolanti\/\"},{\"@type\":\"ListItem\",\"position\":3,\"name\":\"Polyur\u00e9thane\"}]},{\"@type\":\"WebSite\",\"@id\":\"https:\/\/trec.it\/fr\/#website\",\"url\":\"https:\/\/trec.it\/fr\/\",\"name\":\"TRE C\",\"description\":\"Trec\",\"publisher\":{\"@id\":\"https:\/\/trec.it\/fr\/#organization\"},\"potentialAction\":[{\"@type\":\"SearchAction\",\"target\":{\"@type\":\"EntryPoint\",\"urlTemplate\":\"https:\/\/trec.it\/fr\/?s={search_term_string}\"},\"query-input\":{\"@type\":\"PropertyValueSpecification\",\"valueRequired\":true,\"valueName\":\"search_term_string\"}}],\"inLanguage\":\"fr-FR\"},{\"@type\":\"Organization\",\"@id\":\"https:\/\/trec.it\/fr\/#organization\",\"name\":\"TRE C\",\"url\":\"https:\/\/trec.it\/fr\/\",\"logo\":{\"@type\":\"ImageObject\",\"inLanguage\":\"fr-FR\",\"@id\":\"https:\/\/trec.it\/fr\/#\/schema\/logo\/image\/\",\"url\":\"https:\/\/www.trec.it\/wp-content\/uploads\/2020\/10\/trec-sas-logo-dark.png\",\"contentUrl\":\"https:\/\/www.trec.it\/wp-content\/uploads\/2020\/10\/trec-sas-logo-dark.png\",\"width\":300,\"height\":336,\"caption\":\"TRE C\"},\"image\":{\"@id\":\"https:\/\/trec.it\/fr\/#\/schema\/logo\/image\/\"}}]}<\/script>\n<!-- \/ Yoast SEO plugin. -->","yoast_head_json":{"title":"Polyur\u00e9thane - TRE C","robots":{"index":"index","follow":"follow","max-snippet":"max-snippet:-1","max-image-preview":"max-image-preview:large","max-video-preview":"max-video-preview:-1"},"canonical":"https:\/\/trec.it\/fr\/panneaux-sandwich-tole\/panneaux-sandwich-tole-polyurethane\/","og_locale":"fr_FR","og_type":"article","og_title":"Polyur\u00e9thane - TRE C","og_description":"[vc_row row_height_percent=\u00a0\u00bb0&Prime; override_padding=\u00a0\u00bbyes\u00a0\u00bb h_padding=\u00a0\u00bb2&Prime; top_padding=\u00a0\u00bb5&Prime; bottom_padding=\u00a0\u00bb5&Prime; overlay_alpha=\u00a0\u00bb50&Prime; gutter_size=\u00a0\u00bb4&Prime; column_width_percent=\u00a0\u00bb100&Prime; shift_y=\u00a0\u00bb0&Prime; z_index=\u00a0\u00bb0&Prime;][vc_column width=\u00a0\u00bb2\/3&Prime;][vc_column_text]Panneaux sandwich r\u00e9alis\u00e9s sur mesure, constitu\u00e9s de deux caissons [&hellip;]","og_url":"https:\/\/trec.it\/fr\/panneaux-sandwich-tole\/panneaux-sandwich-tole-polyurethane\/","og_site_name":"TRE C","article_modified_time":"2023-09-14T13:33:32+00:00","og_image":[{"width":1920,"height":1080,"url":"https:\/\/trec.it\/wp-content\/uploads\/2020\/10\/trec-azienda-00.jpg","type":"image\/jpeg"}],"twitter_card":"summary_large_image","twitter_misc":{"Dur\u00e9e de lecture estim\u00e9e":"2 minutes"},"schema":{"@context":"https:\/\/schema.org","@graph":[{"@type":"WebPage","@id":"https:\/\/trec.it\/fr\/panneaux-sandwich-tole\/panneaux-sandwich-tole-polyurethane\/","url":"https:\/\/trec.it\/fr\/panneaux-sandwich-tole\/panneaux-sandwich-tole-polyurethane\/","name":"Polyur\u00e9thane - TRE C","isPartOf":{"@id":"https:\/\/trec.it\/fr\/#website"},"primaryImageOfPage":{"@id":"https:\/\/trec.it\/fr\/panneaux-sandwich-tole\/panneaux-sandwich-tole-polyurethane\/#primaryimage"},"image":{"@id":"https:\/\/trec.it\/fr\/panneaux-sandwich-tole\/panneaux-sandwich-tole-polyurethane\/#primaryimage"},"thumbnailUrl":"https:\/\/trec.it\/wp-content\/uploads\/2020\/10\/trec-azienda-00.jpg","datePublished":"2020-10-16T08:38:29+00:00","dateModified":"2023-09-14T13:33:32+00:00","breadcrumb":{"@id":"https:\/\/trec.it\/fr\/panneaux-sandwich-tole\/panneaux-sandwich-tole-polyurethane\/#breadcrumb"},"inLanguage":"fr-FR","potentialAction":[{"@type":"ReadAction","target":["https:\/\/trec.it\/fr\/panneaux-sandwich-tole\/panneaux-sandwich-tole-polyurethane\/"]}]},{"@type":"ImageObject","inLanguage":"fr-FR","@id":"https:\/\/trec.it\/fr\/panneaux-sandwich-tole\/panneaux-sandwich-tole-polyurethane\/#primaryimage","url":"https:\/\/trec.it\/wp-content\/uploads\/2020\/10\/trec-azienda-00.jpg","contentUrl":"https:\/\/trec.it\/wp-content\/uploads\/2020\/10\/trec-azienda-00.jpg","width":1920,"height":1080},{"@type":"BreadcrumbList","@id":"https:\/\/trec.it\/fr\/panneaux-sandwich-tole\/panneaux-sandwich-tole-polyurethane\/#breadcrumb","itemListElement":[{"@type":"ListItem","position":1,"name":"Home","item":"https:\/\/trec.it\/fr\/"},{"@type":"ListItem","position":2,"name":"Panneaux isolants","item":"https:\/\/trec.it\/fr\/pannelli-isolanti\/"},{"@type":"ListItem","position":3,"name":"Polyur\u00e9thane"}]},{"@type":"WebSite","@id":"https:\/\/trec.it\/fr\/#website","url":"https:\/\/trec.it\/fr\/","name":"TRE C","description":"Trec","publisher":{"@id":"https:\/\/trec.it\/fr\/#organization"},"potentialAction":[{"@type":"SearchAction","target":{"@type":"EntryPoint","urlTemplate":"https:\/\/trec.it\/fr\/?s={search_term_string}"},"query-input":{"@type":"PropertyValueSpecification","valueRequired":true,"valueName":"search_term_string"}}],"inLanguage":"fr-FR"},{"@type":"Organization","@id":"https:\/\/trec.it\/fr\/#organization","name":"TRE C","url":"https:\/\/trec.it\/fr\/","logo":{"@type":"ImageObject","inLanguage":"fr-FR","@id":"https:\/\/trec.it\/fr\/#\/schema\/logo\/image\/","url":"https:\/\/www.trec.it\/wp-content\/uploads\/2020\/10\/trec-sas-logo-dark.png","contentUrl":"https:\/\/www.trec.it\/wp-content\/uploads\/2020\/10\/trec-sas-logo-dark.png","width":300,"height":336,"caption":"TRE C"},"image":{"@id":"https:\/\/trec.it\/fr\/#\/schema\/logo\/image\/"}}]}},"_links":{"self":[{"href":"https:\/\/trec.it\/fr\/wp-json\/wp\/v2\/pages\/86493","targetHints":{"allow":["GET"]}}],"collection":[{"href":"https:\/\/trec.it\/fr\/wp-json\/wp\/v2\/pages"}],"about":[{"href":"https:\/\/trec.it\/fr\/wp-json\/wp\/v2\/types\/page"}],"author":[{"embeddable":true,"href":"https:\/\/trec.it\/fr\/wp-json\/wp\/v2\/users\/2"}],"replies":[{"embeddable":true,"href":"https:\/\/trec.it\/fr\/wp-json\/wp\/v2\/comments?post=86493"}],"version-history":[{"count":5,"href":"https:\/\/trec.it\/fr\/wp-json\/wp\/v2\/pages\/86493\/revisions"}],"predecessor-version":[{"id":86495,"href":"https:\/\/trec.it\/fr\/wp-json\/wp\/v2\/pages\/86493\/revisions\/86495"}],"up":[{"embeddable":true,"href":"https:\/\/trec.it\/fr\/wp-json\/wp\/v2\/pages\/86485"}],"wp:featuredmedia":[{"embeddable":true,"href":"https:\/\/trec.it\/fr\/wp-json\/wp\/v2\/media\/86032"}],"wp:attachment":[{"href":"https:\/\/trec.it\/fr\/wp-json\/wp\/v2\/media?parent=86493"}],"curies":[{"name":"wp","href":"https:\/\/api.w.org\/{rel}","templated":true}]}}