{"id":86517,"date":"2020-10-16T09:00:46","date_gmt":"2020-10-16T07:00:46","guid":{"rendered":"https:\/\/www.trec.it\/cabine-di-insonorizzazione\/"},"modified":"2023-09-14T15:43:03","modified_gmt":"2023-09-14T13:43:03","slug":"cabines-insonorisation","status":"publish","type":"page","link":"https:\/\/trec.it\/fr\/cabines-insonorisation\/","title":{"rendered":"Cabines d&rsquo;insonorisation"},"content":{"rendered":"<div class=\"wpb-content-wrapper\"><p>[vc_row row_height_percent=\u00a0\u00bb0&Prime; override_padding=\u00a0\u00bbyes\u00a0\u00bb h_padding=\u00a0\u00bb2&Prime; top_padding=\u00a0\u00bb5&Prime; bottom_padding=\u00a0\u00bb5&Prime; overlay_alpha=\u00a0\u00bb50&Prime; gutter_size=\u00a0\u00bb4&Prime; column_width_percent=\u00a0\u00bb100&Prime; shift_y=\u00a0\u00bb0&Prime; z_index=\u00a0\u00bb0&Prime;][vc_column width=\u00a0\u00bb2\/3&Prime;][vc_column_text]Les cabines d&rsquo;insonorisation permettent d&rsquo;att\u00e9nuer les \u00e9missions sonores des \u00e9quipements particuli\u00e8rement bruyants.<\/p>\n<p>Nos cabines sont con\u00e7ues sur la base du cahier des charges du client et r\u00e9alis\u00e9es sur mesure.<br \/>\nLes panneaux acoustiques qui composent la cabine sont r\u00e9alis\u00e9s pour assurer l&rsquo;entretien des \u00e9quipements situ\u00e9s \u00e0 l&rsquo;int\u00e9rieur, la ventilation, la protection contre les intemp\u00e9ries et la s\u00e9curit\u00e9 incendie.<br \/>\nIls peuvent \u00eatre fabriqu\u00e9s pour une utilisation en int\u00e9rieur ou \u00e0 l&rsquo;ext\u00e9rieur.[\/vc_column_text][vc_gallery el_id=\u00a0\u00bbgallery-276148&Prime; isotope_mode=\u00a0\u00bbfitRows\u00a0\u00bb medias=\u00a0\u00bb85209,84469,85211,84470,85213,84471,85207,84472,84473&Prime; gutter_size=\u00a0\u00bb2&Prime; media_items=\u00a0\u00bbmedia|lightbox|original\u00a0\u00bb screen_lg=\u00a0\u00bb1000&Prime; screen_md=\u00a0\u00bb600&Prime; screen_sm=\u00a0\u00bb480&Prime; single_width=\u00a0\u00bb2&Prime; single_overlay_opacity=\u00a0\u00bb50&Prime; single_padding=\u00a0\u00bb2&Prime;][vc_empty_space empty_h=\u00a0\u00bb2&Prime;][vc_custom_heading text_size=\u00a0\u00bb\u00a0\u00bb]Avantages[\/vc_custom_heading][vc_column_text]<\/p>\n<ul>\n<li>R\u00e9duction du bruit variable selon les sp\u00e9cifications du projet<\/li>\n<li>Unit\u00e9 d&rsquo;admission d&rsquo;air de refroidissement \/ expulsion<\/li>\n<li>Versions pour usage int\u00e9rieur ou ext\u00e9rieur<\/li>\n<li>Solutions modulaires<\/li>\n<li>Acc\u00e8s facilit\u00e9 pour l&rsquo;exploitation et la maintenance gr\u00e2ce aux panneaux amovibles<\/li>\n<li>Fourniture de la cabine en kit pr\u00e9-assembl\u00e9, contenant tout le mat\u00e9riel n\u00e9cessaire au montage<\/li>\n<\/ul>\n<p>[\/vc_column_text][vc_empty_space empty_h=\u00a0\u00bb2&Prime;][vc_custom_heading text_size=\u00a0\u00bb\u00a0\u00bb]Applications[\/vc_custom_heading][vc_column_text]<\/p>\n<ul>\n<li>Syst\u00e8mes de production d&rsquo;\u00e9nergie (turbines \u00e0 gaz et \u00e0 vapeur)<\/li>\n<li>Chaudi\u00e8res industrielles<\/li>\n<li>G\u00e9n\u00e9rateurs diesel<\/li>\n<li>Centrales de cog\u00e9n\u00e9ration (CHP)<\/li>\n<li>Centrales de compression de gaz<\/li>\n<li>Industrie manufacturi\u00e8re et de transformation (industries du papier, du textile, de l&rsquo;imprimerie&#8230;)<\/li>\n<\/ul>\n<p>[\/vc_column_text][vc_empty_space empty_h=\u00a0\u00bb2&Prime;][\/vc_column][vc_column column_width_percent=\u00a0\u00bb100&Prime; gutter_size=\u00a0\u00bb1&Prime; overlay_alpha=\u00a0\u00bb50&Prime; border_color=\u00a0\u00bbcolor-gyho\u00a0\u00bb border_style=\u00a0\u00bbsolid\u00a0\u00bb shift_x=\u00a0\u00bb0&Prime; shift_y=\u00a0\u00bb0&Prime; shift_y_down=\u00a0\u00bb0&Prime; z_index=\u00a0\u00bb0&Prime; medium_width=\u00a0\u00bb0&Prime; mobile_width=\u00a0\u00bb0&Prime; sticky=\u00a0\u00bbyes\u00a0\u00bb width=\u00a0\u00bb1\/3&Prime; css=\u00a0\u00bb.vc_custom_1603007433611{border-left-width: 4px !important;padding-left: 36px !important;}\u00a0\u00bb][vc_empty_space empty_h=\u00a0\u00bb1&Prime;][vc_custom_heading heading_semantic=\u00a0\u00bbh3&Prime; text_size=\u00a0\u00bbfontsize-176194&Prime; text_transform=\u00a0\u00bbuppercase\u00a0\u00bb text_space=\u00a0\u00bbfontspace-165870&Prime; text_color=\u00a0\u00bbcolor-895715&Prime;]Insonorisation[\/vc_custom_heading][vc_empty_space empty_h=\u00a0\u00bb1&Prime;][vc_button button_color=\u00a0\u00bbcolor-632047&Prime; wide=\u00a0\u00bbyes\u00a0\u00bb border_width=\u00a0\u00bb0&Prime; icon=\u00a0\u00bbfa fa-long-arrow-right\u00a0\u00bb el_class=\u00a0\u00bbbtn-left\u00a0\u00bb link=\u00a0\u00bburl:https%3A%2F%2Fwww.trec.it%2Ffr%2Fcabine-di-insonorizzazione%2F|title:Cabine%20di%20insonorizzazione\u00a0\u00bb]Cabines d&rsquo;insonorisation[\/vc_button][vc_button button_color=\u00a0\u00bbcolor-187775&Prime; wide=\u00a0\u00bbyes\u00a0\u00bb border_width=\u00a0\u00bb0&Prime; icon=\u00a0\u00bbfa fa-long-arrow-right\u00a0\u00bb el_class=\u00a0\u00bbbtn-left\u00a0\u00bb link=\u00a0\u00bburl:https%3A%2F%2Fwww.trec.it%2Ffr%2Fcabine-di-insonorizzazione%2Fbaffles-fonoassorbenti-lamiera-lana-minerale%2F|title:Baffles%20fonoassorbenti\u00a0\u00bb]Baffles insonorisants[\/vc_button][vc_empty_space empty_h=\u00a0\u00bb2&Prime;][vc_custom_heading heading_semantic=\u00a0\u00bbh3&Prime; text_size=\u00a0\u00bbfontsize-176194&Prime; text_transform=\u00a0\u00bbuppercase\u00a0\u00bb text_space=\u00a0\u00bbfontspace-165870&Prime; text_color=\u00a0\u00bbcolor-895715&Prime;]Catalogues[\/vc_custom_heading][vc_empty_space empty_h=\u00a0\u00bb1&Prime;][vc_button button_color=\u00a0\u00bbcolor-gyho\u00a0\u00bb wide=\u00a0\u00bbyes\u00a0\u00bb hover_fx=\u00a0\u00bbfull-colored\u00a0\u00bb border_width=\u00a0\u00bb0&Prime; icon=\u00a0\u00bbfa fa-file-pdf-o\u00a0\u00bb el_class=\u00a0\u00bbbtn-left btn-cat\u00a0\u00bb link=\u00a0\u00bburl:https%3A%2F%2Fwww.trec.it%2Fwp-content%2Fuploads%2F2020%2F10%2F2020_TREC_PanelsCatalogue_ITA_web.pdf|target:_blank\u00a0\u00bb]Panelli Isolanti Sandwich[\/vc_button][vc_empty_space empty_h=\u00a0\u00bb1&Prime;][\/vc_column][\/vc_row][vc_row][vc_column width=\u00a0\u00bb1\/1&Prime;][vc_column_text]\u00a0[\/vc_column_text][\/vc_column][\/vc_row]<\/p>\n<\/div>","protected":false},"excerpt":{"rendered":"<p>[vc_row row_height_percent=\u00a0\u00bb0&Prime; override_padding=\u00a0\u00bbyes\u00a0\u00bb h_padding=\u00a0\u00bb2&Prime; top_padding=\u00a0\u00bb5&Prime; bottom_padding=\u00a0\u00bb5&Prime; overlay_alpha=\u00a0\u00bb50&Prime; gutter_size=\u00a0\u00bb4&Prime; column_width_percent=\u00a0\u00bb100&Prime; shift_y=\u00a0\u00bb0&Prime; z_index=\u00a0\u00bb0&Prime;][vc_column width=\u00a0\u00bb2\/3&Prime;][vc_column_text]Les cabines d&rsquo;insonorisation permettent d&rsquo;att\u00e9nuer les \u00e9missions sonores des [&hellip;]<\/p>\n","protected":false},"author":2,"featured_media":86006,"parent":0,"menu_order":0,"comment_status":"closed","ping_status":"closed","template":"","meta":{"footnotes":""},"class_list":["post-86517","page","type-page","status-publish","has-post-thumbnail","hentry"],"yoast_head":"<!-- This site is optimized with the Yoast SEO plugin v26.9 - https:\/\/yoast.com\/product\/yoast-seo-wordpress\/ -->\n<title>Cabines d&#039;insonorisation - TRE C<\/title>\n<meta name=\"description\" content=\"Le cabine di insonorizzazione TRE C sono costituite da pannelli in lamiera al cui interno \u00e8 inserita lana minerale ad alta densit\u00e0.\" \/>\n<meta name=\"robots\" content=\"index, follow, max-snippet:-1, max-image-preview:large, max-video-preview:-1\" \/>\n<link rel=\"canonical\" href=\"https:\/\/trec.it\/fr\/cabines-insonorisation\/\" \/>\n<meta property=\"og:locale\" content=\"fr_FR\" \/>\n<meta property=\"og:type\" content=\"article\" \/>\n<meta property=\"og:title\" content=\"Cabines d&#039;insonorisation - TRE C\" \/>\n<meta property=\"og:description\" content=\"Le cabine di insonorizzazione TRE C sono costituite da pannelli in lamiera al cui interno \u00e8 inserita lana minerale ad alta densit\u00e0.\" \/>\n<meta property=\"og:url\" content=\"https:\/\/trec.it\/fr\/cabines-insonorisation\/\" \/>\n<meta property=\"og:site_name\" content=\"TRE C\" \/>\n<meta property=\"article:modified_time\" content=\"2023-09-14T13:43:03+00:00\" \/>\n<meta property=\"og:image\" content=\"https:\/\/trec.it\/wp-content\/uploads\/2020\/10\/trec-prodotti-cabine-di-insonorizzazione-00.jpg\" \/>\n\t<meta property=\"og:image:width\" content=\"1920\" \/>\n\t<meta property=\"og:image:height\" content=\"1080\" \/>\n\t<meta property=\"og:image:type\" content=\"image\/jpeg\" \/>\n<meta name=\"twitter:card\" content=\"summary_large_image\" \/>\n<meta name=\"twitter:label1\" content=\"Dur\u00e9e de lecture estim\u00e9e\" \/>\n\t<meta name=\"twitter:data1\" content=\"2 minutes\" \/>\n<script type=\"application\/ld+json\" class=\"yoast-schema-graph\">{\"@context\":\"https:\/\/schema.org\",\"@graph\":[{\"@type\":\"WebPage\",\"@id\":\"https:\/\/trec.it\/fr\/cabines-insonorisation\/\",\"url\":\"https:\/\/trec.it\/fr\/cabines-insonorisation\/\",\"name\":\"Cabines d'insonorisation - TRE C\",\"isPartOf\":{\"@id\":\"https:\/\/trec.it\/fr\/#website\"},\"primaryImageOfPage\":{\"@id\":\"https:\/\/trec.it\/fr\/cabines-insonorisation\/#primaryimage\"},\"image\":{\"@id\":\"https:\/\/trec.it\/fr\/cabines-insonorisation\/#primaryimage\"},\"thumbnailUrl\":\"https:\/\/trec.it\/wp-content\/uploads\/2020\/10\/trec-prodotti-cabine-di-insonorizzazione-00.jpg\",\"datePublished\":\"2020-10-16T07:00:46+00:00\",\"dateModified\":\"2023-09-14T13:43:03+00:00\",\"description\":\"Le cabine di insonorizzazione TRE C sono costituite da pannelli in lamiera al cui interno \u00e8 inserita lana minerale ad alta densit\u00e0.\",\"breadcrumb\":{\"@id\":\"https:\/\/trec.it\/fr\/cabines-insonorisation\/#breadcrumb\"},\"inLanguage\":\"fr-FR\",\"potentialAction\":[{\"@type\":\"ReadAction\",\"target\":[\"https:\/\/trec.it\/fr\/cabines-insonorisation\/\"]}]},{\"@type\":\"ImageObject\",\"inLanguage\":\"fr-FR\",\"@id\":\"https:\/\/trec.it\/fr\/cabines-insonorisation\/#primaryimage\",\"url\":\"https:\/\/trec.it\/wp-content\/uploads\/2020\/10\/trec-prodotti-cabine-di-insonorizzazione-00.jpg\",\"contentUrl\":\"https:\/\/trec.it\/wp-content\/uploads\/2020\/10\/trec-prodotti-cabine-di-insonorizzazione-00.jpg\",\"width\":1920,\"height\":1080},{\"@type\":\"BreadcrumbList\",\"@id\":\"https:\/\/trec.it\/fr\/cabines-insonorisation\/#breadcrumb\",\"itemListElement\":[{\"@type\":\"ListItem\",\"position\":1,\"name\":\"Home\",\"item\":\"https:\/\/trec.it\/fr\/\"},{\"@type\":\"ListItem\",\"position\":2,\"name\":\"Cabines d&#8217;insonorisation\"}]},{\"@type\":\"WebSite\",\"@id\":\"https:\/\/trec.it\/fr\/#website\",\"url\":\"https:\/\/trec.it\/fr\/\",\"name\":\"TRE C\",\"description\":\"Trec\",\"publisher\":{\"@id\":\"https:\/\/trec.it\/fr\/#organization\"},\"potentialAction\":[{\"@type\":\"SearchAction\",\"target\":{\"@type\":\"EntryPoint\",\"urlTemplate\":\"https:\/\/trec.it\/fr\/?s={search_term_string}\"},\"query-input\":{\"@type\":\"PropertyValueSpecification\",\"valueRequired\":true,\"valueName\":\"search_term_string\"}}],\"inLanguage\":\"fr-FR\"},{\"@type\":\"Organization\",\"@id\":\"https:\/\/trec.it\/fr\/#organization\",\"name\":\"TRE C\",\"url\":\"https:\/\/trec.it\/fr\/\",\"logo\":{\"@type\":\"ImageObject\",\"inLanguage\":\"fr-FR\",\"@id\":\"https:\/\/trec.it\/fr\/#\/schema\/logo\/image\/\",\"url\":\"https:\/\/www.trec.it\/wp-content\/uploads\/2020\/10\/trec-sas-logo-dark.png\",\"contentUrl\":\"https:\/\/www.trec.it\/wp-content\/uploads\/2020\/10\/trec-sas-logo-dark.png\",\"width\":300,\"height\":336,\"caption\":\"TRE C\"},\"image\":{\"@id\":\"https:\/\/trec.it\/fr\/#\/schema\/logo\/image\/\"}}]}<\/script>\n<!-- \/ Yoast SEO plugin. -->","yoast_head_json":{"title":"Cabines d'insonorisation - TRE C","description":"Le cabine di insonorizzazione TRE C sono costituite da pannelli in lamiera al cui interno \u00e8 inserita lana minerale ad alta densit\u00e0.","robots":{"index":"index","follow":"follow","max-snippet":"max-snippet:-1","max-image-preview":"max-image-preview:large","max-video-preview":"max-video-preview:-1"},"canonical":"https:\/\/trec.it\/fr\/cabines-insonorisation\/","og_locale":"fr_FR","og_type":"article","og_title":"Cabines d'insonorisation - TRE C","og_description":"Le cabine di insonorizzazione TRE C sono costituite da pannelli in lamiera al cui interno \u00e8 inserita lana minerale ad alta densit\u00e0.","og_url":"https:\/\/trec.it\/fr\/cabines-insonorisation\/","og_site_name":"TRE C","article_modified_time":"2023-09-14T13:43:03+00:00","og_image":[{"width":1920,"height":1080,"url":"https:\/\/trec.it\/wp-content\/uploads\/2020\/10\/trec-prodotti-cabine-di-insonorizzazione-00.jpg","type":"image\/jpeg"}],"twitter_card":"summary_large_image","twitter_misc":{"Dur\u00e9e de lecture estim\u00e9e":"2 minutes"},"schema":{"@context":"https:\/\/schema.org","@graph":[{"@type":"WebPage","@id":"https:\/\/trec.it\/fr\/cabines-insonorisation\/","url":"https:\/\/trec.it\/fr\/cabines-insonorisation\/","name":"Cabines d'insonorisation - TRE C","isPartOf":{"@id":"https:\/\/trec.it\/fr\/#website"},"primaryImageOfPage":{"@id":"https:\/\/trec.it\/fr\/cabines-insonorisation\/#primaryimage"},"image":{"@id":"https:\/\/trec.it\/fr\/cabines-insonorisation\/#primaryimage"},"thumbnailUrl":"https:\/\/trec.it\/wp-content\/uploads\/2020\/10\/trec-prodotti-cabine-di-insonorizzazione-00.jpg","datePublished":"2020-10-16T07:00:46+00:00","dateModified":"2023-09-14T13:43:03+00:00","description":"Le cabine di insonorizzazione TRE C sono costituite da pannelli in lamiera al cui interno \u00e8 inserita lana minerale ad alta densit\u00e0.","breadcrumb":{"@id":"https:\/\/trec.it\/fr\/cabines-insonorisation\/#breadcrumb"},"inLanguage":"fr-FR","potentialAction":[{"@type":"ReadAction","target":["https:\/\/trec.it\/fr\/cabines-insonorisation\/"]}]},{"@type":"ImageObject","inLanguage":"fr-FR","@id":"https:\/\/trec.it\/fr\/cabines-insonorisation\/#primaryimage","url":"https:\/\/trec.it\/wp-content\/uploads\/2020\/10\/trec-prodotti-cabine-di-insonorizzazione-00.jpg","contentUrl":"https:\/\/trec.it\/wp-content\/uploads\/2020\/10\/trec-prodotti-cabine-di-insonorizzazione-00.jpg","width":1920,"height":1080},{"@type":"BreadcrumbList","@id":"https:\/\/trec.it\/fr\/cabines-insonorisation\/#breadcrumb","itemListElement":[{"@type":"ListItem","position":1,"name":"Home","item":"https:\/\/trec.it\/fr\/"},{"@type":"ListItem","position":2,"name":"Cabines d&#8217;insonorisation"}]},{"@type":"WebSite","@id":"https:\/\/trec.it\/fr\/#website","url":"https:\/\/trec.it\/fr\/","name":"TRE C","description":"Trec","publisher":{"@id":"https:\/\/trec.it\/fr\/#organization"},"potentialAction":[{"@type":"SearchAction","target":{"@type":"EntryPoint","urlTemplate":"https:\/\/trec.it\/fr\/?s={search_term_string}"},"query-input":{"@type":"PropertyValueSpecification","valueRequired":true,"valueName":"search_term_string"}}],"inLanguage":"fr-FR"},{"@type":"Organization","@id":"https:\/\/trec.it\/fr\/#organization","name":"TRE C","url":"https:\/\/trec.it\/fr\/","logo":{"@type":"ImageObject","inLanguage":"fr-FR","@id":"https:\/\/trec.it\/fr\/#\/schema\/logo\/image\/","url":"https:\/\/www.trec.it\/wp-content\/uploads\/2020\/10\/trec-sas-logo-dark.png","contentUrl":"https:\/\/www.trec.it\/wp-content\/uploads\/2020\/10\/trec-sas-logo-dark.png","width":300,"height":336,"caption":"TRE C"},"image":{"@id":"https:\/\/trec.it\/fr\/#\/schema\/logo\/image\/"}}]}},"_links":{"self":[{"href":"https:\/\/trec.it\/fr\/wp-json\/wp\/v2\/pages\/86517","targetHints":{"allow":["GET"]}}],"collection":[{"href":"https:\/\/trec.it\/fr\/wp-json\/wp\/v2\/pages"}],"about":[{"href":"https:\/\/trec.it\/fr\/wp-json\/wp\/v2\/types\/page"}],"author":[{"embeddable":true,"href":"https:\/\/trec.it\/fr\/wp-json\/wp\/v2\/users\/2"}],"replies":[{"embeddable":true,"href":"https:\/\/trec.it\/fr\/wp-json\/wp\/v2\/comments?post=86517"}],"version-history":[{"count":5,"href":"https:\/\/trec.it\/fr\/wp-json\/wp\/v2\/pages\/86517\/revisions"}],"predecessor-version":[{"id":86521,"href":"https:\/\/trec.it\/fr\/wp-json\/wp\/v2\/pages\/86517\/revisions\/86521"}],"wp:featuredmedia":[{"embeddable":true,"href":"https:\/\/trec.it\/fr\/wp-json\/wp\/v2\/media\/86006"}],"wp:attachment":[{"href":"https:\/\/trec.it\/fr\/wp-json\/wp\/v2\/media?parent=86517"}],"curies":[{"name":"wp","href":"https:\/\/api.w.org\/{rel}","templated":true}]}}