{"id":86533,"date":"2020-10-15T15:15:23","date_gmt":"2020-10-15T15:15:23","guid":{"rendered":"https:\/\/www.trec.it\/sistemi-controsoffitto\/"},"modified":"2024-06-20T11:34:22","modified_gmt":"2024-06-20T09:34:22","slug":"systemes-faux-plafonds-metalliques","status":"publish","type":"page","link":"https:\/\/trec.it\/fr\/systemes-faux-plafonds-metalliques\/","title":{"rendered":"Syst\u00e8mes de plafonds suspendus"},"content":{"rendered":"<div class=\"wpb-content-wrapper\"><p>[vc_row row_height_percent=\u00a0\u00bb0&Prime; override_padding=\u00a0\u00bbyes\u00a0\u00bb h_padding=\u00a0\u00bb2&Prime; top_padding=\u00a0\u00bb5&Prime; bottom_padding=\u00a0\u00bb5&Prime; overlay_alpha=\u00a0\u00bb50&Prime; gutter_size=\u00a0\u00bb4&Prime; column_width_percent=\u00a0\u00bb100&Prime; shift_y=\u00a0\u00bb0&Prime; z_index=\u00a0\u00bb0&Prime;][vc_column width=\u00a0\u00bb2\/3&Prime;][vc_column_text]Nous produisons des<strong> plafonds m\u00e9talliques qui combinent<\/strong> une excellente esth\u00e9tique avec la particularit\u00e9 de permettre la cr\u00e9ation de compartiments techniques pour le passage de syst\u00e8mes technologiques (ventilation, \u00e9clairage, pr\u00e9vention incendie et bien plus encore).<\/p>\n<p>Selon les versions, les faux plafonds peuvent am\u00e9liorer le confort de la pi\u00e8ce, en am\u00e9liorant l\u2019absorption acoustique, ou aider \u00e0 son isolement thermique.[\/vc_column_text][vc_empty_space empty_h=\u00a0\u00bb2&Prime;][vc_custom_heading text_size=\u00a0\u00bb\u00a0\u00bb]Couleurs[\/vc_custom_heading][vc_column_text]Les syst\u00e8mes sont disponibles dans une gamme de <strong>finitions RAL standards<\/strong> ou <strong>sp\u00e9ciales<\/strong> sur de mande. Outre les couleurs hors catalogue, il est possible de d\u00e9corer les panneaux avec des solutions <strong>d\u2019impression num\u00e9rique<\/strong>.[\/vc_column_text][vc_empty_space empty_h=\u00a0\u00bb2&Prime;][vc_custom_heading text_size=\u00a0\u00bb\u00a0\u00bb]C\u00e2blage et plafonniers en une solution unique[\/vc_custom_heading][vc_column_text]Les panneaux modulaires suspendus peuvent<strong> \u00eatre facilement retir\u00e9s<\/strong> et le plenum reste accessible en cas d&rsquo;inspection. En cas de nouveaux besoins, le client peut <strong>reconfigurer<\/strong> rapidement le faux plafond.[\/vc_column_text][vc_empty_space empty_h=\u00a0\u00bb2&Prime;][vc_custom_heading text_size=\u00a0\u00bb\u00a0\u00bb]Acoustique[\/vc_custom_heading][vc_column_text]Les plafonds m\u00e9talliques suspendus offrent diff\u00e9rentes solutions acoustiques avec des niveaux d&rsquo;absorption acoustique plus ou moins \u00e9lev\u00e9s. <strong>Les lames et les bacs perfor\u00e9s<\/strong> offrent les meilleurs niveaux d\u2019absorption acoustique, qui peuvent \u00eatre encore am\u00e9lior\u00e9s avec l\u2019ajout de tapis et de voile d\u2019absorption acoustique thermoadh\u00e9sifs sp\u00e9ciaux.[\/vc_column_text][vc_empty_space empty_h=\u00a0\u00bb2&Prime;][vc_custom_heading text_size=\u00a0\u00bb\u00a0\u00bb]R\u00e9action au feu[\/vc_custom_heading][vc_column_text uncode_shortcode_id=\u00a0\u00bb729528&Prime;]Les plafonds m\u00e9talliques sont g\u00e9n\u00e9ralement class\u00e9s comme <strong>mat\u00e9riaux incombustibles<\/strong>, ce qui signifie qu&rsquo;ils ne contribuent pas \u00e0 la propagation du feu. Cela est d\u00fb au fait que le m\u00e9tal est un mat\u00e9riau qui ne br\u00fble pas et ne d\u00e9gage pas de fum\u00e9e ni de gaz toxiques en cas d&rsquo;incendie.<\/p>\n<p>La r\u00e9action au feu des plafonds m\u00e9talliques est g\u00e9n\u00e9ralement class\u00e9e dans la <strong>classe A1, la classe la plus \u00e9lev\u00e9e<\/strong>. Cela signifie que les plafonds m\u00e9talliques ne participent pas \u00e0 la combustion et n&rsquo;\u00e9mettent pas de substances dangereuses en cas d&rsquo;incendie.<\/p>\n<p>Les plafonds m\u00e9talliques avec r\u00e9action au feu de classe A1 sont la solution id\u00e9ale pour les environnements o\u00f9 une <strong>protection incendie \u00e9lev\u00e9e<\/strong> est requise. Par exemple, les plafonds m\u00e9talliques sont souvent utilis\u00e9s dans les b\u00e2timents publics, tels que les \u00e9coles, les h\u00f4pitaux et les cin\u00e9mas.<\/p>\n<p>Il est important de noter que la r\u00e9action d\u2019un mat\u00e9riau au feu n\u2019est qu\u2019un des facteurs \u00e0 consid\u00e9rer lors du choix d\u2019un plafond. D\u2019autres facteurs \u00e0 prendre en compte incluent la conception, les performances acoustiques et thermiques.[\/vc_column_text][vc_empty_space empty_h=\u00a0\u00bb2&Prime;][vc_custom_heading text_size=\u00a0\u00bb\u00a0\u00bb]Nettoyage[\/vc_custom_heading][vc_column_text]Compte tenu de la facilit\u00e9 de nettoyage et de lavage, le faux plafond m\u00e9tallique pr\u00e9sente des avantages \u00e9vidents \u00e9galement en termes d\u2019<strong>hygi\u00e8ne<\/strong>. L\u2019humidit\u00e9 ou la salet\u00e9 n\u2019alt\u00e8rent pas la surface peinte des panneaux. Elle est donc la solution id\u00e9ale pour les lieux publics \u00e0 haute fr\u00e9quentation ou n\u00e9cessitants de conditions d\u2019hygi\u00e8ne contr\u00f4l\u00e9es tels que les h\u00f4pitaux, les bureaux, les magasins, les salles d\u2019exposition et les a\u00e9roports.[\/vc_column_text][vc_empty_space empty_h=\u00a0\u00bb2&Prime;][vc_gallery el_id=\u00a0\u00bbgallery-276148&Prime; isotope_mode=\u00a0\u00bbfitRows\u00a0\u00bb medias=\u00a0\u00bb84950,84565,84566,84959,84952,84954,84957,85093,84571,84572,84573,84963,85087,84967,85091,84965,85089,84961,88099&Prime; gutter_size=\u00a0\u00bb2&Prime; media_items=\u00a0\u00bbmedia|lightbox|original\u00a0\u00bb screen_lg=\u00a0\u00bb1000&Prime; screen_md=\u00a0\u00bb600&Prime; screen_sm=\u00a0\u00bb480&Prime; single_width=\u00a0\u00bb2&Prime; single_overlay_opacity=\u00a0\u00bb50&Prime; single_padding=\u00a0\u00bb2&Prime; uncode_shortcode_id=\u00a0\u00bb130501&Prime;][vc_button border_width=\u00a0\u00bb0&Prime; link=\u00a0\u00bburl:https%3A%2F%2Fwww.trec.it%2Ffr%2Fsystemes-faux-plafonds-metalliques%2F|title:Retourner%20%C3%A0%3A%20Syst%C3%A8mes%20de%20plafonds%20suspendus\u00a0\u00bb uncode_shortcode_id=\u00a0\u00bb784671&Prime;]Retourner \u00e0: Syst\u00e8mes de plafonds suspendus[\/vc_button][\/vc_column][vc_column column_width_percent=\u00a0\u00bb100&Prime; gutter_size=\u00a0\u00bb1&Prime; overlay_alpha=\u00a0\u00bb50&Prime; border_color=\u00a0\u00bbcolor-gyho\u00a0\u00bb border_style=\u00a0\u00bbsolid\u00a0\u00bb shift_x=\u00a0\u00bb0&Prime; shift_y=\u00a0\u00bb0&Prime; shift_y_down=\u00a0\u00bb0&Prime; z_index=\u00a0\u00bb0&Prime; medium_width=\u00a0\u00bb0&Prime; mobile_width=\u00a0\u00bb0&Prime; sticky=\u00a0\u00bbyes\u00a0\u00bb width=\u00a0\u00bb1\/3&Prime; css=\u00a0\u00bb.vc_custom_1603007481123{border-left-width: 4px !important;padding-left: 36px !important;}\u00a0\u00bb][vc_empty_space empty_h=\u00a0\u00bb1&Prime;][vc_custom_heading text_color=\u00a0\u00bbcolor-895715&Prime; heading_semantic=\u00a0\u00bbh3&Prime; text_size=\u00a0\u00bbfontsize-176194&Prime; text_transform=\u00a0\u00bbuppercase\u00a0\u00bb text_space=\u00a0\u00bbfontspace-165870&Prime;]Syst\u00e8mes de plafonds suspendus[\/vc_custom_heading][vc_empty_space empty_h=\u00a0\u00bb1&Prime;][vc_button wide=\u00a0\u00bbyes\u00a0\u00bb border_width=\u00a0\u00bb0&Prime; icon=\u00a0\u00bbfa fa-long-arrow-right\u00a0\u00bb el_class=\u00a0\u00bbbtn-left\u00a0\u00bb link=\u00a0\u00bburl:https%3A%2F%2Fwww.trec.it%2Ffr%2Fsistemi-controsoffitto%2Fsistema-clip-in-controsoffitto-metallico-modulare%2F|title:Sistema%20CLIP-IN\u00a0\u00bb]Syst\u00e8me CLIP-IN[\/vc_button][vc_button wide=\u00a0\u00bbyes\u00a0\u00bb border_width=\u00a0\u00bb0&Prime; icon=\u00a0\u00bbfa fa-long-arrow-right\u00a0\u00bb el_class=\u00a0\u00bbbtn-left\u00a0\u00bb link=\u00a0\u00bburl:https%3A%2F%2Fwww.trec.it%2Ffr%2Fsysteme-hook-on-faux-plafond-metallique-modulaire%2F|title:Syst%C3%A8me%20HOOK-ON\u00a0\u00bb uncode_shortcode_id=\u00a0\u00bb121841&Prime;]Syst\u00e8me Hook-On[\/vc_button][vc_button wide=\u00a0\u00bbyes\u00a0\u00bb border_width=\u00a0\u00bb0&Prime; icon=\u00a0\u00bbfa fa-long-arrow-right\u00a0\u00bb el_class=\u00a0\u00bbbtn-left\u00a0\u00bb link=\u00a0\u00bburl:https%3A%2F%2Fwww.trec.it%2Ffr%2Fsystemes-faux-plafonds-metalliques%2Fsysteme-t15-t24-faux-plafond-metallique-modulaire-structure-apparente%2F|title:Syst%C3%A9me%20T15%20-%20T24&Prime; uncode_shortcode_id=\u00a0\u00bb833585&Prime;]Syst\u00e8mes T15 &#8211; T24[\/vc_button][vc_button wide=\u00a0\u00bbyes\u00a0\u00bb border_width=\u00a0\u00bb0&Prime; icon=\u00a0\u00bbfa fa-long-arrow-right\u00a0\u00bb el_class=\u00a0\u00bbbtn-left\u00a0\u00bb link=\u00a0\u00bburl:https%3A%2F%2Fwww.trec.it%2Ffr%2Fsystemes-faux-plafonds-metalliques%2Fsysteme-faux-plafond-metallique-modulaire-couloir%2F|title:Syst%C3%A8me%20COULOIR\u00a0\u00bb uncode_shortcode_id=\u00a0\u00bb163068&Prime;]Syst\u00e8me COULOIR[\/vc_button][vc_button wide=\u00a0\u00bbyes\u00a0\u00bb border_width=\u00a0\u00bb0&Prime; icon=\u00a0\u00bbfa fa-long-arrow-right\u00a0\u00bb el_class=\u00a0\u00bbbtn-left\u00a0\u00bb link=\u00a0\u00bburl:https%3A%2F%2Fwww.trec.it%2Ffr%2Fsystemes-faux-plafonds-metalliques%2Fsysteme-faux-plafond-metallique-modulaire-naval%2F|title:Systeme%20faux%20plafond%20metallique%20modulaire%20naval\u00a0\u00bb uncode_shortcode_id=\u00a0\u00bb633989&Prime;]Syst\u00e8me NAVAL[\/vc_button][vc_button wide=\u00a0\u00bbyes\u00a0\u00bb border_width=\u00a0\u00bb0&Prime; icon=\u00a0\u00bbfa fa-long-arrow-right\u00a0\u00bb el_class=\u00a0\u00bbbtn-left\u00a0\u00bb link=\u00a0\u00bburl:https%3A%2F%2Fwww.trec.it%2Ffr%2Fsystemes-faux-plafonds-metalliques%2Fsysteme-faux-plafond-metallique-modulaire-naval-bl%2F|title:Syst%C3%A8me%20NAVAL\u00a0\u00bb uncode_shortcode_id=\u00a0\u00bb205151&Prime;]Syst\u00e8me NAVAL BL[\/vc_button][vc_button wide=\u00a0\u00bbyes\u00a0\u00bb border_width=\u00a0\u00bb0&Prime; icon=\u00a0\u00bbfa fa-long-arrow-right\u00a0\u00bb el_class=\u00a0\u00bbbtn-left\u00a0\u00bb link=\u00a0\u00bburl:https%3A%2F%2Fwww.trec.it%2Ffr%2Fsistemi-controsoffitto%2Fsistema-controsoffitto-ospedaliero-med%2F|title:Sistema%20navale\u00a0\u00bb]Syst\u00e8me MED[\/vc_button][vc_button wide=\u00a0\u00bbyes\u00a0\u00bb border_width=\u00a0\u00bb0&Prime; icon=\u00a0\u00bbfa fa-long-arrow-right\u00a0\u00bb el_class=\u00a0\u00bbbtn-left\u00a0\u00bb link=\u00a0\u00bburl:https%3A%2F%2Fwww.trec.it%2Ffr%2Fsistemi-controsoffitto%2Fsysteme-h28%2F|title:Sistema%20navale\u00a0\u00bb uncode_shortcode_id=\u00a0\u00bb118832&Prime;]Syst\u00e8me H28[\/vc_button][vc_button wide=\u00a0\u00bbyes\u00a0\u00bb border_width=\u00a0\u00bb0&Prime; icon=\u00a0\u00bbfa fa-long-arrow-right\u00a0\u00bb el_class=\u00a0\u00bbbtn-left\u00a0\u00bb link=\u00a0\u00bburl:https%3A%2F%2Fwww.trec.it%2Ffr%2Fsistemi-controsoffitto%2Fplafond-metal-deploye%2F|title:Lamiera%20stirata\u00a0\u00bb uncode_shortcode_id=\u00a0\u00bb181526&Prime;]M\u00e9tal d\u00e9ploy\u00e9[\/vc_button][vc_empty_space empty_h=\u00a0\u00bb2&Prime;][vc_custom_heading text_color=\u00a0\u00bbcolor-895715&Prime; heading_semantic=\u00a0\u00bbh3&Prime; text_size=\u00a0\u00bbfontsize-176194&Prime; text_transform=\u00a0\u00bbuppercase\u00a0\u00bb text_space=\u00a0\u00bbfontspace-165870&Prime; uncode_shortcode_id=\u00a0\u00bb965476&Prime; text_color_type=\u00a0\u00bbuncode-palette\u00a0\u00bb]Perforations[\/vc_custom_heading][vc_empty_space empty_h=\u00a0\u00bb2&Prime;][vc_button wide=\u00a0\u00bbyes\u00a0\u00bb border_width=\u00a0\u00bb0&Prime; icon=\u00a0\u00bbfa fa-long-arrow-right\u00a0\u00bb el_class=\u00a0\u00bbbtn-left\u00a0\u00bb link=\u00a0\u00bburl:https%3A%2F%2Fwww.trec.it%2Ffr%2Fsystemes-faux-plafonds-metalliques%2Fplafond-acoustique-tole-perforee%2F|title:Systeme%20faux%20plafond%20metallique%20acoustique%20tole%20perforee\u00a0\u00bb uncode_shortcode_id=\u00a0\u00bb148174&Prime;]Perforations standard[\/vc_button][vc_empty_space empty_h=\u00a0\u00bb2&Prime;][vc_custom_heading text_color=\u00a0\u00bbcolor-895715&Prime; heading_semantic=\u00a0\u00bbh3&Prime; text_size=\u00a0\u00bbfontsize-176194&Prime; text_transform=\u00a0\u00bbuppercase\u00a0\u00bb text_space=\u00a0\u00bbfontspace-165870&Prime; uncode_shortcode_id=\u00a0\u00bb116716&Prime; text_color_type=\u00a0\u00bbuncode-palette\u00a0\u00bb]Collection de couleurs[\/vc_custom_heading][vc_empty_space empty_h=\u00a0\u00bb1&Prime;][vc_button wide=\u00a0\u00bbyes\u00a0\u00bb border_width=\u00a0\u00bb0&Prime; icon=\u00a0\u00bbfa fa-long-arrow-right\u00a0\u00bb el_class=\u00a0\u00bbbtn-left\u00a0\u00bb link=\u00a0\u00bburl:https%3A%2F%2Fwww.trec.it%2Ffr%2Fsystemes-faux-plafonds-metalliques%2Fcollection-de-couleurs%2F|title:Collection%20de%20couleurs\u00a0\u00bb uncode_shortcode_id=\u00a0\u00bb894538&Prime;]Couleurs standards[\/vc_button][vc_button button_color=\u00a0\u00bbcolor-uydo\u00a0\u00bb wide=\u00a0\u00bbyes\u00a0\u00bb border_width=\u00a0\u00bb0&Prime; icon=\u00a0\u00bbfa fa-file-pdf-o\u00a0\u00bb el_class=\u00a0\u00bbbtn-left btn-cat\u00a0\u00bb link=\u00a0\u00bburl:https%3A%2F%2Fwww.trec.it%2Fwp-content%2Fuploads%2F2023%2F05%2F202305_TREC_SpecialFinishesCatalogue_ENG.pdf|title:Special%20finishes|target:_blank\u00a0\u00bb button_color_type=\u00a0\u00bbuncode-palette\u00a0\u00bb uncode_shortcode_id=\u00a0\u00bb412298&Prime;]Finitions sp\u00e9ciales[\/vc_button][vc_empty_space empty_h=\u00a0\u00bb1&Prime;][vc_custom_heading text_color=\u00a0\u00bbcolor-895715&Prime; heading_semantic=\u00a0\u00bbh3&Prime; text_size=\u00a0\u00bbfontsize-176194&Prime; text_transform=\u00a0\u00bbuppercase\u00a0\u00bb text_space=\u00a0\u00bbfontspace-165870&Prime;]Catalogues[\/vc_custom_heading][vc_empty_space empty_h=\u00a0\u00bb1&Prime;][vc_button button_color=\u00a0\u00bbcolor-uydo\u00a0\u00bb wide=\u00a0\u00bbyes\u00a0\u00bb border_width=\u00a0\u00bb0&Prime; icon=\u00a0\u00bbfa fa-file-pdf-o\u00a0\u00bb el_class=\u00a0\u00bbbtn-left btn-cat\u00a0\u00bb link=\u00a0\u00bburl:https%3A%2F%2Fwww.trec.it%2Fwp-content%2Fuploads%2F2023%2F04%2F2023R1_TREC_CatalogueGeneralPlafondsMetalliques_FRA_web.pdf|target:_blank\u00a0\u00bb button_color_type=\u00a0\u00bbuncode-palette\u00a0\u00bb uncode_shortcode_id=\u00a0\u00bb179005&Prime;]Plafonds M\u00e9talliques &#8211; Syst\u00e8mes[\/vc_button][vc_empty_space empty_h=\u00a0\u00bb1&Prime;][\/vc_column][\/vc_row]<\/p>\n<\/div>","protected":false},"excerpt":{"rendered":"<p>[vc_row row_height_percent=\u00a0\u00bb0&Prime; override_padding=\u00a0\u00bbyes\u00a0\u00bb h_padding=\u00a0\u00bb2&Prime; top_padding=\u00a0\u00bb5&Prime; bottom_padding=\u00a0\u00bb5&Prime; overlay_alpha=\u00a0\u00bb50&Prime; gutter_size=\u00a0\u00bb4&Prime; column_width_percent=\u00a0\u00bb100&Prime; shift_y=\u00a0\u00bb0&Prime; z_index=\u00a0\u00bb0&Prime;][vc_column width=\u00a0\u00bb2\/3&Prime;][vc_column_text]Nous produisons des plafonds m\u00e9talliques qui combinent une excellente [&hellip;]<\/p>\n","protected":false},"author":2,"featured_media":86128,"parent":0,"menu_order":0,"comment_status":"closed","ping_status":"closed","template":"","meta":{"footnotes":""},"class_list":["post-86533","page","type-page","status-publish","has-post-thumbnail","hentry"],"yoast_head":"<!-- This site is optimized with the Yoast SEO plugin v26.9 - https:\/\/yoast.com\/product\/yoast-seo-wordpress\/ -->\n<title>Syst\u00e8mes de plafonds suspendus - TRE C<\/title>\n<meta name=\"description\" content=\"Les plafonds m\u00e9talliques modulaires constituent une solution polyvalente pour am\u00e9liorer l\u2019apparence et la fonctionnalit\u00e9 d\u2019une pi\u00e8ce.\" \/>\n<meta name=\"robots\" content=\"index, follow, max-snippet:-1, max-image-preview:large, max-video-preview:-1\" \/>\n<link rel=\"canonical\" href=\"https:\/\/trec.it\/fr\/systemes-faux-plafonds-metalliques\/\" \/>\n<meta property=\"og:locale\" content=\"fr_FR\" \/>\n<meta property=\"og:type\" content=\"article\" \/>\n<meta property=\"og:title\" content=\"Syst\u00e8mes de plafonds suspendus - TRE C\" \/>\n<meta property=\"og:description\" content=\"Les plafonds m\u00e9talliques modulaires constituent une solution polyvalente pour am\u00e9liorer l\u2019apparence et la fonctionnalit\u00e9 d\u2019une pi\u00e8ce.\" \/>\n<meta property=\"og:url\" content=\"https:\/\/trec.it\/fr\/systemes-faux-plafonds-metalliques\/\" \/>\n<meta property=\"og:site_name\" content=\"TRE C\" \/>\n<meta property=\"article:modified_time\" content=\"2024-06-20T09:34:22+00:00\" \/>\n<meta property=\"og:image\" content=\"https:\/\/trec.it\/wp-content\/uploads\/2020\/12\/Head_CeilingPlanks_01.jpg\" \/>\n\t<meta property=\"og:image:width\" content=\"1920\" \/>\n\t<meta property=\"og:image:height\" content=\"1080\" \/>\n\t<meta property=\"og:image:type\" content=\"image\/jpeg\" \/>\n<meta name=\"twitter:card\" content=\"summary_large_image\" \/>\n<meta name=\"twitter:label1\" content=\"Dur\u00e9e de lecture estim\u00e9e\" \/>\n\t<meta name=\"twitter:data1\" content=\"4 minutes\" \/>\n<script type=\"application\/ld+json\" class=\"yoast-schema-graph\">{\"@context\":\"https:\/\/schema.org\",\"@graph\":[{\"@type\":\"WebPage\",\"@id\":\"https:\/\/trec.it\/fr\/systemes-faux-plafonds-metalliques\/\",\"url\":\"https:\/\/trec.it\/fr\/systemes-faux-plafonds-metalliques\/\",\"name\":\"Syst\u00e8mes de plafonds suspendus - TRE C\",\"isPartOf\":{\"@id\":\"https:\/\/trec.it\/fr\/#website\"},\"primaryImageOfPage\":{\"@id\":\"https:\/\/trec.it\/fr\/systemes-faux-plafonds-metalliques\/#primaryimage\"},\"image\":{\"@id\":\"https:\/\/trec.it\/fr\/systemes-faux-plafonds-metalliques\/#primaryimage\"},\"thumbnailUrl\":\"https:\/\/trec.it\/wp-content\/uploads\/2020\/12\/Head_CeilingPlanks_01.jpg\",\"datePublished\":\"2020-10-15T15:15:23+00:00\",\"dateModified\":\"2024-06-20T09:34:22+00:00\",\"description\":\"Les plafonds m\u00e9talliques modulaires constituent une solution polyvalente pour am\u00e9liorer l\u2019apparence et la fonctionnalit\u00e9 d\u2019une pi\u00e8ce.\",\"breadcrumb\":{\"@id\":\"https:\/\/trec.it\/fr\/systemes-faux-plafonds-metalliques\/#breadcrumb\"},\"inLanguage\":\"fr-FR\",\"potentialAction\":[{\"@type\":\"ReadAction\",\"target\":[\"https:\/\/trec.it\/fr\/systemes-faux-plafonds-metalliques\/\"]}]},{\"@type\":\"ImageObject\",\"inLanguage\":\"fr-FR\",\"@id\":\"https:\/\/trec.it\/fr\/systemes-faux-plafonds-metalliques\/#primaryimage\",\"url\":\"https:\/\/trec.it\/wp-content\/uploads\/2020\/12\/Head_CeilingPlanks_01.jpg\",\"contentUrl\":\"https:\/\/trec.it\/wp-content\/uploads\/2020\/12\/Head_CeilingPlanks_01.jpg\",\"width\":1920,\"height\":1080,\"caption\":\"Perforated sheet metal ceiling planks\"},{\"@type\":\"BreadcrumbList\",\"@id\":\"https:\/\/trec.it\/fr\/systemes-faux-plafonds-metalliques\/#breadcrumb\",\"itemListElement\":[{\"@type\":\"ListItem\",\"position\":1,\"name\":\"Home\",\"item\":\"https:\/\/trec.it\/fr\/\"},{\"@type\":\"ListItem\",\"position\":2,\"name\":\"Syst\u00e8mes de plafonds suspendus\"}]},{\"@type\":\"WebSite\",\"@id\":\"https:\/\/trec.it\/fr\/#website\",\"url\":\"https:\/\/trec.it\/fr\/\",\"name\":\"TRE C\",\"description\":\"Trec\",\"publisher\":{\"@id\":\"https:\/\/trec.it\/fr\/#organization\"},\"potentialAction\":[{\"@type\":\"SearchAction\",\"target\":{\"@type\":\"EntryPoint\",\"urlTemplate\":\"https:\/\/trec.it\/fr\/?s={search_term_string}\"},\"query-input\":{\"@type\":\"PropertyValueSpecification\",\"valueRequired\":true,\"valueName\":\"search_term_string\"}}],\"inLanguage\":\"fr-FR\"},{\"@type\":\"Organization\",\"@id\":\"https:\/\/trec.it\/fr\/#organization\",\"name\":\"TRE C\",\"url\":\"https:\/\/trec.it\/fr\/\",\"logo\":{\"@type\":\"ImageObject\",\"inLanguage\":\"fr-FR\",\"@id\":\"https:\/\/trec.it\/fr\/#\/schema\/logo\/image\/\",\"url\":\"https:\/\/www.trec.it\/wp-content\/uploads\/2020\/10\/trec-sas-logo-dark.png\",\"contentUrl\":\"https:\/\/www.trec.it\/wp-content\/uploads\/2020\/10\/trec-sas-logo-dark.png\",\"width\":300,\"height\":336,\"caption\":\"TRE C\"},\"image\":{\"@id\":\"https:\/\/trec.it\/fr\/#\/schema\/logo\/image\/\"}}]}<\/script>\n<!-- \/ Yoast SEO plugin. -->","yoast_head_json":{"title":"Syst\u00e8mes de plafonds suspendus - TRE C","description":"Les plafonds m\u00e9talliques modulaires constituent une solution polyvalente pour am\u00e9liorer l\u2019apparence et la fonctionnalit\u00e9 d\u2019une pi\u00e8ce.","robots":{"index":"index","follow":"follow","max-snippet":"max-snippet:-1","max-image-preview":"max-image-preview:large","max-video-preview":"max-video-preview:-1"},"canonical":"https:\/\/trec.it\/fr\/systemes-faux-plafonds-metalliques\/","og_locale":"fr_FR","og_type":"article","og_title":"Syst\u00e8mes de plafonds suspendus - TRE C","og_description":"Les plafonds m\u00e9talliques modulaires constituent une solution polyvalente pour am\u00e9liorer l\u2019apparence et la fonctionnalit\u00e9 d\u2019une pi\u00e8ce.","og_url":"https:\/\/trec.it\/fr\/systemes-faux-plafonds-metalliques\/","og_site_name":"TRE C","article_modified_time":"2024-06-20T09:34:22+00:00","og_image":[{"width":1920,"height":1080,"url":"https:\/\/trec.it\/wp-content\/uploads\/2020\/12\/Head_CeilingPlanks_01.jpg","type":"image\/jpeg"}],"twitter_card":"summary_large_image","twitter_misc":{"Dur\u00e9e de lecture estim\u00e9e":"4 minutes"},"schema":{"@context":"https:\/\/schema.org","@graph":[{"@type":"WebPage","@id":"https:\/\/trec.it\/fr\/systemes-faux-plafonds-metalliques\/","url":"https:\/\/trec.it\/fr\/systemes-faux-plafonds-metalliques\/","name":"Syst\u00e8mes de plafonds suspendus - TRE C","isPartOf":{"@id":"https:\/\/trec.it\/fr\/#website"},"primaryImageOfPage":{"@id":"https:\/\/trec.it\/fr\/systemes-faux-plafonds-metalliques\/#primaryimage"},"image":{"@id":"https:\/\/trec.it\/fr\/systemes-faux-plafonds-metalliques\/#primaryimage"},"thumbnailUrl":"https:\/\/trec.it\/wp-content\/uploads\/2020\/12\/Head_CeilingPlanks_01.jpg","datePublished":"2020-10-15T15:15:23+00:00","dateModified":"2024-06-20T09:34:22+00:00","description":"Les plafonds m\u00e9talliques modulaires constituent une solution polyvalente pour am\u00e9liorer l\u2019apparence et la fonctionnalit\u00e9 d\u2019une pi\u00e8ce.","breadcrumb":{"@id":"https:\/\/trec.it\/fr\/systemes-faux-plafonds-metalliques\/#breadcrumb"},"inLanguage":"fr-FR","potentialAction":[{"@type":"ReadAction","target":["https:\/\/trec.it\/fr\/systemes-faux-plafonds-metalliques\/"]}]},{"@type":"ImageObject","inLanguage":"fr-FR","@id":"https:\/\/trec.it\/fr\/systemes-faux-plafonds-metalliques\/#primaryimage","url":"https:\/\/trec.it\/wp-content\/uploads\/2020\/12\/Head_CeilingPlanks_01.jpg","contentUrl":"https:\/\/trec.it\/wp-content\/uploads\/2020\/12\/Head_CeilingPlanks_01.jpg","width":1920,"height":1080,"caption":"Perforated sheet metal ceiling planks"},{"@type":"BreadcrumbList","@id":"https:\/\/trec.it\/fr\/systemes-faux-plafonds-metalliques\/#breadcrumb","itemListElement":[{"@type":"ListItem","position":1,"name":"Home","item":"https:\/\/trec.it\/fr\/"},{"@type":"ListItem","position":2,"name":"Syst\u00e8mes de plafonds suspendus"}]},{"@type":"WebSite","@id":"https:\/\/trec.it\/fr\/#website","url":"https:\/\/trec.it\/fr\/","name":"TRE C","description":"Trec","publisher":{"@id":"https:\/\/trec.it\/fr\/#organization"},"potentialAction":[{"@type":"SearchAction","target":{"@type":"EntryPoint","urlTemplate":"https:\/\/trec.it\/fr\/?s={search_term_string}"},"query-input":{"@type":"PropertyValueSpecification","valueRequired":true,"valueName":"search_term_string"}}],"inLanguage":"fr-FR"},{"@type":"Organization","@id":"https:\/\/trec.it\/fr\/#organization","name":"TRE C","url":"https:\/\/trec.it\/fr\/","logo":{"@type":"ImageObject","inLanguage":"fr-FR","@id":"https:\/\/trec.it\/fr\/#\/schema\/logo\/image\/","url":"https:\/\/www.trec.it\/wp-content\/uploads\/2020\/10\/trec-sas-logo-dark.png","contentUrl":"https:\/\/www.trec.it\/wp-content\/uploads\/2020\/10\/trec-sas-logo-dark.png","width":300,"height":336,"caption":"TRE C"},"image":{"@id":"https:\/\/trec.it\/fr\/#\/schema\/logo\/image\/"}}]}},"_links":{"self":[{"href":"https:\/\/trec.it\/fr\/wp-json\/wp\/v2\/pages\/86533","targetHints":{"allow":["GET"]}}],"collection":[{"href":"https:\/\/trec.it\/fr\/wp-json\/wp\/v2\/pages"}],"about":[{"href":"https:\/\/trec.it\/fr\/wp-json\/wp\/v2\/types\/page"}],"author":[{"embeddable":true,"href":"https:\/\/trec.it\/fr\/wp-json\/wp\/v2\/users\/2"}],"replies":[{"embeddable":true,"href":"https:\/\/trec.it\/fr\/wp-json\/wp\/v2\/comments?post=86533"}],"version-history":[{"count":5,"href":"https:\/\/trec.it\/fr\/wp-json\/wp\/v2\/pages\/86533\/revisions"}],"predecessor-version":[{"id":88588,"href":"https:\/\/trec.it\/fr\/wp-json\/wp\/v2\/pages\/86533\/revisions\/88588"}],"wp:featuredmedia":[{"embeddable":true,"href":"https:\/\/trec.it\/fr\/wp-json\/wp\/v2\/media\/86128"}],"wp:attachment":[{"href":"https:\/\/trec.it\/fr\/wp-json\/wp\/v2\/media?parent=86533"}],"curies":[{"name":"wp","href":"https:\/\/api.w.org\/{rel}","templated":true}]}}