{"id":86626,"date":"2021-01-17T15:03:02","date_gmt":"2021-01-17T14:03:02","guid":{"rendered":"https:\/\/www.trec.it\/vaschette-raccogli-condensa\/"},"modified":"2023-09-14T15:25:58","modified_gmt":"2023-09-14T13:25:58","slug":"bacs-recuperation-condensation","status":"publish","type":"page","link":"https:\/\/trec.it\/fr\/bacs-recuperation-condensation\/","title":{"rendered":"Bacs de r\u00e9cup\u00e9ration de condensation"},"content":{"rendered":"<div class=\"wpb-content-wrapper\"><p>[vc_row row_height_percent=\u00a0\u00bb0&Prime; override_padding=\u00a0\u00bbyes\u00a0\u00bb h_padding=\u00a0\u00bb2&Prime; top_padding=\u00a0\u00bb5&Prime; bottom_padding=\u00a0\u00bb5&Prime; overlay_alpha=\u00a0\u00bb50&Prime; gutter_size=\u00a0\u00bb4&Prime; column_width_percent=\u00a0\u00bb100&Prime; shift_y=\u00a0\u00bb0&Prime; z_index=\u00a0\u00bb0&Prime;][vc_column width=\u00a0\u00bb2\/3&Prime;][vc_column_text]Bacs en t\u00f4le fabriqu\u00e9s <strong>sur mesure<\/strong> sur une ligne automatique.<br \/>\nIls se caract\u00e9risent par une <strong>structure robuste<\/strong>, obtenue par des plis de renforcement.<br \/>\nLa conformation particuli\u00e8re permet d&rsquo;obtenir une <strong>excellente \u00e9tanch\u00e9it\u00e9 contre les fuites de liquide<\/strong> au moyen de soudure ou de fermeture herm\u00e9tique.[\/vc_column_text][vc_empty_space empty_h=\u00a0\u00bb2&Prime;][vc_gallery el_id=\u00a0\u00bbCondensateTrays\u00a0\u00bb isotope_mode=\u00a0\u00bbfitRows\u00a0\u00bb medias=\u00a0\u00bb85383,85324,85306,85381,85322,85318,85320,85316,85379,85314,85304,85302,85312,85310,85308&Prime; gutter_size=\u00a0\u00bb2&Prime; media_items=\u00a0\u00bbmedia|lightbox|original\u00a0\u00bb screen_lg=\u00a0\u00bb1000&Prime; screen_md=\u00a0\u00bb600&Prime; screen_sm=\u00a0\u00bb480&Prime; single_width=\u00a0\u00bb2&Prime; single_overlay_opacity=\u00a0\u00bb50&Prime; single_padding=\u00a0\u00bb2&Prime;][vc_custom_heading text_size=\u00a0\u00bb\u00a0\u00bb]Caract\u00e9ristiques principales[\/vc_custom_heading][vc_column_text]<\/p>\n<ul>\n<li>Section rectangulaire ou trap\u00e9zo\u00efdale<\/li>\n<li>Longueur : de 400 \u00e0 3000mm<\/li>\n<li>Largeur : de 150 \u00e0 1450mm<\/li>\n<li>Hauteur du bac de 20 \u00e0 160 mm<\/li>\n<li>Il est possible de pratiquer des ouvertures pour drainer les liquides<\/li>\n<\/ul>\n<p>[\/vc_column_text][vc_custom_heading text_size=\u00a0\u00bb\u00a0\u00bb]Mat\u00e9riaux[\/vc_custom_heading][vc_column_text]Les plateaux peuvent \u00eatre fabriqu\u00e9s en plusieurs mat\u00e9riaux, notamment :<\/p>\n<ul>\n<li>Acier galvanis\u00e9 \u00e0 chaud<\/li>\n<li>Acier inoxydable AISI 304 &#8211; AISI 316<\/li>\n<li>Aluminium<\/li>\n<li>T\u00f4le pr\u00e9laqu\u00e9e<\/li>\n<\/ul>\n<p>[\/vc_column_text][vc_empty_space empty_h=\u00a0\u00bb2&Prime;][vc_custom_heading text_size=\u00a0\u00bb\u00a0\u00bb]Quelques applications possibles[\/vc_custom_heading][vc_column_text]<\/p>\n<ul>\n<li>Collecte des condensats pour centrales de traitement d&rsquo;air<\/li>\n<li>Appareils de r\u00e9frig\u00e9ration<\/li>\n<li>Machines \u00e0 impression<\/li>\n<\/ul>\n<p>[\/vc_column_text][vc_empty_space empty_h=\u00a0\u00bb2&Prime;][\/vc_column][vc_column column_width_percent=\u00a0\u00bb100&Prime; gutter_size=\u00a0\u00bb1&Prime; overlay_alpha=\u00a0\u00bb50&Prime; border_color=\u00a0\u00bbcolor-gyho\u00a0\u00bb border_style=\u00a0\u00bbsolid\u00a0\u00bb shift_x=\u00a0\u00bb0&Prime; shift_y=\u00a0\u00bb0&Prime; shift_y_down=\u00a0\u00bb0&Prime; z_index=\u00a0\u00bb0&Prime; medium_width=\u00a0\u00bb0&Prime; mobile_width=\u00a0\u00bb0&Prime; sticky=\u00a0\u00bbyes\u00a0\u00bb width=\u00a0\u00bb1\/3&Prime; css=\u00a0\u00bb.vc_custom_1603007163670{border-left-width: 4px !important;padding-left: 36px !important;}\u00a0\u00bb][vc_empty_space empty_h=\u00a0\u00bb1&Prime;][vc_custom_heading heading_semantic=\u00a0\u00bbh3&Prime; text_size=\u00a0\u00bbfontsize-176194&Prime; text_transform=\u00a0\u00bbuppercase\u00a0\u00bb text_space=\u00a0\u00bbfontspace-165870&Prime; text_color=\u00a0\u00bbcolor-895715&Prime;]Panneaux isolants[\/vc_custom_heading][vc_empty_space empty_h=\u00a0\u00bb1&Prime;][vc_button wide=\u00a0\u00bbyes\u00a0\u00bb border_width=\u00a0\u00bb0&Prime; icon=\u00a0\u00bbfa fa-long-arrow-right\u00a0\u00bb el_class=\u00a0\u00bbbtn-left\u00a0\u00bb link=\u00a0\u00bburl:https%3A%2F%2Fwww.trec.it%2Fpannelli-isolanti%2Fpoliuretano%2F|title:Poliuretano\u00a0\u00bb]Polyur\u00e9thane[\/vc_button][vc_button wide=\u00a0\u00bbyes\u00a0\u00bb border_width=\u00a0\u00bb0&Prime; icon=\u00a0\u00bbfa fa-long-arrow-right\u00a0\u00bb el_class=\u00a0\u00bbbtn-left\u00a0\u00bb link=\u00a0\u00bburl:https%3A%2F%2Fwww.trec.it%2Fpannelli-isolanti%2Flana-minerale%2F|title:Lana%20minerale\u00a0\u00bb]Laine min\u00e9rale[\/vc_button][vc_button wide=\u00a0\u00bbyes\u00a0\u00bb border_width=\u00a0\u00bb0&Prime; icon=\u00a0\u00bbfa fa-long-arrow-right\u00a0\u00bb el_class=\u00a0\u00bbbtn-left\u00a0\u00bb link=\u00a0\u00bburl:https%3A%2F%2Fwww.trec.it%2Fpannelli-isolanti%2Faltri-isolanti%2F|title:Altri%20isolanti\u00a0\u00bb]Autres Mat\u00e9riaux isolants[\/vc_button][vc_empty_space empty_h=\u00a0\u00bb2&Prime;][vc_custom_heading heading_semantic=\u00a0\u00bbh3&Prime; text_size=\u00a0\u00bbfontsize-176194&Prime; text_transform=\u00a0\u00bbuppercase\u00a0\u00bb text_space=\u00a0\u00bbfontspace-165870&Prime; text_color=\u00a0\u00bbcolor-895715&Prime;]Accessoires[\/vc_custom_heading][vc_empty_space empty_h=\u00a0\u00bb1&Prime;][vc_button button_color=\u00a0\u00bbcolor-210407&Prime; wide=\u00a0\u00bbyes\u00a0\u00bb border_width=\u00a0\u00bb0&Prime; icon=\u00a0\u00bbfa fa-long-arrow-right\u00a0\u00bb el_class=\u00a0\u00bbbtn-left\u00a0\u00bb link=\u00a0\u00bburl:https%3A%2F%2Fwww.trec.it%2Fvaschette-raccogli-condensa%2F|title:Vaschette\u00a0\u00bb]Vaschette[\/vc_button][vc_empty_space empty_h=\u00a0\u00bb2&Prime;][vc_custom_heading heading_semantic=\u00a0\u00bbh3&Prime; text_size=\u00a0\u00bbfontsize-176194&Prime; text_transform=\u00a0\u00bbuppercase\u00a0\u00bb text_space=\u00a0\u00bbfontspace-165870&Prime; text_color=\u00a0\u00bbcolor-895715&Prime;]Catalogues[\/vc_custom_heading][vc_empty_space empty_h=\u00a0\u00bb1&Prime;][vc_button button_color=\u00a0\u00bbcolor-gyho\u00a0\u00bb wide=\u00a0\u00bbyes\u00a0\u00bb hover_fx=\u00a0\u00bbfull-colored\u00a0\u00bb border_width=\u00a0\u00bb0&Prime; icon=\u00a0\u00bbfa fa-file-pdf-o\u00a0\u00bb el_class=\u00a0\u00bbbtn-left btn-cat\u00a0\u00bb link=\u00a0\u00bburl:https%3A%2F%2Fwww.trec.it%2Fwp-content%2Fuploads%2F2020%2F10%2F2020_TREC_PanelsCatalogue_ITA_web.pdf|target:_blank\u00a0\u00bb]Panelli Isolanti Sandwich[\/vc_button][vc_empty_space empty_h=\u00a0\u00bb1&Prime;][\/vc_column][\/vc_row]<\/p>\n<\/div>","protected":false},"excerpt":{"rendered":"<p>[vc_row row_height_percent=\u00a0\u00bb0&Prime; override_padding=\u00a0\u00bbyes\u00a0\u00bb h_padding=\u00a0\u00bb2&Prime; top_padding=\u00a0\u00bb5&Prime; bottom_padding=\u00a0\u00bb5&Prime; overlay_alpha=\u00a0\u00bb50&Prime; gutter_size=\u00a0\u00bb4&Prime; column_width_percent=\u00a0\u00bb100&Prime; shift_y=\u00a0\u00bb0&Prime; z_index=\u00a0\u00bb0&Prime;][vc_column width=\u00a0\u00bb2\/3&Prime;][vc_column_text]Bacs en t\u00f4le fabriqu\u00e9s sur mesure sur une ligne [&hellip;]<\/p>\n","protected":false},"author":2,"featured_media":86307,"parent":0,"menu_order":0,"comment_status":"closed","ping_status":"closed","template":"","meta":{"footnotes":""},"class_list":["post-86626","page","type-page","status-publish","has-post-thumbnail","hentry"],"yoast_head":"<!-- This site is optimized with the Yoast SEO plugin v26.9 - https:\/\/yoast.com\/product\/yoast-seo-wordpress\/ -->\n<title>Bacs de r\u00e9cup\u00e9ration de condensation - TRE C<\/title>\n<meta name=\"robots\" content=\"index, follow, max-snippet:-1, max-image-preview:large, max-video-preview:-1\" \/>\n<link rel=\"canonical\" href=\"https:\/\/trec.it\/fr\/bacs-recuperation-condensation\/\" \/>\n<meta property=\"og:locale\" content=\"fr_FR\" \/>\n<meta property=\"og:type\" content=\"article\" \/>\n<meta property=\"og:title\" content=\"Bacs de r\u00e9cup\u00e9ration de condensation - TRE C\" \/>\n<meta property=\"og:description\" content=\"[vc_row row_height_percent=\u00a0\u00bb0&Prime; override_padding=\u00a0\u00bbyes\u00a0\u00bb h_padding=\u00a0\u00bb2&Prime; top_padding=\u00a0\u00bb5&Prime; bottom_padding=\u00a0\u00bb5&Prime; overlay_alpha=\u00a0\u00bb50&Prime; gutter_size=\u00a0\u00bb4&Prime; column_width_percent=\u00a0\u00bb100&Prime; shift_y=\u00a0\u00bb0&Prime; z_index=\u00a0\u00bb0&Prime;][vc_column width=\u00a0\u00bb2\/3&Prime;][vc_column_text]Bacs en t\u00f4le fabriqu\u00e9s sur mesure sur une ligne [&hellip;]\" \/>\n<meta property=\"og:url\" content=\"https:\/\/trec.it\/fr\/bacs-recuperation-condensation\/\" \/>\n<meta property=\"og:site_name\" content=\"TRE C\" \/>\n<meta property=\"article:modified_time\" content=\"2023-09-14T13:25:58+00:00\" \/>\n<meta property=\"og:image\" content=\"https:\/\/trec.it\/wp-content\/uploads\/2021\/01\/Tray_16_HD_03.jpg\" \/>\n\t<meta property=\"og:image:width\" content=\"2300\" \/>\n\t<meta property=\"og:image:height\" content=\"351\" \/>\n\t<meta property=\"og:image:type\" content=\"image\/jpeg\" \/>\n<meta name=\"twitter:card\" content=\"summary_large_image\" \/>\n<meta name=\"twitter:label1\" content=\"Dur\u00e9e de lecture estim\u00e9e\" \/>\n\t<meta name=\"twitter:data1\" content=\"2 minutes\" \/>\n<script type=\"application\/ld+json\" class=\"yoast-schema-graph\">{\"@context\":\"https:\/\/schema.org\",\"@graph\":[{\"@type\":\"WebPage\",\"@id\":\"https:\/\/trec.it\/fr\/bacs-recuperation-condensation\/\",\"url\":\"https:\/\/trec.it\/fr\/bacs-recuperation-condensation\/\",\"name\":\"Bacs de r\u00e9cup\u00e9ration de condensation - TRE C\",\"isPartOf\":{\"@id\":\"https:\/\/trec.it\/fr\/#website\"},\"primaryImageOfPage\":{\"@id\":\"https:\/\/trec.it\/fr\/bacs-recuperation-condensation\/#primaryimage\"},\"image\":{\"@id\":\"https:\/\/trec.it\/fr\/bacs-recuperation-condensation\/#primaryimage\"},\"thumbnailUrl\":\"https:\/\/trec.it\/wp-content\/uploads\/2021\/01\/Tray_16_HD_03.jpg\",\"datePublished\":\"2021-01-17T14:03:02+00:00\",\"dateModified\":\"2023-09-14T13:25:58+00:00\",\"breadcrumb\":{\"@id\":\"https:\/\/trec.it\/fr\/bacs-recuperation-condensation\/#breadcrumb\"},\"inLanguage\":\"fr-FR\",\"potentialAction\":[{\"@type\":\"ReadAction\",\"target\":[\"https:\/\/trec.it\/fr\/bacs-recuperation-condensation\/\"]}]},{\"@type\":\"ImageObject\",\"inLanguage\":\"fr-FR\",\"@id\":\"https:\/\/trec.it\/fr\/bacs-recuperation-condensation\/#primaryimage\",\"url\":\"https:\/\/trec.it\/wp-content\/uploads\/2021\/01\/Tray_16_HD_03.jpg\",\"contentUrl\":\"https:\/\/trec.it\/wp-content\/uploads\/2021\/01\/Tray_16_HD_03.jpg\",\"width\":2300,\"height\":351},{\"@type\":\"BreadcrumbList\",\"@id\":\"https:\/\/trec.it\/fr\/bacs-recuperation-condensation\/#breadcrumb\",\"itemListElement\":[{\"@type\":\"ListItem\",\"position\":1,\"name\":\"Home\",\"item\":\"https:\/\/trec.it\/fr\/\"},{\"@type\":\"ListItem\",\"position\":2,\"name\":\"Bacs de r\u00e9cup\u00e9ration de condensation\"}]},{\"@type\":\"WebSite\",\"@id\":\"https:\/\/trec.it\/fr\/#website\",\"url\":\"https:\/\/trec.it\/fr\/\",\"name\":\"TRE C\",\"description\":\"Trec\",\"publisher\":{\"@id\":\"https:\/\/trec.it\/fr\/#organization\"},\"potentialAction\":[{\"@type\":\"SearchAction\",\"target\":{\"@type\":\"EntryPoint\",\"urlTemplate\":\"https:\/\/trec.it\/fr\/?s={search_term_string}\"},\"query-input\":{\"@type\":\"PropertyValueSpecification\",\"valueRequired\":true,\"valueName\":\"search_term_string\"}}],\"inLanguage\":\"fr-FR\"},{\"@type\":\"Organization\",\"@id\":\"https:\/\/trec.it\/fr\/#organization\",\"name\":\"TRE C\",\"url\":\"https:\/\/trec.it\/fr\/\",\"logo\":{\"@type\":\"ImageObject\",\"inLanguage\":\"fr-FR\",\"@id\":\"https:\/\/trec.it\/fr\/#\/schema\/logo\/image\/\",\"url\":\"https:\/\/www.trec.it\/wp-content\/uploads\/2020\/10\/trec-sas-logo-dark.png\",\"contentUrl\":\"https:\/\/www.trec.it\/wp-content\/uploads\/2020\/10\/trec-sas-logo-dark.png\",\"width\":300,\"height\":336,\"caption\":\"TRE C\"},\"image\":{\"@id\":\"https:\/\/trec.it\/fr\/#\/schema\/logo\/image\/\"}}]}<\/script>\n<!-- \/ Yoast SEO plugin. -->","yoast_head_json":{"title":"Bacs de r\u00e9cup\u00e9ration de condensation - TRE C","robots":{"index":"index","follow":"follow","max-snippet":"max-snippet:-1","max-image-preview":"max-image-preview:large","max-video-preview":"max-video-preview:-1"},"canonical":"https:\/\/trec.it\/fr\/bacs-recuperation-condensation\/","og_locale":"fr_FR","og_type":"article","og_title":"Bacs de r\u00e9cup\u00e9ration de condensation - TRE C","og_description":"[vc_row row_height_percent=\u00a0\u00bb0&Prime; override_padding=\u00a0\u00bbyes\u00a0\u00bb h_padding=\u00a0\u00bb2&Prime; top_padding=\u00a0\u00bb5&Prime; bottom_padding=\u00a0\u00bb5&Prime; overlay_alpha=\u00a0\u00bb50&Prime; gutter_size=\u00a0\u00bb4&Prime; column_width_percent=\u00a0\u00bb100&Prime; shift_y=\u00a0\u00bb0&Prime; z_index=\u00a0\u00bb0&Prime;][vc_column width=\u00a0\u00bb2\/3&Prime;][vc_column_text]Bacs en t\u00f4le fabriqu\u00e9s sur mesure sur une ligne [&hellip;]","og_url":"https:\/\/trec.it\/fr\/bacs-recuperation-condensation\/","og_site_name":"TRE C","article_modified_time":"2023-09-14T13:25:58+00:00","og_image":[{"width":2300,"height":351,"url":"https:\/\/trec.it\/wp-content\/uploads\/2021\/01\/Tray_16_HD_03.jpg","type":"image\/jpeg"}],"twitter_card":"summary_large_image","twitter_misc":{"Dur\u00e9e de lecture estim\u00e9e":"2 minutes"},"schema":{"@context":"https:\/\/schema.org","@graph":[{"@type":"WebPage","@id":"https:\/\/trec.it\/fr\/bacs-recuperation-condensation\/","url":"https:\/\/trec.it\/fr\/bacs-recuperation-condensation\/","name":"Bacs de r\u00e9cup\u00e9ration de condensation - TRE C","isPartOf":{"@id":"https:\/\/trec.it\/fr\/#website"},"primaryImageOfPage":{"@id":"https:\/\/trec.it\/fr\/bacs-recuperation-condensation\/#primaryimage"},"image":{"@id":"https:\/\/trec.it\/fr\/bacs-recuperation-condensation\/#primaryimage"},"thumbnailUrl":"https:\/\/trec.it\/wp-content\/uploads\/2021\/01\/Tray_16_HD_03.jpg","datePublished":"2021-01-17T14:03:02+00:00","dateModified":"2023-09-14T13:25:58+00:00","breadcrumb":{"@id":"https:\/\/trec.it\/fr\/bacs-recuperation-condensation\/#breadcrumb"},"inLanguage":"fr-FR","potentialAction":[{"@type":"ReadAction","target":["https:\/\/trec.it\/fr\/bacs-recuperation-condensation\/"]}]},{"@type":"ImageObject","inLanguage":"fr-FR","@id":"https:\/\/trec.it\/fr\/bacs-recuperation-condensation\/#primaryimage","url":"https:\/\/trec.it\/wp-content\/uploads\/2021\/01\/Tray_16_HD_03.jpg","contentUrl":"https:\/\/trec.it\/wp-content\/uploads\/2021\/01\/Tray_16_HD_03.jpg","width":2300,"height":351},{"@type":"BreadcrumbList","@id":"https:\/\/trec.it\/fr\/bacs-recuperation-condensation\/#breadcrumb","itemListElement":[{"@type":"ListItem","position":1,"name":"Home","item":"https:\/\/trec.it\/fr\/"},{"@type":"ListItem","position":2,"name":"Bacs de r\u00e9cup\u00e9ration de condensation"}]},{"@type":"WebSite","@id":"https:\/\/trec.it\/fr\/#website","url":"https:\/\/trec.it\/fr\/","name":"TRE C","description":"Trec","publisher":{"@id":"https:\/\/trec.it\/fr\/#organization"},"potentialAction":[{"@type":"SearchAction","target":{"@type":"EntryPoint","urlTemplate":"https:\/\/trec.it\/fr\/?s={search_term_string}"},"query-input":{"@type":"PropertyValueSpecification","valueRequired":true,"valueName":"search_term_string"}}],"inLanguage":"fr-FR"},{"@type":"Organization","@id":"https:\/\/trec.it\/fr\/#organization","name":"TRE C","url":"https:\/\/trec.it\/fr\/","logo":{"@type":"ImageObject","inLanguage":"fr-FR","@id":"https:\/\/trec.it\/fr\/#\/schema\/logo\/image\/","url":"https:\/\/www.trec.it\/wp-content\/uploads\/2020\/10\/trec-sas-logo-dark.png","contentUrl":"https:\/\/www.trec.it\/wp-content\/uploads\/2020\/10\/trec-sas-logo-dark.png","width":300,"height":336,"caption":"TRE C"},"image":{"@id":"https:\/\/trec.it\/fr\/#\/schema\/logo\/image\/"}}]}},"_links":{"self":[{"href":"https:\/\/trec.it\/fr\/wp-json\/wp\/v2\/pages\/86626","targetHints":{"allow":["GET"]}}],"collection":[{"href":"https:\/\/trec.it\/fr\/wp-json\/wp\/v2\/pages"}],"about":[{"href":"https:\/\/trec.it\/fr\/wp-json\/wp\/v2\/types\/page"}],"author":[{"embeddable":true,"href":"https:\/\/trec.it\/fr\/wp-json\/wp\/v2\/users\/2"}],"replies":[{"embeddable":true,"href":"https:\/\/trec.it\/fr\/wp-json\/wp\/v2\/comments?post=86626"}],"version-history":[{"count":5,"href":"https:\/\/trec.it\/fr\/wp-json\/wp\/v2\/pages\/86626\/revisions"}],"predecessor-version":[{"id":87294,"href":"https:\/\/trec.it\/fr\/wp-json\/wp\/v2\/pages\/86626\/revisions\/87294"}],"wp:featuredmedia":[{"embeddable":true,"href":"https:\/\/trec.it\/fr\/wp-json\/wp\/v2\/media\/86307"}],"wp:attachment":[{"href":"https:\/\/trec.it\/fr\/wp-json\/wp\/v2\/media?parent=86626"}],"curies":[{"name":"wp","href":"https:\/\/api.w.org\/{rel}","templated":true}]}}