{"id":86847,"date":"2023-03-15T23:31:19","date_gmt":"2023-03-15T22:31:19","guid":{"rendered":"https:\/\/www.trec.it\/?page_id=86847"},"modified":"2024-06-20T16:00:04","modified_gmt":"2024-06-20T14:00:04","slug":"plafond-acoustique-tole-perforee","status":"publish","type":"page","link":"https:\/\/trec.it\/fr\/systemes-faux-plafonds-metalliques\/plafond-acoustique-tole-perforee\/","title":{"rendered":"Perforations"},"content":{"rendered":"<div class=\"wpb-content-wrapper\"><p>[vc_row row_height_percent=\u00a0\u00bb0&Prime; override_padding=\u00a0\u00bbyes\u00a0\u00bb h_padding=\u00a0\u00bb2&Prime; top_padding=\u00a0\u00bb5&Prime; bottom_padding=\u00a0\u00bb5&Prime; overlay_alpha=\u00a0\u00bb50&Prime; gutter_size=\u00a0\u00bb4&Prime; column_width_percent=\u00a0\u00bb100&Prime; shift_y=\u00a0\u00bb0&Prime; z_index=\u00a0\u00bb0&Prime;][vc_column width=\u00a0\u00bb2\/3&Prime;][vc_custom_heading text_size=\u00a0\u00bb\u00a0\u00bb uncode_shortcode_id=\u00a0\u00bb148951&Prime;]Perforations[\/vc_custom_heading][vc_column_text uncode_shortcode_id=\u00a0\u00bb998447&Prime;]<span class=\"fontstyle0\">Les panneaux des plafonds suspendus peuvent \u00eatre fournis en t\u00f4le pleine ou, en cas de n\u00e9cessit\u00e9s esth\u00e9tiques ou fonctionnelles sp\u00e9cifques, en t\u00f4le perfor\u00e9e.<br \/>\nIl est \u00e9galement possible d\u2019appliquer le flm insonorisant Viledon SoundTex\u00ae, si requis.<\/span><\/p>\n<p>Ce mat\u00e9riau offre plusieurs avantages :<\/p>\n<ul>\n<li>Absorption acoustique efficace<\/li>\n<li>Impact esth\u00e9tique agr\u00e9able<\/li>\n<li>Respect de l&rsquo;environnement gr\u00e2ce \u00e0 l&rsquo;absence de substances nocives<\/li>\n<li>Il n&rsquo;est pas inflammable<\/li>\n<\/ul>\n<p>[\/vc_column_text][vc_empty_space empty_h=\u00a0\u00bb1&Prime;][vc_custom_heading heading_semantic=\u00a0\u00bbh3&Prime; text_size=\u00a0\u00bbh4&Prime; uncode_shortcode_id=\u00a0\u00bb173103&Prime;]Perforations <span class=\"HwtZe\" lang=\"fr\"><span class=\"jCAhz ChMk0b\"><span class=\"ryNqvb\">parall\u00e8les<\/span><\/span><\/span>[\/vc_custom_heading][vc_row_inner row_inner_height_percent=\u00a0\u00bb0&Prime; overlay_alpha=\u00a0\u00bb50&Prime; equal_height=\u00a0\u00bbyes\u00a0\u00bb gutter_size=\u00a0\u00bb2&Prime; shift_y=\u00a0\u00bb0&Prime; z_index=\u00a0\u00bb0&Prime; limit_content=\u00a0\u00bb\u00a0\u00bb][vc_column_inner width=\u00a0\u00bb1\/4&Prime;][vc_single_image media=\u00a0\u00bb85472&Prime; media_width_percent=\u00a0\u00bb100&Prime;][vc_custom_heading heading_semantic=\u00a0\u00bbh4&Prime; text_size=\u00a0\u00bbfontsize-176194&Prime;]R 1.5 U 4&#215;4[\/vc_custom_heading][vc_column_text uncode_shortcode_id=\u00a0\u00bb110896&Prime;]\u00d81,5mm<br \/>\n90 degr\u00e9s<br \/>\nSection libre 11%[\/vc_column_text][\/vc_column_inner][vc_column_inner width=\u00a0\u00bb1\/4&Prime;][vc_single_image media=\u00a0\u00bb85476&Prime; media_width_percent=\u00a0\u00bb100&Prime;][vc_custom_heading heading_semantic=\u00a0\u00bbh4&Prime; text_size=\u00a0\u00bbfontsize-176194&Prime; uncode_shortcode_id=\u00a0\u00bb959015&Prime;]R 2.0 U 5.5&#215;5.5[\/vc_custom_heading][vc_column_text uncode_shortcode_id=\u00a0\u00bb189610&Prime;]\u00d82,0mm<br \/>\n90 degr\u00e9s<br \/>\nSection libre 10,4%[\/vc_column_text][\/vc_column_inner][vc_column_inner width=\u00a0\u00bb1\/4&Prime;][vc_single_image media=\u00a0\u00bb85480&Prime; media_width_percent=\u00a0\u00bb100&Prime;][vc_custom_heading heading_semantic=\u00a0\u00bbh4&Prime; text_size=\u00a0\u00bbfontsize-176194&Prime; uncode_shortcode_id=\u00a0\u00bb115438&Prime;]R 3.0 U 7.0&#215;7.0[\/vc_custom_heading][vc_column_text uncode_shortcode_id=\u00a0\u00bb162905&Prime;]\u00d83,0mm<br \/>\n90 degr\u00e9s<br \/>\nSection libre 14,4%[\/vc_column_text][\/vc_column_inner][\/vc_row_inner][vc_custom_heading heading_semantic=\u00a0\u00bbh3&Prime; text_size=\u00a0\u00bbh4&Prime; uncode_shortcode_id=\u00a0\u00bb103487&Prime;]Perforations\u00a0<span class=\"HwtZe\" lang=\"fr\"><span class=\"jCAhz ChMk0b\"><span class=\"ryNqvb\">carr\u00e9s<\/span><\/span><\/span>[\/vc_custom_heading][vc_row_inner row_inner_height_percent=\u00a0\u00bb0&Prime; overlay_alpha=\u00a0\u00bb50&Prime; equal_height=\u00a0\u00bbyes\u00a0\u00bb gutter_size=\u00a0\u00bb2&Prime; shift_y=\u00a0\u00bb0&Prime; z_index=\u00a0\u00bb0&Prime; limit_content=\u00a0\u00bb\u00a0\u00bb][vc_column_inner width=\u00a0\u00bb1\/4&Prime;][vc_single_image media=\u00a0\u00bb86799&Prime; media_width_percent=\u00a0\u00bb100&Prime; uncode_shortcode_id=\u00a0\u00bb976618&Prime;][vc_custom_heading heading_semantic=\u00a0\u00bbh4&Prime; text_size=\u00a0\u00bbfontsize-176194&Prime; uncode_shortcode_id=\u00a0\u00bb198381&Prime;]Q 5&#215;5 10&#215;10 90\u00b0[\/vc_custom_heading][vc_column_text uncode_shortcode_id=\u00a0\u00bb215847&Prime;]Carr\u00e9 5x5mm<br \/>\n10x10mm<br \/>\n90 degr\u00e9s<br \/>\nSection libre 25%[\/vc_column_text][\/vc_column_inner][vc_column_inner width=\u00a0\u00bb1\/4&Prime;][vc_single_image media=\u00a0\u00bb86803&Prime; media_width_percent=\u00a0\u00bb100&Prime; uncode_shortcode_id=\u00a0\u00bb988291&Prime;][vc_custom_heading heading_semantic=\u00a0\u00bbh4&Prime; text_size=\u00a0\u00bbfontsize-176194&Prime; uncode_shortcode_id=\u00a0\u00bb183618&Prime;]Q 8&#215;8 U 16&#215;16 90\u00b0[\/vc_custom_heading][vc_column_text uncode_shortcode_id=\u00a0\u00bb854631&Prime;]Carr\u00e9 8x8mm<br \/>\n16x16mm<br \/>\n90 degr\u00e9s<br \/>\nSection libre 25%[\/vc_column_text][\/vc_column_inner][vc_column_inner width=\u00a0\u00bb1\/4&Prime;][\/vc_column_inner][\/vc_row_inner][vc_empty_space][vc_custom_heading heading_semantic=\u00a0\u00bbh3&Prime; text_size=\u00a0\u00bbh4&Prime; uncode_shortcode_id=\u00a0\u00bb288730&Prime;]Perforations <span class=\"HwtZe\" lang=\"fr\"><span class=\"jCAhz ChMk0b\"><span class=\"ryNqvb\">diagonales<\/span><\/span><\/span>[\/vc_custom_heading][vc_row_inner row_inner_height_percent=\u00a0\u00bb0&Prime; overlay_alpha=\u00a0\u00bb50&Prime; gutter_size=\u00a0\u00bb2&Prime; shift_y=\u00a0\u00bb0&Prime; z_index=\u00a0\u00bb0&Prime; limit_content=\u00a0\u00bb\u00a0\u00bb][vc_column_inner width=\u00a0\u00bb1\/6&Prime;][vc_single_image media=\u00a0\u00bb85470&Prime; media_width_percent=\u00a0\u00bb100&Prime;][vc_custom_heading heading_semantic=\u00a0\u00bbh4&Prime; text_size=\u00a0\u00bbfontsize-176194&Prime;]R 1.5 M 2.8[\/vc_custom_heading][vc_column_text uncode_shortcode_id=\u00a0\u00bb876266&Prime;]\u00d81,5mm<br \/>\n45 degr\u00e9s<br \/>\nSection libre 22%[\/vc_column_text][\/vc_column_inner][vc_column_inner width=\u00a0\u00bb1\/6&Prime;][vc_single_image media=\u00a0\u00bb85474&Prime; media_width_percent=\u00a0\u00bb100&Prime;][vc_custom_heading heading_semantic=\u00a0\u00bbh4&Prime; text_size=\u00a0\u00bbfontsize-176194&Prime; uncode_shortcode_id=\u00a0\u00bb492839&Prime;]R 2.0 M 3.89[\/vc_custom_heading][vc_column_text uncode_shortcode_id=\u00a0\u00bb863297&Prime;]\u00d82,0mm<br \/>\n45 degr\u00e9s<br \/>\nSection libre 20,8%[\/vc_column_text][\/vc_column_inner][vc_column_inner width=\u00a0\u00bb1\/6&Prime;][vc_single_image media=\u00a0\u00bb85468&Prime; media_width_percent=\u00a0\u00bb100&Prime;][vc_custom_heading heading_semantic=\u00a0\u00bbh4&Prime; text_size=\u00a0\u00bbfontsize-176194&Prime; uncode_shortcode_id=\u00a0\u00bb736576&Prime;]R 3.0 M 4.95[\/vc_custom_heading][vc_column_text uncode_shortcode_id=\u00a0\u00bb438732&Prime;]\u00d83,0mm<br \/>\n45 degr\u00e9s<br \/>\nSection libre 28,8%[\/vc_column_text][\/vc_column_inner][\/vc_row_inner][vc_empty_space empty_h=\u00a0\u00bb2&Prime;][vc_button border_width=\u00a0\u00bb0&Prime; link=\u00a0\u00bburl:https%3A%2F%2Fwww.trec.it%2Ffr%2Fsystemes-faux-plafonds-metalliques%2F|title:Retourner%20%C3%A0%3A%20Syst%C3%A8mes%20de%20plafonds%20suspendus\u00a0\u00bb uncode_shortcode_id=\u00a0\u00bb784671&Prime;]Retourner \u00e0: Syst\u00e8mes de plafonds suspendus[\/vc_button][\/vc_column][vc_column column_width_percent=\u00a0\u00bb100&Prime; gutter_size=\u00a0\u00bb1&Prime; overlay_alpha=\u00a0\u00bb50&Prime; border_color=\u00a0\u00bbcolor-gyho\u00a0\u00bb border_style=\u00a0\u00bbsolid\u00a0\u00bb shift_x=\u00a0\u00bb0&Prime; shift_y=\u00a0\u00bb0&Prime; shift_y_down=\u00a0\u00bb0&Prime; z_index=\u00a0\u00bb0&Prime; medium_width=\u00a0\u00bb0&Prime; mobile_width=\u00a0\u00bb0&Prime; sticky=\u00a0\u00bbyes\u00a0\u00bb width=\u00a0\u00bb1\/3&Prime; css=\u00a0\u00bb.vc_custom_1603007649415{border-left-width: 4px !important;padding-left: 36px !important;}\u00a0\u00bb][vc_empty_space empty_h=\u00a0\u00bb1&Prime;][vc_custom_heading text_color=\u00a0\u00bbcolor-895715&Prime; heading_semantic=\u00a0\u00bbh3&Prime; text_size=\u00a0\u00bbfontsize-176194&Prime; text_transform=\u00a0\u00bbuppercase\u00a0\u00bb text_space=\u00a0\u00bbfontspace-165870&Prime; uncode_shortcode_id=\u00a0\u00bb192938&Prime; text_color_type=\u00a0\u00bbuncode-palette\u00a0\u00bb]Syst\u00e8mes de plafonds suspendus[\/vc_custom_heading][vc_empty_space empty_h=\u00a0\u00bb1&Prime;][vc_button wide=\u00a0\u00bbyes\u00a0\u00bb border_width=\u00a0\u00bb0&Prime; icon=\u00a0\u00bbfa fa-long-arrow-right\u00a0\u00bb el_class=\u00a0\u00bbbtn-left\u00a0\u00bb link=\u00a0\u00bburl:https%3A%2F%2Fwww.trec.it%2Ffr%2Fsistemi-controsoffitto%2Fsistema-clip-in-controsoffitto-metallico-modulare%2F|title:Sistema%20CLIP-IN\u00a0\u00bb uncode_shortcode_id=\u00a0\u00bb150920&Prime;]Syst\u00e8me CLIP-IN[\/vc_button][vc_button wide=\u00a0\u00bbyes\u00a0\u00bb border_width=\u00a0\u00bb0&Prime; icon=\u00a0\u00bbfa fa-long-arrow-right\u00a0\u00bb el_class=\u00a0\u00bbbtn-left\u00a0\u00bb link=\u00a0\u00bburl:https%3A%2F%2Fwww.trec.it%2Ffr%2Fsystemes-faux-plafonds-metalliques%2Fclip-in-rainfall-system%2F|title:Syst%C3%A8me%20CLIP-IN%20RAINFALL\u00a0\u00bb uncode_shortcode_id=\u00a0\u00bb152228&Prime;]Syst\u00e8me CLIP-IN Rainfall[\/vc_button][vc_button wide=\u00a0\u00bbyes\u00a0\u00bb border_width=\u00a0\u00bb0&Prime; icon=\u00a0\u00bbfa fa-long-arrow-right\u00a0\u00bb el_class=\u00a0\u00bbbtn-left\u00a0\u00bb link=\u00a0\u00bburl:https%3A%2F%2Fwww.trec.it%2Ffr%2Fsystemes-faux-plafonds-metalliques%2Fsysteme-faux-plafond-metallique-modulaire-couloir%2F|title:Syst%C3%A8me%20COULOIR\u00a0\u00bb uncode_shortcode_id=\u00a0\u00bb978193&Prime;]Syst\u00e8me COULOIR[\/vc_button][vc_button wide=\u00a0\u00bbyes\u00a0\u00bb border_width=\u00a0\u00bb0&Prime; icon=\u00a0\u00bbfa fa-long-arrow-right\u00a0\u00bb el_class=\u00a0\u00bbbtn-left\u00a0\u00bb link=\u00a0\u00bburl:https%3A%2F%2Fwww.trec.it%2Ffr%2Fsystemes-faux-plafonds-metalliques%2Fsysteme_couloir_hook-on%2F|title:Syst%C3%A8me%20COULOIR%20Hook-On\u00a0\u00bb uncode_shortcode_id=\u00a0\u00bb198722&Prime;]Syst\u00e8me COULOIR Hook-on[\/vc_button][vc_button wide=\u00a0\u00bbyes\u00a0\u00bb border_width=\u00a0\u00bb0&Prime; icon=\u00a0\u00bbfa fa-long-arrow-right\u00a0\u00bb el_class=\u00a0\u00bbbtn-left\u00a0\u00bb link=\u00a0\u00bburl:https%3A%2F%2Fwww.trec.it%2Ffr%2Fsystemes-faux-plafonds-metalliques%2Fsysteme-t15-t24-faux-plafond-metallique-modulaire-structure-apparente%2F|title:Syst%C3%A9me%20T15%20-%20T24&Prime; uncode_shortcode_id=\u00a0\u00bb833585&Prime;]Syst\u00e8mes T15 &#8211; T24[\/vc_button][vc_button wide=\u00a0\u00bbyes\u00a0\u00bb border_width=\u00a0\u00bb0&Prime; icon=\u00a0\u00bbfa fa-long-arrow-right\u00a0\u00bb el_class=\u00a0\u00bbbtn-left\u00a0\u00bb link=\u00a0\u00bburl:https%3A%2F%2Fwww.trec.it%2Ffr%2Fsysteme-hook-on-faux-plafond-metallique-modulaire%2F|title:Syst%C3%A8me%20HOOK-ON\u00a0\u00bb uncode_shortcode_id=\u00a0\u00bb121841&Prime;]Syst\u00e8me Hook-On[\/vc_button][vc_button wide=\u00a0\u00bbyes\u00a0\u00bb border_width=\u00a0\u00bb0&Prime; icon=\u00a0\u00bbfa fa-long-arrow-right\u00a0\u00bb el_class=\u00a0\u00bbbtn-left\u00a0\u00bb link=\u00a0\u00bburl:https%3A%2F%2Fwww.trec.it%2Ffr%2Fsystemes-faux-plafonds-metalliques%2Fsysteme-faux-plafond-metallique-modulaire-naval%2F|title:Plafond%20metallique%20systeme%20naval\u00a0\u00bb uncode_shortcode_id=\u00a0\u00bb199167&Prime;]Syst\u00e8me NAVAL[\/vc_button][vc_button wide=\u00a0\u00bbyes\u00a0\u00bb border_width=\u00a0\u00bb0&Prime; icon=\u00a0\u00bbfa fa-long-arrow-right\u00a0\u00bb el_class=\u00a0\u00bbbtn-left\u00a0\u00bb link=\u00a0\u00bburl:https%3A%2F%2Fwww.trec.it%2Ffr%2Fsystemes-faux-plafonds-metalliques%2Fsysteme-faux-plafond-metallique-modulaire-naval-bl%2F|title:Syst%C3%A8me%20NAVAL\u00a0\u00bb uncode_shortcode_id=\u00a0\u00bb205151&Prime;]Syst\u00e8me NAVAL BL[\/vc_button][vc_button wide=\u00a0\u00bbyes\u00a0\u00bb border_width=\u00a0\u00bb0&Prime; icon=\u00a0\u00bbfa fa-long-arrow-right\u00a0\u00bb el_class=\u00a0\u00bbbtn-left\u00a0\u00bb link=\u00a0\u00bburl:https%3A%2F%2Fwww.trec.it%2Fsistema-controsoffitto-ospedaliero-med%2F|title:Sistema%20navale\u00a0\u00bb uncode_shortcode_id=\u00a0\u00bb104514&Prime;]Syst\u00e8me MED[\/vc_button][vc_button wide=\u00a0\u00bbyes\u00a0\u00bb border_width=\u00a0\u00bb0&Prime; icon=\u00a0\u00bbfa fa-long-arrow-right\u00a0\u00bb el_class=\u00a0\u00bbbtn-left\u00a0\u00bb link=\u00a0\u00bburl:https%3A%2F%2Fwww.trec.it%2Ffr%2Fsistemi-controsoffitto%2Fsysteme-h28%2F|title:Sistema%20LAY-IN%20e%20LAY-ON\u00a0\u00bb uncode_shortcode_id=\u00a0\u00bb173725&Prime;]Syst\u00e8me H28[\/vc_button][vc_button wide=\u00a0\u00bbyes\u00a0\u00bb border_width=\u00a0\u00bb0&Prime; icon=\u00a0\u00bbfa fa-long-arrow-right\u00a0\u00bb el_class=\u00a0\u00bbbtn-left\u00a0\u00bb link=\u00a0\u00bburl:https%3A%2F%2Fwww.trec.it%2Ffr%2Fsistemi-controsoffitto%2Fplafond-metal-deploye%2F|title:Lamiera%20stirata\u00a0\u00bb uncode_shortcode_id=\u00a0\u00bb181526&Prime;]M\u00e9tal d\u00e9ploy\u00e9[\/vc_button][vc_empty_space empty_h=\u00a0\u00bb2&Prime;][vc_custom_heading text_color=\u00a0\u00bbcolor-895715&Prime; heading_semantic=\u00a0\u00bbh3&Prime; text_size=\u00a0\u00bbfontsize-176194&Prime; text_transform=\u00a0\u00bbuppercase\u00a0\u00bb text_space=\u00a0\u00bbfontspace-165870&Prime; uncode_shortcode_id=\u00a0\u00bb965476&Prime; text_color_type=\u00a0\u00bbuncode-palette\u00a0\u00bb]Perforations[\/vc_custom_heading][vc_empty_space empty_h=\u00a0\u00bb2&Prime;][vc_button button_color=\u00a0\u00bbcolor-632047&Prime; wide=\u00a0\u00bbyes\u00a0\u00bb border_width=\u00a0\u00bb0&Prime; icon=\u00a0\u00bbfa fa-long-arrow-right\u00a0\u00bb el_class=\u00a0\u00bbbtn-left\u00a0\u00bb link=\u00a0\u00bburl:https%3A%2F%2Fwww.trec.it%2Ffr%2Fsystemes-faux-plafonds-metalliques%2Fplafond-acoustique-tole-perforee%2F|title:Plafond%20acustique%20tole%20perforee\u00a0\u00bb button_color_type=\u00a0\u00bbuncode-palette\u00a0\u00bb uncode_shortcode_id=\u00a0\u00bb128524&Prime;]Perforations standard[\/vc_button][vc_empty_space empty_h=\u00a0\u00bb2&Prime;][vc_custom_heading text_color=\u00a0\u00bbcolor-895715&Prime; heading_semantic=\u00a0\u00bbh3&Prime; text_size=\u00a0\u00bbfontsize-176194&Prime; text_transform=\u00a0\u00bbuppercase\u00a0\u00bb text_space=\u00a0\u00bbfontspace-165870&Prime; uncode_shortcode_id=\u00a0\u00bb116716&Prime; text_color_type=\u00a0\u00bbuncode-palette\u00a0\u00bb]Collection de couleurs[\/vc_custom_heading][vc_empty_space empty_h=\u00a0\u00bb1&Prime;][vc_button wide=\u00a0\u00bbyes\u00a0\u00bb border_width=\u00a0\u00bb0&Prime; icon=\u00a0\u00bbfa fa-long-arrow-right\u00a0\u00bb el_class=\u00a0\u00bbbtn-left\u00a0\u00bb link=\u00a0\u00bburl:https%3A%2F%2Fwww.trec.it%2Ffr%2Fsystemes-faux-plafonds-metalliques%2Fcollection-de-couleurs%2F|title:Collection%20de%20couleurs\u00a0\u00bb uncode_shortcode_id=\u00a0\u00bb894538&Prime;]Couleurs standards[\/vc_button][vc_button button_color=\u00a0\u00bbcolor-uydo\u00a0\u00bb wide=\u00a0\u00bbyes\u00a0\u00bb border_width=\u00a0\u00bb0&Prime; icon=\u00a0\u00bbfa fa-file-pdf-o\u00a0\u00bb el_class=\u00a0\u00bbbtn-left btn-cat\u00a0\u00bb link=\u00a0\u00bburl:https%3A%2F%2Fwww.trec.it%2Fwp-content%2Fuploads%2F2023%2F05%2F202305_TREC_SpecialFinishesCatalogue_ENG.pdf|title:Special%20finishes|target:_blank\u00a0\u00bb button_color_type=\u00a0\u00bbuncode-palette\u00a0\u00bb uncode_shortcode_id=\u00a0\u00bb412298&Prime;]Finitions sp\u00e9ciales[\/vc_button][vc_empty_space empty_h=\u00a0\u00bb1&Prime;][vc_custom_heading text_color=\u00a0\u00bbcolor-895715&Prime; heading_semantic=\u00a0\u00bbh3&Prime; text_size=\u00a0\u00bbfontsize-176194&Prime; text_transform=\u00a0\u00bbuppercase\u00a0\u00bb text_space=\u00a0\u00bbfontspace-165870&Prime; uncode_shortcode_id=\u00a0\u00bb944555&Prime; text_color_type=\u00a0\u00bbuncode-palette\u00a0\u00bb]Catalogues[\/vc_custom_heading][vc_empty_space empty_h=\u00a0\u00bb1&Prime;][vc_button button_color=\u00a0\u00bbcolor-uydo\u00a0\u00bb wide=\u00a0\u00bbyes\u00a0\u00bb border_width=\u00a0\u00bb0&Prime; icon=\u00a0\u00bbfa fa-file-pdf-o\u00a0\u00bb el_class=\u00a0\u00bbbtn-left btn-cat\u00a0\u00bb link=\u00a0\u00bburl:https%3A%2F%2Fwww.trec.it%2Fwp-content%2Fuploads%2F2023%2F04%2F2023R1_TREC_CatalogueGeneralPlafondsMetalliques_FRA_web.pdf|target:_blank\u00a0\u00bb button_color_type=\u00a0\u00bbuncode-palette\u00a0\u00bb uncode_shortcode_id=\u00a0\u00bb107270&Prime;]Plafonds M\u00e9talliques &#8211; Syst\u00e8mes[\/vc_button][vc_empty_space empty_h=\u00a0\u00bb1&Prime;][\/vc_column][\/vc_row]<\/p>\n<\/div>","protected":false},"excerpt":{"rendered":"<p>[vc_row row_height_percent=\u00a0\u00bb0&Prime; override_padding=\u00a0\u00bbyes\u00a0\u00bb h_padding=\u00a0\u00bb2&Prime; top_padding=\u00a0\u00bb5&Prime; bottom_padding=\u00a0\u00bb5&Prime; overlay_alpha=\u00a0\u00bb50&Prime; gutter_size=\u00a0\u00bb4&Prime; column_width_percent=\u00a0\u00bb100&Prime; shift_y=\u00a0\u00bb0&Prime; z_index=\u00a0\u00bb0&Prime;][vc_column width=\u00a0\u00bb2\/3&Prime;][vc_custom_heading text_size=\u00a0\u00bb\u00a0\u00bb uncode_shortcode_id=\u00a0\u00bb148951&Prime;]Perforations[\/vc_custom_heading][vc_column_text uncode_shortcode_id=\u00a0\u00bb998447&Prime;]Les panneaux des plafonds suspendus peuvent [&hellip;]<\/p>\n","protected":false},"author":2,"featured_media":0,"parent":86533,"menu_order":0,"comment_status":"closed","ping_status":"closed","template":"","meta":{"footnotes":""},"class_list":["post-86847","page","type-page","status-publish","hentry"],"yoast_head":"<!-- This site is optimized with the Yoast SEO plugin v26.9 - https:\/\/yoast.com\/product\/yoast-seo-wordpress\/ -->\n<title>Perforations - TRE C<\/title>\n<meta name=\"description\" content=\"Faux plafond acoustique en t\u00f4le. Les panneaux des plafonds suspendus peuvent \u00eatre fournis en t\u00f4le pleine ou en t\u00f4le perfor\u00e9e.\" \/>\n<meta name=\"robots\" content=\"index, follow, max-snippet:-1, max-image-preview:large, max-video-preview:-1\" \/>\n<link rel=\"canonical\" href=\"https:\/\/trec.it\/fr\/systemes-faux-plafonds-metalliques\/plafond-acoustique-tole-perforee\/\" \/>\n<meta property=\"og:locale\" content=\"fr_FR\" \/>\n<meta property=\"og:type\" content=\"article\" \/>\n<meta property=\"og:title\" content=\"Perforations - TRE C\" \/>\n<meta property=\"og:description\" content=\"Faux plafond acoustique en t\u00f4le. Les panneaux des plafonds suspendus peuvent \u00eatre fournis en t\u00f4le pleine ou en t\u00f4le perfor\u00e9e.\" \/>\n<meta property=\"og:url\" content=\"https:\/\/trec.it\/fr\/systemes-faux-plafonds-metalliques\/plafond-acoustique-tole-perforee\/\" \/>\n<meta property=\"og:site_name\" content=\"TRE C\" \/>\n<meta property=\"article:modified_time\" content=\"2024-06-20T14:00:04+00:00\" \/>\n<meta name=\"twitter:card\" content=\"summary_large_image\" \/>\n<meta name=\"twitter:label1\" content=\"Dur\u00e9e de lecture estim\u00e9e\" \/>\n\t<meta name=\"twitter:data1\" content=\"3 minutes\" \/>\n<script type=\"application\/ld+json\" class=\"yoast-schema-graph\">{\"@context\":\"https:\/\/schema.org\",\"@graph\":[{\"@type\":\"WebPage\",\"@id\":\"https:\/\/trec.it\/fr\/systemes-faux-plafonds-metalliques\/plafond-acoustique-tole-perforee\/\",\"url\":\"https:\/\/trec.it\/fr\/systemes-faux-plafonds-metalliques\/plafond-acoustique-tole-perforee\/\",\"name\":\"Perforations - TRE C\",\"isPartOf\":{\"@id\":\"https:\/\/trec.it\/fr\/#website\"},\"datePublished\":\"2023-03-15T22:31:19+00:00\",\"dateModified\":\"2024-06-20T14:00:04+00:00\",\"description\":\"Faux plafond acoustique en t\u00f4le. Les panneaux des plafonds suspendus peuvent \u00eatre fournis en t\u00f4le pleine ou en t\u00f4le perfor\u00e9e.\",\"breadcrumb\":{\"@id\":\"https:\/\/trec.it\/fr\/systemes-faux-plafonds-metalliques\/plafond-acoustique-tole-perforee\/#breadcrumb\"},\"inLanguage\":\"fr-FR\",\"potentialAction\":[{\"@type\":\"ReadAction\",\"target\":[\"https:\/\/trec.it\/fr\/systemes-faux-plafonds-metalliques\/plafond-acoustique-tole-perforee\/\"]}]},{\"@type\":\"BreadcrumbList\",\"@id\":\"https:\/\/trec.it\/fr\/systemes-faux-plafonds-metalliques\/plafond-acoustique-tole-perforee\/#breadcrumb\",\"itemListElement\":[{\"@type\":\"ListItem\",\"position\":1,\"name\":\"Home\",\"item\":\"https:\/\/trec.it\/fr\/\"},{\"@type\":\"ListItem\",\"position\":2,\"name\":\"Syst\u00e8mes de plafonds suspendus\",\"item\":\"https:\/\/trec.it\/fr\/systemes-faux-plafonds-metalliques\/\"},{\"@type\":\"ListItem\",\"position\":3,\"name\":\"Perforations\"}]},{\"@type\":\"WebSite\",\"@id\":\"https:\/\/trec.it\/fr\/#website\",\"url\":\"https:\/\/trec.it\/fr\/\",\"name\":\"TRE C\",\"description\":\"Trec\",\"publisher\":{\"@id\":\"https:\/\/trec.it\/fr\/#organization\"},\"potentialAction\":[{\"@type\":\"SearchAction\",\"target\":{\"@type\":\"EntryPoint\",\"urlTemplate\":\"https:\/\/trec.it\/fr\/?s={search_term_string}\"},\"query-input\":{\"@type\":\"PropertyValueSpecification\",\"valueRequired\":true,\"valueName\":\"search_term_string\"}}],\"inLanguage\":\"fr-FR\"},{\"@type\":\"Organization\",\"@id\":\"https:\/\/trec.it\/fr\/#organization\",\"name\":\"TRE C\",\"url\":\"https:\/\/trec.it\/fr\/\",\"logo\":{\"@type\":\"ImageObject\",\"inLanguage\":\"fr-FR\",\"@id\":\"https:\/\/trec.it\/fr\/#\/schema\/logo\/image\/\",\"url\":\"https:\/\/www.trec.it\/wp-content\/uploads\/2020\/10\/trec-sas-logo-dark.png\",\"contentUrl\":\"https:\/\/www.trec.it\/wp-content\/uploads\/2020\/10\/trec-sas-logo-dark.png\",\"width\":300,\"height\":336,\"caption\":\"TRE C\"},\"image\":{\"@id\":\"https:\/\/trec.it\/fr\/#\/schema\/logo\/image\/\"}}]}<\/script>\n<!-- \/ Yoast SEO plugin. -->","yoast_head_json":{"title":"Perforations - TRE C","description":"Faux plafond acoustique en t\u00f4le. Les panneaux des plafonds suspendus peuvent \u00eatre fournis en t\u00f4le pleine ou en t\u00f4le perfor\u00e9e.","robots":{"index":"index","follow":"follow","max-snippet":"max-snippet:-1","max-image-preview":"max-image-preview:large","max-video-preview":"max-video-preview:-1"},"canonical":"https:\/\/trec.it\/fr\/systemes-faux-plafonds-metalliques\/plafond-acoustique-tole-perforee\/","og_locale":"fr_FR","og_type":"article","og_title":"Perforations - TRE C","og_description":"Faux plafond acoustique en t\u00f4le. Les panneaux des plafonds suspendus peuvent \u00eatre fournis en t\u00f4le pleine ou en t\u00f4le perfor\u00e9e.","og_url":"https:\/\/trec.it\/fr\/systemes-faux-plafonds-metalliques\/plafond-acoustique-tole-perforee\/","og_site_name":"TRE C","article_modified_time":"2024-06-20T14:00:04+00:00","twitter_card":"summary_large_image","twitter_misc":{"Dur\u00e9e de lecture estim\u00e9e":"3 minutes"},"schema":{"@context":"https:\/\/schema.org","@graph":[{"@type":"WebPage","@id":"https:\/\/trec.it\/fr\/systemes-faux-plafonds-metalliques\/plafond-acoustique-tole-perforee\/","url":"https:\/\/trec.it\/fr\/systemes-faux-plafonds-metalliques\/plafond-acoustique-tole-perforee\/","name":"Perforations - TRE C","isPartOf":{"@id":"https:\/\/trec.it\/fr\/#website"},"datePublished":"2023-03-15T22:31:19+00:00","dateModified":"2024-06-20T14:00:04+00:00","description":"Faux plafond acoustique en t\u00f4le. Les panneaux des plafonds suspendus peuvent \u00eatre fournis en t\u00f4le pleine ou en t\u00f4le perfor\u00e9e.","breadcrumb":{"@id":"https:\/\/trec.it\/fr\/systemes-faux-plafonds-metalliques\/plafond-acoustique-tole-perforee\/#breadcrumb"},"inLanguage":"fr-FR","potentialAction":[{"@type":"ReadAction","target":["https:\/\/trec.it\/fr\/systemes-faux-plafonds-metalliques\/plafond-acoustique-tole-perforee\/"]}]},{"@type":"BreadcrumbList","@id":"https:\/\/trec.it\/fr\/systemes-faux-plafonds-metalliques\/plafond-acoustique-tole-perforee\/#breadcrumb","itemListElement":[{"@type":"ListItem","position":1,"name":"Home","item":"https:\/\/trec.it\/fr\/"},{"@type":"ListItem","position":2,"name":"Syst\u00e8mes de plafonds suspendus","item":"https:\/\/trec.it\/fr\/systemes-faux-plafonds-metalliques\/"},{"@type":"ListItem","position":3,"name":"Perforations"}]},{"@type":"WebSite","@id":"https:\/\/trec.it\/fr\/#website","url":"https:\/\/trec.it\/fr\/","name":"TRE C","description":"Trec","publisher":{"@id":"https:\/\/trec.it\/fr\/#organization"},"potentialAction":[{"@type":"SearchAction","target":{"@type":"EntryPoint","urlTemplate":"https:\/\/trec.it\/fr\/?s={search_term_string}"},"query-input":{"@type":"PropertyValueSpecification","valueRequired":true,"valueName":"search_term_string"}}],"inLanguage":"fr-FR"},{"@type":"Organization","@id":"https:\/\/trec.it\/fr\/#organization","name":"TRE C","url":"https:\/\/trec.it\/fr\/","logo":{"@type":"ImageObject","inLanguage":"fr-FR","@id":"https:\/\/trec.it\/fr\/#\/schema\/logo\/image\/","url":"https:\/\/www.trec.it\/wp-content\/uploads\/2020\/10\/trec-sas-logo-dark.png","contentUrl":"https:\/\/www.trec.it\/wp-content\/uploads\/2020\/10\/trec-sas-logo-dark.png","width":300,"height":336,"caption":"TRE C"},"image":{"@id":"https:\/\/trec.it\/fr\/#\/schema\/logo\/image\/"}}]}},"_links":{"self":[{"href":"https:\/\/trec.it\/fr\/wp-json\/wp\/v2\/pages\/86847","targetHints":{"allow":["GET"]}}],"collection":[{"href":"https:\/\/trec.it\/fr\/wp-json\/wp\/v2\/pages"}],"about":[{"href":"https:\/\/trec.it\/fr\/wp-json\/wp\/v2\/types\/page"}],"author":[{"embeddable":true,"href":"https:\/\/trec.it\/fr\/wp-json\/wp\/v2\/users\/2"}],"replies":[{"embeddable":true,"href":"https:\/\/trec.it\/fr\/wp-json\/wp\/v2\/comments?post=86847"}],"version-history":[{"count":5,"href":"https:\/\/trec.it\/fr\/wp-json\/wp\/v2\/pages\/86847\/revisions"}],"predecessor-version":[{"id":88622,"href":"https:\/\/trec.it\/fr\/wp-json\/wp\/v2\/pages\/86847\/revisions\/88622"}],"up":[{"embeddable":true,"href":"https:\/\/trec.it\/fr\/wp-json\/wp\/v2\/pages\/86533"}],"wp:attachment":[{"href":"https:\/\/trec.it\/fr\/wp-json\/wp\/v2\/media?parent=86847"}],"curies":[{"name":"wp","href":"https:\/\/api.w.org\/{rel}","templated":true}]}}